{"id":2597,"date":"2017-09-12T15:57:58","date_gmt":"2017-09-12T14:57:58","guid":{"rendered":"https:\/\/www.wordpress-99157-664249.cloudwaysapps.com\/about-us\/history\/"},"modified":"2018-06-28T14:27:49","modified_gmt":"2018-06-28T13:27:49","slug":"historia","status":"publish","type":"page","link":"https:\/\/floor-dynamics.com\/es\/acerca-de-nosotros\/historia\/","title":{"rendered":"Historia"},"content":{"rendered":"<div id=\"pl-2597\"  class=\"panel-layout\" ><div id=\"pg-2597-0\"  class=\"panel-grid panel-no-style\" ><div id=\"pgc-2597-0-0\"  class=\"panel-grid-cell\" ><div id=\"panel-2597-0-0-0\" class=\"so-panel widget widget_sow-editor panel-first-child\" data-index=\"0\" ><div class=\"large-font-size panel-widget-style panel-widget-style-for-2597-0-0-0\" ><div\n\t\t\t\n\t\t\tclass=\"so-widget-sow-editor so-widget-sow-editor-base\"\n\t\t\t\n\t\t>\n<div class=\"siteorigin-widget-tinymce textwidget\">\n\t<p>Durante los a\u00f1os 80 del siglo pasado, la demanda de servicios globales de distribuci\u00f3n comenz\u00f3 a crecer de manera notable. Con ella aument\u00f3 la demanda de almacenes y centros de distribuci\u00f3n de gran tama\u00f1o en todo el mundo.<\/p>\n<\/div>\n<\/div><\/div><\/div><div id=\"panel-2597-0-0-1\" class=\"so-panel widget widget_sow-editor panel-last-child\" data-index=\"1\" ><div\n\t\t\t\n\t\t\tclass=\"so-widget-sow-editor so-widget-sow-editor-base\"\n\t\t\t\n\t\t>\n<div class=\"siteorigin-widget-tinymce textwidget\">\n\t<p>Esto, a su vez, impuls\u00f3 el surgimiento de dos nuevas industrias.  En primer lugar, los contratistas especializados en soleras industriales, con los conocimientos necesarios para crear suelos de hormig\u00f3n a gran escala.  En segundo lugar, los productos especializados para usar en esos pavimentos.<\/p>\n<p>\u00a0<\/p>\n<h5>PRODUCTOS PARA PAVIMENTOS INDUSTRIALES: RINOL, PERMABAN Y ROCLAND<\/h5>\n<p>Tres empresas con una visi\u00f3n de las oportunidades existentes fueron RINOL en Alemania, Permaban en el Reino Unido y Placeo en Francia, este \u00faltimo un contratista especializado en soleras con un departamento de fabricaci\u00f3n de productos. (Este departamento, posteriormente, se incorpor\u00f3 como una entidad independiente, RCR Production France, y hoy fabrica la marca ROCLAND).<\/p>\n<p>En 2006, los emprendedores gerentes de RINOL y Placeo vieron las ventajas de la colaboraci\u00f3n.  Juntos, lanzaron un nuevo nombre en el mundo de los pavimentos industriales. <a href=\"https:\/\/www.rcrindustrialflooring.es\/\" target=\"_blank\" rel=\"noopener\">RCR Industrial Flooring<\/a>\u00a0se fund\u00f3 con el deseo de aprovechar en todo el mundo la experiencia de destacadas marcas y lograr tan solo lo mejor. Son valores que todav\u00eda mantenemos en la actualidad.<\/p>\n<p>\u00a0<\/p>\n<h5>EL CRECIMIENTO INTERNACIONAL DE RCR<\/h5>\n<p>Las empresas de RCR han estado a la vanguardia de la tecnolog\u00eda de pavimentos industriales a medida que \u00e9sta ha crecido y se ha desarrollado a lo largo del tiempo. Ahora, con una facturaci\u00f3n anual superior a 160 millones de euros y 850 empleados en todo el mundo, RCR ha fortalecido su posici\u00f3n de forma consistente. Hoy RCR se siente orgullosa de ser la \u00fanica organizaci\u00f3n del mundo que ofrece un servicio completamente integrado para pavimentos industriales.<\/p>\n<p>La divisi\u00f3n RCR Flooring Products se estableci\u00f3 en 2013 como parte del esfuerzo continuo de desarrollo y racionalizaci\u00f3n del grupo, concibi\u00e9ndose con el fin de unir a todos sus fabricantes bajo un mismo nombre y establecer un mayor compromiso de colaboraci\u00f3n.<\/p>\n<p><a href=\"https:\/\/www.wordpress-99157-664249.cloudwaysapps.com\/es\/productos\/\">M\u00e1s acerca de nuestros productos<\/a><\/p>\n<\/div>\n<\/div><\/div><\/div><\/div><\/div>","protected":false},"excerpt":{"rendered":"<p>Durante los a\u00f1os 80 del siglo pasado, la demanda de servicios globales de distribuci\u00f3n comenz\u00f3 a crecer de manera notable. Con ella aument\u00f3 la demanda de almacenes y centros de distribuci\u00f3n de gran tama\u00f1o en todo el mundo. Esto, a&#8230;<\/p>\n","protected":false},"author":5,"featured_media":2226,"parent":2585,"menu_order":0,"comment_status":"closed","ping_status":"closed","template":"","meta":{"_acf_changed":false,"footnotes":""},"class_list":["post-2597","page","type-page","status-publish","has-post-thumbnail","hentry"],"acf":[],"yoast_head":"<!-- This site is optimized with the Yoast SEO plugin v27.3 - https:\/\/yoast.com\/product\/yoast-seo-wordpress\/ -->\n<title>Productos Para Pavimentos Industriales, Fabricantes de Pisos de Resina<\/title>\n<meta name=\"description\" content=\"En 2006, los emprendedores gerentes de RINOL y Placeo vieron las ventajas de la colaboraci\u00f3n. Juntos, lanzaron un nuevo nombre en el mundo de los pavimentos industriales - RCR Industrial Flooring\" \/>\n<meta name=\"robots\" content=\"index, follow, max-snippet:-1, max-image-preview:large, max-video-preview:-1\" \/>\n<link rel=\"canonical\" href=\"https:\/\/floor-dynamics.com\/es\/acerca-de-nosotros\/historia\/\" \/>\n<meta property=\"og:locale\" content=\"es_ES\" \/>\n<meta property=\"og:type\" content=\"article\" \/>\n<meta property=\"og:title\" content=\"Productos Para Pavimentos Industriales, Fabricantes de Pisos de Resina\" \/>\n<meta property=\"og:description\" content=\"En 2006, los emprendedores gerentes de RINOL y Placeo vieron las ventajas de la colaboraci\u00f3n. Juntos, lanzaron un nuevo nombre en el mundo de los pavimentos industriales - RCR Industrial Flooring\" \/>\n<meta property=\"og:url\" content=\"https:\/\/floor-dynamics.com\/es\/acerca-de-nosotros\/historia\/\" \/>\n<meta property=\"og:site_name\" content=\"Floor Dynamics\" \/>\n<meta property=\"article:modified_time\" content=\"2018-06-28T13:27:49+00:00\" \/>\n<meta property=\"og:image\" content=\"https:\/\/floor-dynamics.com\/wp-content\/uploads\/2017\/09\/SY9A8606-web.jpg\" \/>\n\t<meta property=\"og:image:width\" content=\"1024\" \/>\n\t<meta property=\"og:image:height\" content=\"683\" \/>\n\t<meta property=\"og:image:type\" content=\"image\/jpeg\" \/>\n<meta name=\"twitter:card\" content=\"summary_large_image\" \/>\n<meta name=\"twitter:label1\" content=\"Tiempo de lectura\" \/>\n\t<meta name=\"twitter:data1\" content=\"2 minutos\" \/>\n<script type=\"application\/ld+json\" class=\"yoast-schema-graph\">{\"@context\":\"https:\\\/\\\/schema.org\",\"@graph\":[{\"@type\":\"WebPage\",\"@id\":\"https:\\\/\\\/floor-dynamics.com\\\/es\\\/acerca-de-nosotros\\\/historia\\\/\",\"url\":\"https:\\\/\\\/floor-dynamics.com\\\/es\\\/acerca-de-nosotros\\\/historia\\\/\",\"name\":\"Productos Para Pavimentos Industriales, Fabricantes de Pisos de Resina\",\"isPartOf\":{\"@id\":\"https:\\\/\\\/floor-dynamics.com\\\/es\\\/#website\"},\"primaryImageOfPage\":{\"@id\":\"https:\\\/\\\/floor-dynamics.com\\\/es\\\/acerca-de-nosotros\\\/historia\\\/#primaryimage\"},\"image\":{\"@id\":\"https:\\\/\\\/floor-dynamics.com\\\/es\\\/acerca-de-nosotros\\\/historia\\\/#primaryimage\"},\"thumbnailUrl\":\"https:\\\/\\\/floor-dynamics.com\\\/wp-content\\\/uploads\\\/2017\\\/09\\\/SY9A8606-web.jpg\",\"datePublished\":\"2017-09-12T14:57:58+00:00\",\"dateModified\":\"2018-06-28T13:27:49+00:00\",\"description\":\"En 2006, los emprendedores gerentes de RINOL y Placeo vieron las ventajas de la colaboraci\u00f3n. Juntos, lanzaron un nuevo nombre en el mundo de los pavimentos industriales - RCR Industrial Flooring\",\"breadcrumb\":{\"@id\":\"https:\\\/\\\/floor-dynamics.com\\\/es\\\/acerca-de-nosotros\\\/historia\\\/#breadcrumb\"},\"inLanguage\":\"es\",\"potentialAction\":[{\"@type\":\"ReadAction\",\"target\":[\"https:\\\/\\\/floor-dynamics.com\\\/es\\\/acerca-de-nosotros\\\/historia\\\/\"]}]},{\"@type\":\"ImageObject\",\"inLanguage\":\"es\",\"@id\":\"https:\\\/\\\/floor-dynamics.com\\\/es\\\/acerca-de-nosotros\\\/historia\\\/#primaryimage\",\"url\":\"https:\\\/\\\/floor-dynamics.com\\\/wp-content\\\/uploads\\\/2017\\\/09\\\/SY9A8606-web.jpg\",\"contentUrl\":\"https:\\\/\\\/floor-dynamics.com\\\/wp-content\\\/uploads\\\/2017\\\/09\\\/SY9A8606-web.jpg\",\"width\":1024,\"height\":683},{\"@type\":\"BreadcrumbList\",\"@id\":\"https:\\\/\\\/floor-dynamics.com\\\/es\\\/acerca-de-nosotros\\\/historia\\\/#breadcrumb\",\"itemListElement\":[{\"@type\":\"ListItem\",\"position\":1,\"name\":\"Home\",\"item\":\"https:\\\/\\\/floor-dynamics.com\\\/es\\\/\"},{\"@type\":\"ListItem\",\"position\":2,\"name\":\"Acerca de nosotros\",\"item\":\"https:\\\/\\\/floor-dynamics.com\\\/es\\\/acerca-de-nosotros\\\/\"},{\"@type\":\"ListItem\",\"position\":3,\"name\":\"Historia\"}]},{\"@type\":\"WebSite\",\"@id\":\"https:\\\/\\\/floor-dynamics.com\\\/es\\\/#website\",\"url\":\"https:\\\/\\\/floor-dynamics.com\\\/es\\\/\",\"name\":\"Floor Dynamics\",\"description\":\"Understanding Floors. Optimising Logistics.\",\"potentialAction\":[{\"@type\":\"SearchAction\",\"target\":{\"@type\":\"EntryPoint\",\"urlTemplate\":\"https:\\\/\\\/floor-dynamics.com\\\/es\\\/?s={search_term_string}\"},\"query-input\":{\"@type\":\"PropertyValueSpecification\",\"valueRequired\":true,\"valueName\":\"search_term_string\"}}],\"inLanguage\":\"es\"}]}<\/script>\n<!-- \/ Yoast SEO plugin. -->","yoast_head_json":{"title":"Productos Para Pavimentos Industriales, Fabricantes de Pisos de Resina","description":"En 2006, los emprendedores gerentes de RINOL y Placeo vieron las ventajas de la colaboraci\u00f3n. Juntos, lanzaron un nuevo nombre en el mundo de los pavimentos industriales - RCR Industrial Flooring","robots":{"index":"index","follow":"follow","max-snippet":"max-snippet:-1","max-image-preview":"max-image-preview:large","max-video-preview":"max-video-preview:-1"},"canonical":"https:\/\/floor-dynamics.com\/es\/acerca-de-nosotros\/historia\/","og_locale":"es_ES","og_type":"article","og_title":"Productos Para Pavimentos Industriales, Fabricantes de Pisos de Resina","og_description":"En 2006, los emprendedores gerentes de RINOL y Placeo vieron las ventajas de la colaboraci\u00f3n. Juntos, lanzaron un nuevo nombre en el mundo de los pavimentos industriales - RCR Industrial Flooring","og_url":"https:\/\/floor-dynamics.com\/es\/acerca-de-nosotros\/historia\/","og_site_name":"Floor Dynamics","article_modified_time":"2018-06-28T13:27:49+00:00","og_image":[{"width":1024,"height":683,"url":"https:\/\/floor-dynamics.com\/wp-content\/uploads\/2017\/09\/SY9A8606-web.jpg","type":"image\/jpeg"}],"twitter_card":"summary_large_image","twitter_misc":{"Tiempo de lectura":"2 minutos"},"schema":{"@context":"https:\/\/schema.org","@graph":[{"@type":"WebPage","@id":"https:\/\/floor-dynamics.com\/es\/acerca-de-nosotros\/historia\/","url":"https:\/\/floor-dynamics.com\/es\/acerca-de-nosotros\/historia\/","name":"Productos Para Pavimentos Industriales, Fabricantes de Pisos de Resina","isPartOf":{"@id":"https:\/\/floor-dynamics.com\/es\/#website"},"primaryImageOfPage":{"@id":"https:\/\/floor-dynamics.com\/es\/acerca-de-nosotros\/historia\/#primaryimage"},"image":{"@id":"https:\/\/floor-dynamics.com\/es\/acerca-de-nosotros\/historia\/#primaryimage"},"thumbnailUrl":"https:\/\/floor-dynamics.com\/wp-content\/uploads\/2017\/09\/SY9A8606-web.jpg","datePublished":"2017-09-12T14:57:58+00:00","dateModified":"2018-06-28T13:27:49+00:00","description":"En 2006, los emprendedores gerentes de RINOL y Placeo vieron las ventajas de la colaboraci\u00f3n. Juntos, lanzaron un nuevo nombre en el mundo de los pavimentos industriales - RCR Industrial Flooring","breadcrumb":{"@id":"https:\/\/floor-dynamics.com\/es\/acerca-de-nosotros\/historia\/#breadcrumb"},"inLanguage":"es","potentialAction":[{"@type":"ReadAction","target":["https:\/\/floor-dynamics.com\/es\/acerca-de-nosotros\/historia\/"]}]},{"@type":"ImageObject","inLanguage":"es","@id":"https:\/\/floor-dynamics.com\/es\/acerca-de-nosotros\/historia\/#primaryimage","url":"https:\/\/floor-dynamics.com\/wp-content\/uploads\/2017\/09\/SY9A8606-web.jpg","contentUrl":"https:\/\/floor-dynamics.com\/wp-content\/uploads\/2017\/09\/SY9A8606-web.jpg","width":1024,"height":683},{"@type":"BreadcrumbList","@id":"https:\/\/floor-dynamics.com\/es\/acerca-de-nosotros\/historia\/#breadcrumb","itemListElement":[{"@type":"ListItem","position":1,"name":"Home","item":"https:\/\/floor-dynamics.com\/es\/"},{"@type":"ListItem","position":2,"name":"Acerca de nosotros","item":"https:\/\/floor-dynamics.com\/es\/acerca-de-nosotros\/"},{"@type":"ListItem","position":3,"name":"Historia"}]},{"@type":"WebSite","@id":"https:\/\/floor-dynamics.com\/es\/#website","url":"https:\/\/floor-dynamics.com\/es\/","name":"Floor Dynamics","description":"Understanding Floors. Optimising Logistics.","potentialAction":[{"@type":"SearchAction","target":{"@type":"EntryPoint","urlTemplate":"https:\/\/floor-dynamics.com\/es\/?s={search_term_string}"},"query-input":{"@type":"PropertyValueSpecification","valueRequired":true,"valueName":"search_term_string"}}],"inLanguage":"es"}]}},"_links":{"self":[{"href":"https:\/\/floor-dynamics.com\/es\/wp-json\/wp\/v2\/pages\/2597","targetHints":{"allow":["GET"]}}],"collection":[{"href":"https:\/\/floor-dynamics.com\/es\/wp-json\/wp\/v2\/pages"}],"about":[{"href":"https:\/\/floor-dynamics.com\/es\/wp-json\/wp\/v2\/types\/page"}],"author":[{"embeddable":true,"href":"https:\/\/floor-dynamics.com\/es\/wp-json\/wp\/v2\/users\/5"}],"replies":[{"embeddable":true,"href":"https:\/\/floor-dynamics.com\/es\/wp-json\/wp\/v2\/comments?post=2597"}],"version-history":[{"count":11,"href":"https:\/\/floor-dynamics.com\/es\/wp-json\/wp\/v2\/pages\/2597\/revisions"}],"predecessor-version":[{"id":3148,"href":"https:\/\/floor-dynamics.com\/es\/wp-json\/wp\/v2\/pages\/2597\/revisions\/3148"}],"up":[{"embeddable":true,"href":"https:\/\/floor-dynamics.com\/es\/wp-json\/wp\/v2\/pages\/2585"}],"wp:featuredmedia":[{"embeddable":true,"href":"https:\/\/floor-dynamics.com\/es\/wp-json\/wp\/v2\/media\/2226"}],"wp:attachment":[{"href":"https:\/\/floor-dynamics.com\/es\/wp-json\/wp\/v2\/media?parent=2597"}],"curies":[{"name":"wp","href":"https:\/\/api.w.org\/{rel}","templated":true}]}}