{"id":2603,"date":"2017-09-12T15:59:15","date_gmt":"2017-09-12T14:59:15","guid":{"rendered":"https:\/\/www.wordpress-99157-664249.cloudwaysapps.com\/about-us\/quality-environmental-management\/"},"modified":"2018-06-29T11:48:05","modified_gmt":"2018-06-29T10:48:05","slug":"gestion-medioambiental-y-de-la-calidad","status":"publish","type":"page","link":"https:\/\/floor-dynamics.com\/es\/acerca-de-nosotros\/gestion-medioambiental-y-de-la-calidad\/","title":{"rendered":"Gesti\u00f3n medioambiental y de la calidad"},"content":{"rendered":"<div id=\"pl-2603\"  class=\"panel-layout\" ><div id=\"pg-2603-0\"  class=\"panel-grid panel-has-style\" ><div class=\"large-font-size panel-row-style panel-row-style-for-2603-0\" ><div id=\"pgc-2603-0-0\"  class=\"panel-grid-cell\" ><div id=\"panel-2603-0-0-0\" class=\"so-panel widget widget_sow-editor panel-first-child panel-last-child\" data-index=\"0\" ><div\n\t\t\t\n\t\t\tclass=\"so-widget-sow-editor so-widget-sow-editor-base\"\n\t\t\t\n\t\t>\n<div class=\"siteorigin-widget-tinymce textwidget\">\n\t<p>Creemos en poner de nuestra parte para ayudar a los clientes a reducir los residuos, conservar energ\u00eda y crear construcciones sostenibles.<\/p>\n<\/div>\n<\/div><\/div><\/div><\/div><\/div><div id=\"pg-2603-1\"  class=\"panel-grid panel-no-style\" ><div id=\"pgc-2603-1-0\"  class=\"panel-grid-cell\" ><div id=\"panel-2603-1-0-0\" class=\"so-panel widget widget_sow-editor panel-first-child panel-last-child\" data-index=\"1\" ><div\n\t\t\t\n\t\t\tclass=\"so-widget-sow-editor so-widget-sow-editor-base\"\n\t\t\t\n\t\t>\n<div class=\"siteorigin-widget-tinymce textwidget\">\n\t<p>Como miembros del grupo RCR Industrial Flooring, tenemos el compromiso de operar de acuerdo con los m\u00e1ximos est\u00e1ndares de calidad, medioambiente, y seguridad y salud aplicables en el pa\u00eds de fabricaci\u00f3n.<\/p>\n<p>En Espa\u00f1a, nuestra planta de fabricaci\u00f3n cuenta con las certificaciones ISO 9001 e ISO 14001, siendo, de hecho, la primera empresa del mundo en obtener la certificaci\u00f3n para la nueva norma ISO 9001:2015.<\/p>\n<p>Nuestra planta de fabricaci\u00f3n en el Reino Unido posee <a href=\"https:\/\/www.wordpress-99157-664249.cloudwaysapps.com\/wp-content\/uploads\/2018\/02\/RCR-Flooring-Products-Ltd-ISO-9001_2015-Certificate-of-Registration-FM-532835.pdf\" target=\"_blank\" rel=\"noopener\">la certificaci\u00f3n en gesti\u00f3n de la calidad ISO 9001:2015<\/a>, <a href=\"https:\/\/www.wordpress-99157-664249.cloudwaysapps.com\/wp-content\/uploads\/2017\/09\/ISO-14001-2015-Certificate-of-Registration-EMS-665888.pdf\" target=\"_blank\" rel=\"noopener\">la certificaci\u00f3n ISO 14001:2015 en gesti\u00f3n medioambiental<\/a> y <a href=\"https:\/\/www.wordpress-99157-664249.cloudwaysapps.com\/wp-content\/uploads\/2018\/02\/RCR-Flooring-Products-Ltd-OHSAS-18001_2017-Cetificate-of-Registration-OHS-665889.pdf\" target=\"_blank\" rel=\"noopener\">la certificaci\u00f3n en gesti\u00f3n de la seguridad y salud OHSAS 18001:2007<\/a>. Ha sido adem\u00e1s galardonada con el Premio a la Salud y el Bienestar que otorga la organizaci\u00f3n Investors in People.<\/p>\n<p>Nuestro centro de producci\u00f3n en Francia tambi\u00e9n posee la certificaci\u00f3n\u00a0<a href=\"https:\/\/www.wordpress-99157-664249.cloudwaysapps.com\/wp-content\/uploads\/2017\/09\/FM_670616_EN.pdf\" target=\"_blank\" rel=\"noopener\">ISO 9001:2015<\/a>.<\/p>\n<p>Varios de nuestros productos, como nuestros endurecedores de superficie de polvo en seco, cuentan adem\u00e1s con la certificaci\u00f3n LEED, haciendo gala de sus credenciales medioambientales.<\/p>\n<p>Todos los productos RCR cumplen con el Reglamento (UE) n.\u00ba 305\/2011 sobre productos de construcci\u00f3n y disponen del correspondiente marcado CE.<\/p>\n<p><a href=\"https:\/\/www.wordpress-99157-664249.cloudwaysapps.com\/es\/productos\/\">Descubra m\u00e1s acerca de nuestros productos.<\/a><\/p>\n<\/div>\n<\/div><\/div><\/div><\/div><div id=\"pg-2603-2\"  class=\"panel-grid panel-no-style\" ><div id=\"pgc-2603-2-0\"  class=\"panel-grid-cell\" ><div id=\"panel-2603-2-0-0\" class=\"so-panel widget widget_sow-image panel-first-child\" data-index=\"2\" ><div class=\"panel-widget-style panel-widget-style-for-2603-2-0-0\" ><div\n\t\t\t\n\t\t\tclass=\"so-widget-sow-image so-widget-sow-image-default-8b5b6f678277-2603\"\n\t\t\t\n\t\t>\n<div class=\"sow-image-container\">\n\t\t\t<a href=\"https:\/\/www.wordpress-99157-664249.cloudwaysapps.com\/wp-content\/uploads\/2017\/09\/FM_670616_EN.pdf\"\n\t\t\ttarget=\"_blank\" rel=\"noopener noreferrer\" \t\t>\n\t\t\t<img \n\tsrc=\"https:\/\/floor-dynamics.com\/wp-content\/uploads\/2017\/09\/ISO-9001-2015-english-thumbnail.jpg\" width=\"150\" height=\"212\" sizes=\"(max-width: 150px) 100vw, 150px\" alt=\"\" \t\tclass=\"so-widget-image\"\/>\n\t\t\t<\/a><\/div>\n\n<\/div><\/div><\/div><div id=\"panel-2603-2-0-1\" class=\"so-panel widget widget_sow-editor panel-last-child\" data-index=\"3\" ><div\n\t\t\t\n\t\t\tclass=\"so-widget-sow-editor so-widget-sow-editor-base\"\n\t\t\t\n\t\t>\n<div class=\"siteorigin-widget-tinymce textwidget\">\n\t<p><a href=\"https:\/\/www.wordpress-99157-664249.cloudwaysapps.com\/wp-content\/uploads\/2017\/09\/FM_670616_EN.pdf\" target=\"_blank\" rel=\"noopener\">ISO 9001:2015<\/a><br \/>\n(Versi\u00f3n en ingl\u00e9s)<\/p>\n<p>RCR Production France<br \/>\n63 Rue Lauriers<br \/>\nLa Baume d-Hostun<br \/>\n26730<br \/>\nFrance<\/p>\n<\/div>\n<\/div><\/div><\/div><div id=\"pgc-2603-2-1\"  class=\"panel-grid-cell\" ><div id=\"panel-2603-2-1-0\" class=\"so-panel widget widget_sow-image panel-first-child\" data-index=\"4\" ><div class=\"panel-widget-style panel-widget-style-for-2603-2-1-0\" ><div\n\t\t\t\n\t\t\tclass=\"so-widget-sow-image so-widget-sow-image-default-8b5b6f678277-2603\"\n\t\t\t\n\t\t>\n<div class=\"sow-image-container\">\n\t\t\t<a href=\"https:\/\/www.wordpress-99157-664249.cloudwaysapps.com\/wp-content\/uploads\/2017\/09\/FM_670616_FR.pdf\"\n\t\t\ttarget=\"_blank\" rel=\"noopener noreferrer\" \t\t>\n\t\t\t<img \n\tsrc=\"https:\/\/floor-dynamics.com\/wp-content\/uploads\/2017\/09\/FM_670616_FR-thumbnail.jpg\" width=\"150\" height=\"212\" sizes=\"(max-width: 150px) 100vw, 150px\" alt=\"\" \t\tclass=\"so-widget-image\"\/>\n\t\t\t<\/a><\/div>\n\n<\/div><\/div><\/div><div id=\"panel-2603-2-1-1\" class=\"so-panel widget widget_sow-editor panel-last-child\" data-index=\"5\" ><div\n\t\t\t\n\t\t\tclass=\"so-widget-sow-editor so-widget-sow-editor-base\"\n\t\t\t\n\t\t>\n<div class=\"siteorigin-widget-tinymce textwidget\">\n\t<p><a href=\"https:\/\/www.wordpress-99157-664249.cloudwaysapps.com\/wp-content\/uploads\/2017\/09\/FM_670616_FR.pdf\" target=\"_blank\" rel=\"noopener\">ISO 9001:2015<\/a><br \/>\n(Versi\u00f3n en franc\u00e9s)<\/p>\n<p>RCR Production France<br \/>\n63 Rue Lauriers<br \/>\nLa Baume d-Hostun<br \/>\n26730<br \/>\nFrance<\/p>\n<\/div>\n<\/div><\/div><\/div><div id=\"pgc-2603-2-2\"  class=\"panel-grid-cell\" ><div id=\"panel-2603-2-2-0\" class=\"so-panel widget widget_sow-image panel-first-child\" data-index=\"6\" ><div class=\"panel-widget-style panel-widget-style-for-2603-2-2-0\" ><div\n\t\t\t\n\t\t\tclass=\"so-widget-sow-image so-widget-sow-image-default-8b5b6f678277-2603\"\n\t\t\t\n\t\t>\n<div class=\"sow-image-container\">\n\t\t\t<a href=\"https:\/\/www.wordpress-99157-664249.cloudwaysapps.com\/wp-content\/uploads\/2018\/02\/RCR-Flooring-Products-Ltd-ISO-9001_2015-Certificate-of-Registration-FM-532835.pdf\"\n\t\t\ttarget=\"_blank\" rel=\"noopener noreferrer\" \t\t>\n\t\t\t<img \n\tsrc=\"https:\/\/floor-dynamics.com\/wp-content\/uploads\/2018\/02\/ISO-9001-2015-e1517953967610.jpg\" width=\"153\" height=\"212\" sizes=\"(max-width: 153px) 100vw, 153px\" title=\"ISO 9001 2015\" alt=\"\" \t\tclass=\"so-widget-image\"\/>\n\t\t\t<\/a><\/div>\n\n<\/div><\/div><\/div><div id=\"panel-2603-2-2-1\" class=\"so-panel widget widget_sow-editor panel-last-child\" data-index=\"7\" ><div\n\t\t\t\n\t\t\tclass=\"so-widget-sow-editor so-widget-sow-editor-base\"\n\t\t\t\n\t\t>\n<div class=\"siteorigin-widget-tinymce textwidget\">\n\t<p><a href=\"https:\/\/www.wordpress-99157-664249.cloudwaysapps.com\/wp-content\/uploads\/2018\/02\/RCR-Flooring-Products-Ltd-ISO-9001_2015-Certificate-of-Registration-FM-532835.pdf\" target=\"_blank\" rel=\"noopener\">ISO 9001:2015 Certificado<\/a><\/p>\n<p>RCR Flooring Products Ltd<br \/>\nMill Close<br \/>\nLee Mill Industrial Estate<br \/>\nIvybridge<br \/>\nPL21 9GL<br \/>\nUnited Kingdom<\/p>\n<\/div>\n<\/div><\/div><\/div><div id=\"pgc-2603-2-3\"  class=\"panel-grid-cell\" ><div id=\"panel-2603-2-3-0\" class=\"so-panel widget widget_sow-image panel-first-child\" data-index=\"8\" ><div class=\"panel-widget-style panel-widget-style-for-2603-2-3-0\" ><div\n\t\t\t\n\t\t\tclass=\"so-widget-sow-image so-widget-sow-image-default-8b5b6f678277-2603\"\n\t\t\t\n\t\t>\n<div class=\"sow-image-container\">\n\t\t\t<a href=\"https:\/\/www.wordpress-99157-664249.cloudwaysapps.com\/wp-content\/uploads\/2017\/09\/ISO-14001-2015-Certificate-of-Registration-EMS-665888.pdf\"\n\t\t\ttarget=\"_blank\" rel=\"noopener noreferrer\" \t\t>\n\t\t\t<img \n\tsrc=\"https:\/\/floor-dynamics.com\/wp-content\/uploads\/2017\/09\/ISO-9001-2015-english-thumbnail.jpg\" width=\"150\" height=\"212\" sizes=\"(max-width: 150px) 100vw, 150px\" alt=\"\" \t\tclass=\"so-widget-image\"\/>\n\t\t\t<\/a><\/div>\n\n<\/div><\/div><\/div><div id=\"panel-2603-2-3-1\" class=\"so-panel widget widget_sow-editor panel-last-child\" data-index=\"9\" ><div\n\t\t\t\n\t\t\tclass=\"so-widget-sow-editor so-widget-sow-editor-base\"\n\t\t\t\n\t\t>\n<div class=\"siteorigin-widget-tinymce textwidget\">\n\t<p><a href=\"https:\/\/www.wordpress-99157-664249.cloudwaysapps.com\/wp-content\/uploads\/2017\/09\/ISO-14001-2015-Certificate-of-Registration-EMS-665888.pdf\" target=\"_blank\" rel=\"noopener\">ISO 14001:2015 Certificado<\/a><\/p>\n<p>RCR Flooring Products Ltd<br \/>\nMill Close<br \/>\nLee Mill Industrial Estate<br \/>\nIvybridge<br \/>\nPL21 9GL<br \/>\nUnited Kingdom<\/p>\n<\/div>\n<\/div><\/div><\/div><\/div><div id=\"pg-2603-3\"  class=\"panel-grid panel-no-style\" ><div id=\"pgc-2603-3-0\"  class=\"panel-grid-cell\" ><div id=\"panel-2603-3-0-0\" class=\"so-panel widget widget_sow-image panel-first-child\" data-index=\"10\" ><div class=\"panel-widget-style panel-widget-style-for-2603-3-0-0\" ><div\n\t\t\t\n\t\t\tclass=\"so-widget-sow-image so-widget-sow-image-default-8b5b6f678277-2603\"\n\t\t\t\n\t\t>\n<div class=\"sow-image-container\">\n\t\t\t<a href=\"https:\/\/www.wordpress-99157-664249.cloudwaysapps.com\/wp-content\/uploads\/2018\/02\/RCR-Flooring-Products-Ltd-OHSAS-18001_2017-Cetificate-of-Registration-OHS-665889.pdf\"\n\t\t\ttarget=\"_blank\" rel=\"noopener noreferrer\" \t\t>\n\t\t\t<img \n\tsrc=\"https:\/\/floor-dynamics.com\/wp-content\/uploads\/2018\/02\/OHSAS-18001-2007-e1517953978561.jpg\" width=\"150\" height=\"212\" sizes=\"(max-width: 150px) 100vw, 150px\" title=\"OHSAS 18001 2007\" alt=\"\" \t\tclass=\"so-widget-image\"\/>\n\t\t\t<\/a><\/div>\n\n<\/div><\/div><\/div><div id=\"panel-2603-3-0-1\" class=\"so-panel widget widget_sow-editor panel-last-child\" data-index=\"11\" ><div\n\t\t\t\n\t\t\tclass=\"so-widget-sow-editor so-widget-sow-editor-base\"\n\t\t\t\n\t\t>\n<div class=\"siteorigin-widget-tinymce textwidget\">\n\t<p><a href=\"https:\/\/www.wordpress-99157-664249.cloudwaysapps.com\/wp-content\/uploads\/2018\/02\/RCR-Flooring-Products-Ltd-OHSAS-18001_2017-Cetificate-of-Registration-OHS-665889.pdf\" target=\"_blank\" rel=\"noopener\">OHSAS 18001:2007 certificado<\/a><\/p>\n<p>RCR Flooring Products Ltd<br \/>\nMill Close<br \/>\nLee Mill Industrial Estate<br \/>\nDevon<br \/>\nPL21 9GL<br \/>\nUK<\/p>\n<\/div>\n<\/div><\/div><\/div><div id=\"pgc-2603-3-1\"  class=\"panel-grid-cell\" ><div id=\"panel-2603-3-1-0\" class=\"so-panel widget widget_sow-image panel-first-child\" data-index=\"12\" ><div class=\"panel-widget-style panel-widget-style-for-2603-3-1-0\" ><div\n\t\t\t\n\t\t\tclass=\"so-widget-sow-image so-widget-sow-image-default-8b5b6f678277-2603\"\n\t\t\t\n\t\t>\n<div class=\"sow-image-container\">\n\t\t\t<a href=\"https:\/\/www.wordpress-99157-664249.cloudwaysapps.com\/wp-content\/uploads\/2018\/02\/Certificate-of-Conformity-Factory-Production-Control-Rinol-Rocland-Spain-11245-01-18-Rinol-Rocland.pdf\"\n\t\t\ttarget=\"_blank\" rel=\"noopener noreferrer\" \t\t>\n\t\t\t<img \n\tsrc=\"https:\/\/floor-dynamics.com\/wp-content\/uploads\/2018\/02\/CofC-RRRT-e1517953953311.jpg\" width=\"151\" height=\"212\" sizes=\"(max-width: 151px) 100vw, 151px\" title=\"CofC RRR&#038;T\" alt=\"\" \t\tclass=\"so-widget-image\"\/>\n\t\t\t<\/a><\/div>\n\n<\/div><\/div><\/div><div id=\"panel-2603-3-1-1\" class=\"so-panel widget widget_sow-editor panel-last-child\" data-index=\"13\" ><div\n\t\t\t\n\t\t\tclass=\"so-widget-sow-editor so-widget-sow-editor-base\"\n\t\t\t\n\t\t>\n<div class=\"siteorigin-widget-tinymce textwidget\">\n\t<p><a href=\"https:\/\/www.wordpress-99157-664249.cloudwaysapps.com\/wp-content\/uploads\/2018\/02\/Certificate-of-Conformity-Factory-Production-Control-Rinol-Rocland-Spain-11245-01-18-Rinol-Rocland.pdf\" target=\"_blank\" rel=\"noopener\">Certificado de conformidad - Control de la producci\u00f3n en la f\u00e1brica - Rinol Rocland Spain<\/a><\/p>\n<p>RINOL ROCLAND R&amp;T<br \/>\nc\/La Marga<br \/>\ns\/n Poligono Industrial Nuestra Se\u00f1ora del Rosario. 45224<br \/>\nSESE\u00d1A NUEVO (Toledo)<br \/>\nSpain<\/p>\n<\/div>\n<\/div><\/div><\/div><div id=\"pgc-2603-3-2\"  class=\"panel-grid-cell panel-grid-cell-mobile-last\" ><div id=\"panel-2603-3-2-0\" class=\"so-panel widget widget_sow-image panel-first-child\" data-index=\"14\" ><div class=\"panel-widget-style panel-widget-style-for-2603-3-2-0\" ><div\n\t\t\t\n\t\t\tclass=\"so-widget-sow-image so-widget-sow-image-default-8b5b6f678277-2603\"\n\t\t\t\n\t\t>\n<div class=\"sow-image-container\">\n\t\t\t<a href=\"https:\/\/www.wordpress-99157-664249.cloudwaysapps.com\/wp-content\/uploads\/2018\/02\/Certificate-of-Conforming-Factory-Production-Control-RCR-Production-France-11246-02-18-RCR-Production-Fr.pdf\"\n\t\t\ttarget=\"_blank\" rel=\"noopener noreferrer\" \t\t>\n\t\t\t<img \n\tsrc=\"https:\/\/floor-dynamics.com\/wp-content\/uploads\/2018\/02\/CofC-RCR-Prod-Fr-e1517953933470.jpg\" width=\"151\" height=\"212\" sizes=\"(max-width: 151px) 100vw, 151px\" title=\"CofC RCR Prod Fr\" alt=\"\" \t\tclass=\"so-widget-image\"\/>\n\t\t\t<\/a><\/div>\n\n<\/div><\/div><\/div><div id=\"panel-2603-3-2-1\" class=\"so-panel widget widget_sow-editor panel-last-child\" data-index=\"15\" ><div\n\t\t\t\n\t\t\tclass=\"so-widget-sow-editor so-widget-sow-editor-base\"\n\t\t\t\n\t\t>\n<div class=\"siteorigin-widget-tinymce textwidget\">\n\t<p><a href=\"https:\/\/www.wordpress-99157-664249.cloudwaysapps.com\/wp-content\/uploads\/2018\/02\/Certificate-of-Conforming-Factory-Production-Control-RCR-Production-France-11246-02-18-RCR-Production-Fr.pdf\" target=\"_blank\" rel=\"noopener\">Certificado de conformidad, Control de la producci\u00f3n en la f\u00e1brica, RCR Production France<\/a><\/p>\n<p>RCR Production France<br \/>\nZA Les Monts du Matin<br \/>\nRue des Lauriers<br \/>\nF-26730<br \/>\nLA BAUME D\u2019HOSTUN<br \/>\nFrance<\/p>\n<\/div>\n<\/div><\/div><\/div><div id=\"pgc-2603-3-3\"  class=\"panel-grid-cell panel-grid-cell-empty\" ><\/div><\/div><\/div>","protected":false},"excerpt":{"rendered":"<p>Creemos en poner de nuestra parte para ayudar a los clientes a reducir los residuos, conservar energ\u00eda y crear construcciones sostenibles. Como miembros del grupo RCR Industrial Flooring, tenemos el compromiso de operar de acuerdo con los m\u00e1ximos est\u00e1ndares de&#8230;<\/p>\n","protected":false},"author":5,"featured_media":2382,"parent":2585,"menu_order":0,"comment_status":"closed","ping_status":"closed","template":"","meta":{"_acf_changed":false,"footnotes":""},"class_list":["post-2603","page","type-page","status-publish","has-post-thumbnail","hentry"],"acf":[],"yoast_head":"<!-- This site is optimized with the Yoast SEO plugin v27.1.1 - https:\/\/yoast.com\/product\/yoast-seo-wordpress\/ -->\n<title>Gesti\u00f3n Medioambiental y de la Calidad | RCR Flooring Products<\/title>\n<meta name=\"description\" content=\"RCR Flooring Products es el especialista internacional en productos para pavimentos industriales. Creemos en poner de nuestra parte para ayudar a los clientes a reducir los residuos, conservar energ\u00eda y crear construcciones sostenibles.\" \/>\n<meta name=\"robots\" content=\"index, follow, max-snippet:-1, max-image-preview:large, max-video-preview:-1\" \/>\n<link rel=\"canonical\" href=\"https:\/\/floor-dynamics.com\/es\/acerca-de-nosotros\/gestion-medioambiental-y-de-la-calidad\/\" \/>\n<meta property=\"og:locale\" content=\"es_ES\" \/>\n<meta property=\"og:type\" content=\"article\" \/>\n<meta property=\"og:title\" content=\"Gesti\u00f3n Medioambiental y de la Calidad | RCR Flooring Products\" \/>\n<meta property=\"og:description\" content=\"RCR Flooring Products es el especialista internacional en productos para pavimentos industriales. Creemos en poner de nuestra parte para ayudar a los clientes a reducir los residuos, conservar energ\u00eda y crear construcciones sostenibles.\" \/>\n<meta property=\"og:url\" content=\"https:\/\/floor-dynamics.com\/es\/acerca-de-nosotros\/gestion-medioambiental-y-de-la-calidad\/\" \/>\n<meta property=\"og:site_name\" content=\"Floor Dynamics\" \/>\n<meta property=\"article:modified_time\" content=\"2018-06-29T10:48:05+00:00\" \/>\n<meta property=\"og:image\" content=\"https:\/\/floor-dynamics.com\/wp-content\/uploads\/2017\/09\/05.jpg\" \/>\n\t<meta property=\"og:image:width\" content=\"1920\" \/>\n\t<meta property=\"og:image:height\" content=\"535\" \/>\n\t<meta property=\"og:image:type\" content=\"image\/jpeg\" \/>\n<meta name=\"twitter:card\" content=\"summary_large_image\" \/>\n<meta name=\"twitter:label1\" content=\"Tiempo de lectura\" \/>\n\t<meta name=\"twitter:data1\" content=\"2 minutos\" \/>\n<script type=\"application\/ld+json\" class=\"yoast-schema-graph\">{\"@context\":\"https:\/\/schema.org\",\"@graph\":[{\"@type\":\"WebPage\",\"@id\":\"https:\/\/floor-dynamics.com\/es\/acerca-de-nosotros\/gestion-medioambiental-y-de-la-calidad\/\",\"url\":\"https:\/\/floor-dynamics.com\/es\/acerca-de-nosotros\/gestion-medioambiental-y-de-la-calidad\/\",\"name\":\"Gesti\u00f3n Medioambiental y de la Calidad | RCR Flooring Products\",\"isPartOf\":{\"@id\":\"https:\/\/floor-dynamics.com\/es\/#website\"},\"primaryImageOfPage\":{\"@id\":\"https:\/\/floor-dynamics.com\/es\/acerca-de-nosotros\/gestion-medioambiental-y-de-la-calidad\/#primaryimage\"},\"image\":{\"@id\":\"https:\/\/floor-dynamics.com\/es\/acerca-de-nosotros\/gestion-medioambiental-y-de-la-calidad\/#primaryimage\"},\"thumbnailUrl\":\"https:\/\/floor-dynamics.com\/wp-content\/uploads\/2017\/09\/05.jpg\",\"datePublished\":\"2017-09-12T14:59:15+00:00\",\"dateModified\":\"2018-06-29T10:48:05+00:00\",\"description\":\"RCR Flooring Products es el especialista internacional en productos para pavimentos industriales. Creemos en poner de nuestra parte para ayudar a los clientes a reducir los residuos, conservar energ\u00eda y crear construcciones sostenibles.\",\"breadcrumb\":{\"@id\":\"https:\/\/floor-dynamics.com\/es\/acerca-de-nosotros\/gestion-medioambiental-y-de-la-calidad\/#breadcrumb\"},\"inLanguage\":\"es\",\"potentialAction\":[{\"@type\":\"ReadAction\",\"target\":[\"https:\/\/floor-dynamics.com\/es\/acerca-de-nosotros\/gestion-medioambiental-y-de-la-calidad\/\"]}]},{\"@type\":\"ImageObject\",\"inLanguage\":\"es\",\"@id\":\"https:\/\/floor-dynamics.com\/es\/acerca-de-nosotros\/gestion-medioambiental-y-de-la-calidad\/#primaryimage\",\"url\":\"https:\/\/floor-dynamics.com\/wp-content\/uploads\/2017\/09\/05.jpg\",\"contentUrl\":\"https:\/\/floor-dynamics.com\/wp-content\/uploads\/2017\/09\/05.jpg\",\"width\":1920,\"height\":535},{\"@type\":\"BreadcrumbList\",\"@id\":\"https:\/\/floor-dynamics.com\/es\/acerca-de-nosotros\/gestion-medioambiental-y-de-la-calidad\/#breadcrumb\",\"itemListElement\":[{\"@type\":\"ListItem\",\"position\":1,\"name\":\"Home\",\"item\":\"https:\/\/floor-dynamics.com\/es\/\"},{\"@type\":\"ListItem\",\"position\":2,\"name\":\"Acerca de nosotros\",\"item\":\"https:\/\/floor-dynamics.com\/es\/acerca-de-nosotros\/\"},{\"@type\":\"ListItem\",\"position\":3,\"name\":\"Gesti\u00f3n medioambiental y de la calidad\"}]},{\"@type\":\"WebSite\",\"@id\":\"https:\/\/floor-dynamics.com\/es\/#website\",\"url\":\"https:\/\/floor-dynamics.com\/es\/\",\"name\":\"Floor Dynamics\",\"description\":\"Understanding Floors. Optimising Logistics.\",\"potentialAction\":[{\"@type\":\"SearchAction\",\"target\":{\"@type\":\"EntryPoint\",\"urlTemplate\":\"https:\/\/floor-dynamics.com\/es\/?s={search_term_string}\"},\"query-input\":{\"@type\":\"PropertyValueSpecification\",\"valueRequired\":true,\"valueName\":\"search_term_string\"}}],\"inLanguage\":\"es\"}]}<\/script>\n<!-- \/ Yoast SEO plugin. -->","yoast_head_json":{"title":"Gesti\u00f3n Medioambiental y de la Calidad | RCR Flooring Products","description":"RCR Flooring Products es el especialista internacional en productos para pavimentos industriales. Creemos en poner de nuestra parte para ayudar a los clientes a reducir los residuos, conservar energ\u00eda y crear construcciones sostenibles.","robots":{"index":"index","follow":"follow","max-snippet":"max-snippet:-1","max-image-preview":"max-image-preview:large","max-video-preview":"max-video-preview:-1"},"canonical":"https:\/\/floor-dynamics.com\/es\/acerca-de-nosotros\/gestion-medioambiental-y-de-la-calidad\/","og_locale":"es_ES","og_type":"article","og_title":"Gesti\u00f3n Medioambiental y de la Calidad | RCR Flooring Products","og_description":"RCR Flooring Products es el especialista internacional en productos para pavimentos industriales. Creemos en poner de nuestra parte para ayudar a los clientes a reducir los residuos, conservar energ\u00eda y crear construcciones sostenibles.","og_url":"https:\/\/floor-dynamics.com\/es\/acerca-de-nosotros\/gestion-medioambiental-y-de-la-calidad\/","og_site_name":"Floor Dynamics","article_modified_time":"2018-06-29T10:48:05+00:00","og_image":[{"width":1920,"height":535,"url":"https:\/\/floor-dynamics.com\/wp-content\/uploads\/2017\/09\/05.jpg","type":"image\/jpeg"}],"twitter_card":"summary_large_image","twitter_misc":{"Tiempo de lectura":"2 minutos"},"schema":{"@context":"https:\/\/schema.org","@graph":[{"@type":"WebPage","@id":"https:\/\/floor-dynamics.com\/es\/acerca-de-nosotros\/gestion-medioambiental-y-de-la-calidad\/","url":"https:\/\/floor-dynamics.com\/es\/acerca-de-nosotros\/gestion-medioambiental-y-de-la-calidad\/","name":"Gesti\u00f3n Medioambiental y de la Calidad | RCR Flooring Products","isPartOf":{"@id":"https:\/\/floor-dynamics.com\/es\/#website"},"primaryImageOfPage":{"@id":"https:\/\/floor-dynamics.com\/es\/acerca-de-nosotros\/gestion-medioambiental-y-de-la-calidad\/#primaryimage"},"image":{"@id":"https:\/\/floor-dynamics.com\/es\/acerca-de-nosotros\/gestion-medioambiental-y-de-la-calidad\/#primaryimage"},"thumbnailUrl":"https:\/\/floor-dynamics.com\/wp-content\/uploads\/2017\/09\/05.jpg","datePublished":"2017-09-12T14:59:15+00:00","dateModified":"2018-06-29T10:48:05+00:00","description":"RCR Flooring Products es el especialista internacional en productos para pavimentos industriales. Creemos en poner de nuestra parte para ayudar a los clientes a reducir los residuos, conservar energ\u00eda y crear construcciones sostenibles.","breadcrumb":{"@id":"https:\/\/floor-dynamics.com\/es\/acerca-de-nosotros\/gestion-medioambiental-y-de-la-calidad\/#breadcrumb"},"inLanguage":"es","potentialAction":[{"@type":"ReadAction","target":["https:\/\/floor-dynamics.com\/es\/acerca-de-nosotros\/gestion-medioambiental-y-de-la-calidad\/"]}]},{"@type":"ImageObject","inLanguage":"es","@id":"https:\/\/floor-dynamics.com\/es\/acerca-de-nosotros\/gestion-medioambiental-y-de-la-calidad\/#primaryimage","url":"https:\/\/floor-dynamics.com\/wp-content\/uploads\/2017\/09\/05.jpg","contentUrl":"https:\/\/floor-dynamics.com\/wp-content\/uploads\/2017\/09\/05.jpg","width":1920,"height":535},{"@type":"BreadcrumbList","@id":"https:\/\/floor-dynamics.com\/es\/acerca-de-nosotros\/gestion-medioambiental-y-de-la-calidad\/#breadcrumb","itemListElement":[{"@type":"ListItem","position":1,"name":"Home","item":"https:\/\/floor-dynamics.com\/es\/"},{"@type":"ListItem","position":2,"name":"Acerca de nosotros","item":"https:\/\/floor-dynamics.com\/es\/acerca-de-nosotros\/"},{"@type":"ListItem","position":3,"name":"Gesti\u00f3n medioambiental y de la calidad"}]},{"@type":"WebSite","@id":"https:\/\/floor-dynamics.com\/es\/#website","url":"https:\/\/floor-dynamics.com\/es\/","name":"Floor Dynamics","description":"Understanding Floors. Optimising Logistics.","potentialAction":[{"@type":"SearchAction","target":{"@type":"EntryPoint","urlTemplate":"https:\/\/floor-dynamics.com\/es\/?s={search_term_string}"},"query-input":{"@type":"PropertyValueSpecification","valueRequired":true,"valueName":"search_term_string"}}],"inLanguage":"es"}]}},"_links":{"self":[{"href":"https:\/\/floor-dynamics.com\/es\/wp-json\/wp\/v2\/pages\/2603","targetHints":{"allow":["GET"]}}],"collection":[{"href":"https:\/\/floor-dynamics.com\/es\/wp-json\/wp\/v2\/pages"}],"about":[{"href":"https:\/\/floor-dynamics.com\/es\/wp-json\/wp\/v2\/types\/page"}],"author":[{"embeddable":true,"href":"https:\/\/floor-dynamics.com\/es\/wp-json\/wp\/v2\/users\/5"}],"replies":[{"embeddable":true,"href":"https:\/\/floor-dynamics.com\/es\/wp-json\/wp\/v2\/comments?post=2603"}],"version-history":[{"count":10,"href":"https:\/\/floor-dynamics.com\/es\/wp-json\/wp\/v2\/pages\/2603\/revisions"}],"predecessor-version":[{"id":3172,"href":"https:\/\/floor-dynamics.com\/es\/wp-json\/wp\/v2\/pages\/2603\/revisions\/3172"}],"up":[{"embeddable":true,"href":"https:\/\/floor-dynamics.com\/es\/wp-json\/wp\/v2\/pages\/2585"}],"wp:featuredmedia":[{"embeddable":true,"href":"https:\/\/floor-dynamics.com\/es\/wp-json\/wp\/v2\/media\/2382"}],"wp:attachment":[{"href":"https:\/\/floor-dynamics.com\/es\/wp-json\/wp\/v2\/media?parent=2603"}],"curies":[{"name":"wp","href":"https:\/\/api.w.org\/{rel}","templated":true}]}}