{"id":2607,"date":"2017-09-12T15:58:11","date_gmt":"2017-09-12T14:58:11","guid":{"rendered":"https:\/\/www.wordpress-99157-664249.cloudwaysapps.com\/about-us\/rcr-industrial-flooring\/"},"modified":"2018-06-29T11:51:09","modified_gmt":"2018-06-29T10:51:09","slug":"rcr-industrial-flooring","status":"publish","type":"page","link":"https:\/\/floor-dynamics.com\/es\/acerca-de-nosotros\/rcr-industrial-flooring\/","title":{"rendered":"RCR Industrial Flooring"},"content":{"rendered":"<div id=\"pl-2607\"  class=\"panel-layout\" ><div id=\"pg-2607-0\"  class=\"panel-grid panel-has-style\" ><div class=\"large-font-size panel-row-style panel-row-style-for-2607-0\" ><div id=\"pgc-2607-0-0\"  class=\"panel-grid-cell\" ><div id=\"panel-2607-0-0-0\" class=\"so-panel widget widget_sow-editor panel-first-child panel-last-child\" data-index=\"0\" ><div\n\t\t\t\n\t\t\tclass=\"so-widget-sow-editor so-widget-sow-editor-base\"\n\t\t\t\n\t\t>\n<div class=\"siteorigin-widget-tinymce textwidget\">\n\t<p>RCR Flooring Products es una divisi\u00f3n de RCR Industrial Flooring, un grupo internacional de empresas que ofrece un servicio de principio a fin excepcionalmente integrado para los pavimentos industriales de hormig\u00f3n.<\/p>\n<\/div>\n<\/div><\/div><\/div><\/div><\/div><div id=\"pg-2607-1\"  class=\"panel-grid panel-no-style\" ><div id=\"pgc-2607-1-0\"  class=\"panel-grid-cell\" ><div id=\"panel-2607-1-0-0\" class=\"so-panel widget widget_sow-editor panel-first-child panel-last-child\" data-index=\"1\" ><div\n\t\t\t\n\t\t\tclass=\"so-widget-sow-editor so-widget-sow-editor-base\"\n\t\t\t\n\t\t>\n<div class=\"siteorigin-widget-tinymce textwidget\">\n\t<h5>RCR EST\u00c1 FORMADO POR TRES DIVISIONES:<\/h5>\n<\/div>\n<\/div><\/div><\/div><div id=\"pgc-2607-1-1\"  class=\"panel-grid-cell\" ><div id=\"panel-2607-1-1-0\" class=\"so-panel widget widget_sow-image panel-first-child panel-last-child\" data-index=\"2\" ><div\n\t\t\t\n\t\t\tclass=\"so-widget-sow-image so-widget-sow-image-default-a258e6bfa2d8-2607\"\n\t\t\t\n\t\t>\n<div class=\"sow-image-container\">\n\t\t<img \n\tsrc=\"https:\/\/floor-dynamics.com\/wp-content\/uploads\/2017\/09\/New-divisions-logo-Dec-16.jpg\" width=\"1000\" height=\"725\" srcset=\"https:\/\/floor-dynamics.com\/wp-content\/uploads\/2017\/09\/New-divisions-logo-Dec-16.jpg 1000w, https:\/\/floor-dynamics.com\/wp-content\/uploads\/2017\/09\/New-divisions-logo-Dec-16-300x218.jpg 300w, https:\/\/floor-dynamics.com\/wp-content\/uploads\/2017\/09\/New-divisions-logo-Dec-16-768x557.jpg 768w\" sizes=\"(max-width: 1000px) 100vw, 1000px\" alt=\"\" \t\tclass=\"so-widget-image\"\/>\n\t<\/div>\n\n<\/div><\/div><\/div><\/div><div id=\"pg-2607-2\"  class=\"panel-grid panel-no-style\" ><div id=\"pgc-2607-2-0\"  class=\"panel-grid-cell\" ><div id=\"panel-2607-2-0-0\" class=\"so-panel widget widget_sow-editor panel-first-child panel-last-child\" data-index=\"3\" ><div\n\t\t\t\n\t\t\tclass=\"so-widget-sow-editor so-widget-sow-editor-base\"\n\t\t\t\n\t\t>\n<div class=\"siteorigin-widget-tinymce textwidget\">\n\t<ul>\n<li><a href=\"http:\/\/www.rcrindustrialflooring.es\/rcr-flooring-products\" target=\"_blank\" rel=\"noopener\">RCR Flooring Products.<\/a> La divisi\u00f3n manufacturera, que incluye el dise\u00f1o y la fabricaci\u00f3n de los productos para pavimentos industriales de hormig\u00f3n de RINOL, Permaban y ROCLAND.<\/li>\n<li><a href=\"https:\/\/www.rcrindustrialflooring.es\/rcr-flooring-applications\" target=\"_blank\" rel=\"noopener\">RCR Flooring Applications.<\/a> Esta divisi\u00f3n incluye numerosas empresas especializadas en pavimentos industriales de hormig\u00f3n en todo el mundo.\u00a0 Estas se dedican a crear soleras tradicionales, decorativas y con resinas, as\u00ed como pavimentos exteriores.<\/li>\n<li><a href=\"http:\/\/www.rcrindustrialflooring.es\/rcr-flooring-services\" target=\"_blank\" rel=\"noopener\">RCR Flooring Services.<\/a> Esta divisi\u00f3n, que incorpora servicios de dise\u00f1o, ingenier\u00eda estructural y gesti\u00f3n de proyectos, ofrece servicios de reparaci\u00f3n bajo la marca Permaneo y asesor\u00eda en materia de pavimentos industriales de hormig\u00f3n a trav\u00e9s de Monofloor.<\/li>\n<\/ul>\n<\/div>\n<\/div><\/div><\/div><\/div><div id=\"pg-2607-3\"  class=\"panel-grid panel-no-style\" ><div id=\"pgc-2607-3-0\"  class=\"panel-grid-cell\" ><div id=\"panel-2607-3-0-0\" class=\"so-panel widget widget_sow-image panel-first-child panel-last-child\" data-index=\"4\" ><div\n\t\t\t\n\t\t\tclass=\"so-widget-sow-image so-widget-sow-image-default-a258e6bfa2d8-2607\"\n\t\t\t\n\t\t>\n<div class=\"sow-image-container\">\n\t\t<img \n\tsrc=\"https:\/\/floor-dynamics.com\/wp-content\/uploads\/2017\/09\/Values-Graphic-NEW-JAN-15.jpg\" width=\"1000\" height=\"798\" srcset=\"https:\/\/floor-dynamics.com\/wp-content\/uploads\/2017\/09\/Values-Graphic-NEW-JAN-15.jpg 1000w, https:\/\/floor-dynamics.com\/wp-content\/uploads\/2017\/09\/Values-Graphic-NEW-JAN-15-300x239.jpg 300w, https:\/\/floor-dynamics.com\/wp-content\/uploads\/2017\/09\/Values-Graphic-NEW-JAN-15-768x613.jpg 768w\" sizes=\"(max-width: 1000px) 100vw, 1000px\" title=\"Values-Graphic&#8212;NEW-JAN-15\" alt=\"\" \t\tclass=\"so-widget-image\"\/>\n\t<\/div>\n\n<\/div><\/div><\/div><div id=\"pgc-2607-3-1\"  class=\"panel-grid-cell\" ><div id=\"panel-2607-3-1-0\" class=\"so-panel widget widget_sow-editor panel-first-child panel-last-child\" data-index=\"5\" ><div\n\t\t\t\n\t\t\tclass=\"so-widget-sow-editor so-widget-sow-editor-base\"\n\t\t\t\n\t\t>\n<div class=\"siteorigin-widget-tinymce textwidget\">\n\t<p>Las empresas de RCR operan como un solo equipo en todo el mundo, garantizando a los clientes internacionales los mismos est\u00e1ndares de servicio y entrega de proyectos independientemente de donde se encuentren.<br \/>\nComo resultado, RCR se enorgullece de contar entre sus clientes con un gran n\u00famero de prestigiosas empresas, entre las que se incluyen Audi, MBW, Caterpillar, DHL, K\u00fchne &amp; Nagel, Walmart y Coca-Cola.<br \/>\nRCR es un grupo con unos firmes valores basados en la integridad, el trabajo en equipo y el logro. Como grupo, creemos en mantenernos orientados al cliente, operando de acuerdo con los m\u00e1ximos est\u00e1ndares, persiguiendo la innovaci\u00f3n abierta y trabajando como un s\u00f3lido equipo.<br \/>\nPuede descubrir m\u00e1s sobre RCR Industrial Flooring en\u00a0<a href=\"http:\/\/www.rcrindustrialflooring.es\/\" target=\"_blank\" rel=\"noopener\">www.rcrindustrialflooring.es<\/a><\/p>\n<\/div>\n<\/div><\/div><\/div><\/div><div id=\"pg-2607-4\"  class=\"panel-grid panel-no-style\" ><div id=\"pgc-2607-4-0\"  class=\"panel-grid-cell\" ><div id=\"panel-2607-4-0-0\" class=\"so-panel widget widget_sow-editor panel-first-child panel-last-child\" data-index=\"6\" ><div\n\t\t\t\n\t\t\tclass=\"so-widget-sow-editor so-widget-sow-editor-base\"\n\t\t\t\n\t\t>\n<div class=\"siteorigin-widget-tinymce textwidget\">\n\t<h2><strong>Nuestros productos para pavimentos industriales<\/strong><\/h2>\n<p><a href=\"https:\/\/www.wordpress-99157-664249.cloudwaysapps.com\/es\/productos\/\">Descubra m\u00e1s acerca de nuestros productos para pavimentos industriales de hormig\u00f3n. &gt;&gt;<\/a><\/p>\n<\/div>\n<\/div><\/div><\/div><\/div><\/div>","protected":false},"excerpt":{"rendered":"<p>RCR Flooring Products es una divisi\u00f3n de RCR Industrial Flooring, un grupo internacional de empresas que ofrece un servicio de principio a fin excepcionalmente integrado para los pavimentos industriales de hormig\u00f3n. RCR EST\u00c1 FORMADO POR TRES DIVISIONES:<\/p>\n","protected":false},"author":5,"featured_media":2229,"parent":2585,"menu_order":0,"comment_status":"closed","ping_status":"closed","template":"","meta":{"_acf_changed":false,"footnotes":""},"class_list":["post-2607","page","type-page","status-publish","has-post-thumbnail","hentry"],"acf":[],"yoast_head":"<!-- This site is optimized with the Yoast SEO plugin v27.3 - https:\/\/yoast.com\/product\/yoast-seo-wordpress\/ -->\n<title>RCR | Pavimentos Industriales de Hormig\u00f3n, Pavimentos Con Resinas<\/title>\n<meta name=\"description\" content=\"RCR Flooring Products es una divisi\u00f3n de RCR Industrial Flooring, un grupo internacional de empresas que ofrece un servicio de principio a fin excepcionalmente integrado para los pavimentos industriales de hormig\u00f3n.\" \/>\n<meta name=\"robots\" content=\"index, follow, max-snippet:-1, max-image-preview:large, max-video-preview:-1\" \/>\n<link rel=\"canonical\" href=\"https:\/\/floor-dynamics.com\/es\/acerca-de-nosotros\/rcr-industrial-flooring\/\" \/>\n<meta property=\"og:locale\" content=\"es_ES\" \/>\n<meta property=\"og:type\" content=\"article\" \/>\n<meta property=\"og:title\" content=\"RCR | Pavimentos Industriales de Hormig\u00f3n, Pavimentos Con Resinas\" \/>\n<meta property=\"og:description\" content=\"RCR Flooring Products es una divisi\u00f3n de RCR Industrial Flooring, un grupo internacional de empresas que ofrece un servicio de principio a fin excepcionalmente integrado para los pavimentos industriales de hormig\u00f3n.\" \/>\n<meta property=\"og:url\" content=\"https:\/\/floor-dynamics.com\/es\/acerca-de-nosotros\/rcr-industrial-flooring\/\" \/>\n<meta property=\"og:site_name\" content=\"Floor Dynamics\" \/>\n<meta property=\"article:modified_time\" content=\"2018-06-29T10:51:09+00:00\" \/>\n<meta property=\"og:image\" content=\"https:\/\/floor-dynamics.com\/wp-content\/uploads\/2017\/09\/Signature-1.jpg\" \/>\n\t<meta property=\"og:image:width\" content=\"1500\" \/>\n\t<meta property=\"og:image:height\" content=\"497\" \/>\n\t<meta property=\"og:image:type\" content=\"image\/jpeg\" \/>\n<meta name=\"twitter:card\" content=\"summary_large_image\" \/>\n<meta name=\"twitter:label1\" content=\"Tiempo de lectura\" \/>\n\t<meta name=\"twitter:data1\" content=\"2 minutos\" \/>\n<script type=\"application\/ld+json\" class=\"yoast-schema-graph\">{\"@context\":\"https:\\\/\\\/schema.org\",\"@graph\":[{\"@type\":\"WebPage\",\"@id\":\"https:\\\/\\\/floor-dynamics.com\\\/es\\\/acerca-de-nosotros\\\/rcr-industrial-flooring\\\/\",\"url\":\"https:\\\/\\\/floor-dynamics.com\\\/es\\\/acerca-de-nosotros\\\/rcr-industrial-flooring\\\/\",\"name\":\"RCR | Pavimentos Industriales de Hormig\u00f3n, Pavimentos Con Resinas\",\"isPartOf\":{\"@id\":\"https:\\\/\\\/floor-dynamics.com\\\/es\\\/#website\"},\"primaryImageOfPage\":{\"@id\":\"https:\\\/\\\/floor-dynamics.com\\\/es\\\/acerca-de-nosotros\\\/rcr-industrial-flooring\\\/#primaryimage\"},\"image\":{\"@id\":\"https:\\\/\\\/floor-dynamics.com\\\/es\\\/acerca-de-nosotros\\\/rcr-industrial-flooring\\\/#primaryimage\"},\"thumbnailUrl\":\"https:\\\/\\\/floor-dynamics.com\\\/wp-content\\\/uploads\\\/2017\\\/09\\\/Signature-1.jpg\",\"datePublished\":\"2017-09-12T14:58:11+00:00\",\"dateModified\":\"2018-06-29T10:51:09+00:00\",\"description\":\"RCR Flooring Products es una divisi\u00f3n de RCR Industrial Flooring, un grupo internacional de empresas que ofrece un servicio de principio a fin excepcionalmente integrado para los pavimentos industriales de hormig\u00f3n.\",\"breadcrumb\":{\"@id\":\"https:\\\/\\\/floor-dynamics.com\\\/es\\\/acerca-de-nosotros\\\/rcr-industrial-flooring\\\/#breadcrumb\"},\"inLanguage\":\"es\",\"potentialAction\":[{\"@type\":\"ReadAction\",\"target\":[\"https:\\\/\\\/floor-dynamics.com\\\/es\\\/acerca-de-nosotros\\\/rcr-industrial-flooring\\\/\"]}]},{\"@type\":\"ImageObject\",\"inLanguage\":\"es\",\"@id\":\"https:\\\/\\\/floor-dynamics.com\\\/es\\\/acerca-de-nosotros\\\/rcr-industrial-flooring\\\/#primaryimage\",\"url\":\"https:\\\/\\\/floor-dynamics.com\\\/wp-content\\\/uploads\\\/2017\\\/09\\\/Signature-1.jpg\",\"contentUrl\":\"https:\\\/\\\/floor-dynamics.com\\\/wp-content\\\/uploads\\\/2017\\\/09\\\/Signature-1.jpg\",\"width\":1500,\"height\":497},{\"@type\":\"BreadcrumbList\",\"@id\":\"https:\\\/\\\/floor-dynamics.com\\\/es\\\/acerca-de-nosotros\\\/rcr-industrial-flooring\\\/#breadcrumb\",\"itemListElement\":[{\"@type\":\"ListItem\",\"position\":1,\"name\":\"Home\",\"item\":\"https:\\\/\\\/floor-dynamics.com\\\/es\\\/\"},{\"@type\":\"ListItem\",\"position\":2,\"name\":\"Acerca de nosotros\",\"item\":\"https:\\\/\\\/floor-dynamics.com\\\/es\\\/acerca-de-nosotros\\\/\"},{\"@type\":\"ListItem\",\"position\":3,\"name\":\"RCR Industrial Flooring\"}]},{\"@type\":\"WebSite\",\"@id\":\"https:\\\/\\\/floor-dynamics.com\\\/es\\\/#website\",\"url\":\"https:\\\/\\\/floor-dynamics.com\\\/es\\\/\",\"name\":\"Floor Dynamics\",\"description\":\"Understanding Floors. Optimising Logistics.\",\"potentialAction\":[{\"@type\":\"SearchAction\",\"target\":{\"@type\":\"EntryPoint\",\"urlTemplate\":\"https:\\\/\\\/floor-dynamics.com\\\/es\\\/?s={search_term_string}\"},\"query-input\":{\"@type\":\"PropertyValueSpecification\",\"valueRequired\":true,\"valueName\":\"search_term_string\"}}],\"inLanguage\":\"es\"}]}<\/script>\n<!-- \/ Yoast SEO plugin. -->","yoast_head_json":{"title":"RCR | Pavimentos Industriales de Hormig\u00f3n, Pavimentos Con Resinas","description":"RCR Flooring Products es una divisi\u00f3n de RCR Industrial Flooring, un grupo internacional de empresas que ofrece un servicio de principio a fin excepcionalmente integrado para los pavimentos industriales de hormig\u00f3n.","robots":{"index":"index","follow":"follow","max-snippet":"max-snippet:-1","max-image-preview":"max-image-preview:large","max-video-preview":"max-video-preview:-1"},"canonical":"https:\/\/floor-dynamics.com\/es\/acerca-de-nosotros\/rcr-industrial-flooring\/","og_locale":"es_ES","og_type":"article","og_title":"RCR | Pavimentos Industriales de Hormig\u00f3n, Pavimentos Con Resinas","og_description":"RCR Flooring Products es una divisi\u00f3n de RCR Industrial Flooring, un grupo internacional de empresas que ofrece un servicio de principio a fin excepcionalmente integrado para los pavimentos industriales de hormig\u00f3n.","og_url":"https:\/\/floor-dynamics.com\/es\/acerca-de-nosotros\/rcr-industrial-flooring\/","og_site_name":"Floor Dynamics","article_modified_time":"2018-06-29T10:51:09+00:00","og_image":[{"width":1500,"height":497,"url":"https:\/\/floor-dynamics.com\/wp-content\/uploads\/2017\/09\/Signature-1.jpg","type":"image\/jpeg"}],"twitter_card":"summary_large_image","twitter_misc":{"Tiempo de lectura":"2 minutos"},"schema":{"@context":"https:\/\/schema.org","@graph":[{"@type":"WebPage","@id":"https:\/\/floor-dynamics.com\/es\/acerca-de-nosotros\/rcr-industrial-flooring\/","url":"https:\/\/floor-dynamics.com\/es\/acerca-de-nosotros\/rcr-industrial-flooring\/","name":"RCR | Pavimentos Industriales de Hormig\u00f3n, Pavimentos Con Resinas","isPartOf":{"@id":"https:\/\/floor-dynamics.com\/es\/#website"},"primaryImageOfPage":{"@id":"https:\/\/floor-dynamics.com\/es\/acerca-de-nosotros\/rcr-industrial-flooring\/#primaryimage"},"image":{"@id":"https:\/\/floor-dynamics.com\/es\/acerca-de-nosotros\/rcr-industrial-flooring\/#primaryimage"},"thumbnailUrl":"https:\/\/floor-dynamics.com\/wp-content\/uploads\/2017\/09\/Signature-1.jpg","datePublished":"2017-09-12T14:58:11+00:00","dateModified":"2018-06-29T10:51:09+00:00","description":"RCR Flooring Products es una divisi\u00f3n de RCR Industrial Flooring, un grupo internacional de empresas que ofrece un servicio de principio a fin excepcionalmente integrado para los pavimentos industriales de hormig\u00f3n.","breadcrumb":{"@id":"https:\/\/floor-dynamics.com\/es\/acerca-de-nosotros\/rcr-industrial-flooring\/#breadcrumb"},"inLanguage":"es","potentialAction":[{"@type":"ReadAction","target":["https:\/\/floor-dynamics.com\/es\/acerca-de-nosotros\/rcr-industrial-flooring\/"]}]},{"@type":"ImageObject","inLanguage":"es","@id":"https:\/\/floor-dynamics.com\/es\/acerca-de-nosotros\/rcr-industrial-flooring\/#primaryimage","url":"https:\/\/floor-dynamics.com\/wp-content\/uploads\/2017\/09\/Signature-1.jpg","contentUrl":"https:\/\/floor-dynamics.com\/wp-content\/uploads\/2017\/09\/Signature-1.jpg","width":1500,"height":497},{"@type":"BreadcrumbList","@id":"https:\/\/floor-dynamics.com\/es\/acerca-de-nosotros\/rcr-industrial-flooring\/#breadcrumb","itemListElement":[{"@type":"ListItem","position":1,"name":"Home","item":"https:\/\/floor-dynamics.com\/es\/"},{"@type":"ListItem","position":2,"name":"Acerca de nosotros","item":"https:\/\/floor-dynamics.com\/es\/acerca-de-nosotros\/"},{"@type":"ListItem","position":3,"name":"RCR Industrial Flooring"}]},{"@type":"WebSite","@id":"https:\/\/floor-dynamics.com\/es\/#website","url":"https:\/\/floor-dynamics.com\/es\/","name":"Floor Dynamics","description":"Understanding Floors. Optimising Logistics.","potentialAction":[{"@type":"SearchAction","target":{"@type":"EntryPoint","urlTemplate":"https:\/\/floor-dynamics.com\/es\/?s={search_term_string}"},"query-input":{"@type":"PropertyValueSpecification","valueRequired":true,"valueName":"search_term_string"}}],"inLanguage":"es"}]}},"_links":{"self":[{"href":"https:\/\/floor-dynamics.com\/es\/wp-json\/wp\/v2\/pages\/2607","targetHints":{"allow":["GET"]}}],"collection":[{"href":"https:\/\/floor-dynamics.com\/es\/wp-json\/wp\/v2\/pages"}],"about":[{"href":"https:\/\/floor-dynamics.com\/es\/wp-json\/wp\/v2\/types\/page"}],"author":[{"embeddable":true,"href":"https:\/\/floor-dynamics.com\/es\/wp-json\/wp\/v2\/users\/5"}],"replies":[{"embeddable":true,"href":"https:\/\/floor-dynamics.com\/es\/wp-json\/wp\/v2\/comments?post=2607"}],"version-history":[{"count":9,"href":"https:\/\/floor-dynamics.com\/es\/wp-json\/wp\/v2\/pages\/2607\/revisions"}],"predecessor-version":[{"id":3174,"href":"https:\/\/floor-dynamics.com\/es\/wp-json\/wp\/v2\/pages\/2607\/revisions\/3174"}],"up":[{"embeddable":true,"href":"https:\/\/floor-dynamics.com\/es\/wp-json\/wp\/v2\/pages\/2585"}],"wp:featuredmedia":[{"embeddable":true,"href":"https:\/\/floor-dynamics.com\/es\/wp-json\/wp\/v2\/media\/2229"}],"wp:attachment":[{"href":"https:\/\/floor-dynamics.com\/es\/wp-json\/wp\/v2\/media?parent=2607"}],"curies":[{"name":"wp","href":"https:\/\/api.w.org\/{rel}","templated":true}]}}