{"id":2613,"date":"2017-09-15T11:59:44","date_gmt":"2017-09-15T10:59:44","guid":{"rendered":"https:\/\/www.wordpress-99157-664249.cloudwaysapps.com\/cookie-legal-statements\/"},"modified":"2020-08-07T09:31:17","modified_gmt":"2020-08-07T08:31:17","slug":"cookies-e-informacion-legal","status":"publish","type":"page","link":"https:\/\/floor-dynamics.com\/es\/cookies-e-informacion-legal\/","title":{"rendered":"Cookies e informaci\u00f3n legal"},"content":{"rendered":"<h2><strong>Privacy Notice<\/strong><\/h2>\n<p>This privacy notice explains the personal data we collect from you and what we do with it.<\/p>\n<p><strong>Who is collecting the data?<\/strong><br \/>\nThe personal data you provide is being collected by RCR Industrial Flooring S.a.r.l., 12 D, Rue Guillaume Kroll, L-1882 Luxembourg, LUXEMBOURG<\/p>\n<p><strong>What data is being collected?<\/strong><br \/>\nWhen you contact us, we ask you to provide your name, company name, address, email address and business telephone number. You might also choose to provide more information (eg, job title, social media profile) \u2013 in which case we will also collect and store this information.<\/p>\n<p><strong>When and how is the data being collected?<\/strong><br \/>\nWe collect information when you fill out a form on this website, send us an email enquiry, telephone us, or write to us. We also collect data from business cards we are given.<\/p>\n<p><strong>How will the information be used?<\/strong><br \/>\nWe will process your information firstly for the purpose of responding to your enquiry. We may use data to personalise your visit to the website. We will also send future occasional marketing communications to you by email. If you provide your telephone number and mailing address we may also use these to stay in touch with you.<\/p>\n<p>If we plan to use your personal data for a new purpose, we will communicate the changes to you before we start any new processing.<\/p>\n<p><strong>The legal basis for processing your data<\/strong><br \/>\nBy submitting your data through our website, or on email, by phone or post, you are confirming by your action that you consent to us processing the data you provide so that we can respond to your enquiry.<\/p>\n<p>We will also use your data to send you our occasional news by email in future. The legal basis for us doing this is \u2018legitimate interest\u2019. This means that because you\u2019ve enquired about our services and given us your email address, we think you\u2019d reasonably expect to hear from us in future about related products and services. We only email a few times a year; and we only send to email addresses with a business domain. You will be able to unsubscribe easily from these emails at any time. If you\u2019d rather we didn\u2019t email you our newsletter, please put this in your message when you enquire.<\/p>\n<p>If you wish to enquire without providing personal data please telephone us instead &#8211; but we may not be able to respond fully to your enquiry.<\/p>\n<p>If you give us a business card at an event, we\u2019ll ask for your consent to add you to our newsletter mailing list.<\/p>\n<p><strong>Data security<\/strong><br \/>\nThis website has an SSL certificate (https:\/\/), which means that the data you submit through this website is encrypted for security protection. Please contact us if you have any queries about our IT security.<br \/>\nAs we are an international group, please be aware that your data may be passed outside the EU and handled in non-EU data centres.<\/p>\n<p><strong>Sharing data<\/strong><br \/>\nRCR Industrial Flooring S.a.r.l. owns a number of specialist industrial flooring companies around the world. These trade as separate legal entities but come under the senior management control of RCR Industrial Flooring S.a.r.l. A complete list of RCR group companies can be found on our website: https:\/\/www.rcrindustrialflooring.com\/companies. In order to provide good service, we may pass your data to any of our group companies \u2013 for example, so that the person with the right technical knowledge can respond to you; or so that someone can answer you in your own language.<\/p>\n<p>We will never pass your data to an organisation outside of the RCR Industrial Flooring group of companies, unless:<br \/>\na) we have appointed them as a sub-contractor, agent, distributor or supplier and they need your data to process your enquiry or order;<br \/>\nb) we have appointed them as a Data Processor to carry out work on our behalf (for example, an IT company, marketing company, or credit checking agency); or<br \/>\nc) we are ever required to do so by law; in connection with legal proceedings; or to establish, defend or exercise our legal rights.<\/p>\n<p><strong>How long will your data be stored?<\/strong><br \/>\nWe store all data for two years from the date of last engagement with us. This means, for example, that if in the course of two years the company you work for doesn\u2019t buy from us, and you as an individual don\u2019t contact us or open one of our email newsletters, we\u2019ll remove your personal data from our systems and unsubscribe you from our email newsletter. We\u2019ll endeavour to contact you before the two-year period elapses to seek your consent to stay in touch.<\/p>\n<p><strong>Data accuracy<\/strong><br \/>\nWe want to ensure the data we hold about you is up-to-date. If your details change, please let us know.<\/p>\n<p><strong>Your rights<\/strong><br \/>\nAs an individual you can be completely removed from our records at any time, at your request. You also have the right to know what personal information we hold on you. You have the right to unsubscribe from any of our marketing communications, even if you have previously given consent to receive them.<\/p>\n<p>If you have any queries or complaints about how we use your data please contact our Group Communications Manager, Valentina Gonz\u00e1les \u2013 email marketing@rcrindustrialflooring.com.<\/p>\n<p>Please also refer to our information about cookies, below.<\/p>\n<p>We reserve the right to update this statement at any time, without notice.<\/p>\n<h2>Pol\u00edtica de cookies<\/h2>\n<p>Nuestra web utiliza cookies, como lo hacen la mayor\u00eda de las webs, para ayudarnos a ofrecerle la mejor experiencia posible. Las cookies son peque\u00f1os archivos de texto que se instalan en su ordenador o tel\u00e9fono m\u00f3vil cuando navega por diferentes p\u00e1ginas.<\/p>\n<p><strong>C\u00f3mo se usan las cookies en esta web<\/strong><\/p>\n<p><strong>Nuestras <em>cookies<\/em> nos ayudan a:<\/strong><\/p>\n<ul>\n<li>Hacer que nuestra web funcione como usted esperar\u00eda<\/li>\n<li>Recordar los ajustes elegidos por usted entre visitas y durante ellas<\/li>\n<li>Mejorar la velocidad y seguridad de la web<\/li>\n<li>Permitirle compartir p\u00e1ginas con redes sociales como Facebook<\/li>\n<li>Seguir mejorando nuestra web para usted<\/li>\n<li>Hacer m\u00e1s eficiente nuestro <em>marketing<\/em> (lo que, en \u00faltima instancia, permite que podamos ofrecerle nuestros servicios al precio que lo hacemos)<\/li>\n<\/ul>\n<p><strong>No usamos <em>cookies<\/em> para:<\/strong><\/p>\n<ul>\n<li>Recopilar ning\u00fan tipo de informaci\u00f3n que le identifique personalmente (sin su consentimiento expreso)<\/li>\n<li>Recopilar ning\u00fan tipo de informaci\u00f3n confidencial (sin su consentimiento expreso)<\/li>\n<li>Suministrar datos a redes publicitarias<\/li>\n<li>Suministrar datos a terceros que le identifiquen personalmente<\/li>\n<li>Pagar comisiones de ventas<\/li>\n<\/ul>\n<p>Debajo puede obtener m\u00e1s informaci\u00f3n sobre todas las cookies que usamos.<\/p>\n<p><strong>Autorizaci\u00f3n para que usemos <em>cookies<\/em><\/strong><\/p>\n<p>Si el <em>software<\/em> que est\u00e1 usando para ver nuestra web (su navegador) est\u00e1 configurado para aceptar <em>cookies<\/em>, entendemos que ello implica, si contin\u00faa us\u00e1ndola, su consentimiento para el empleo de <em>cookies<\/em> por nuestra parte. En caso de que usted desee retirar tal consentimiento, o no usar <em>cookies<\/em> desde nuestra web, puede encontrar a continuaci\u00f3n las instrucciones para ello. Al hacerlo, no obstante, es posible que deje de funcionar como espera.<\/p>\n<p><strong><em>Cookies<\/em><\/strong><strong> para el funcionamiento de la web<\/strong><\/p>\n<p><strong>Nuestras propias <em>cookies<\/em><\/strong><\/p>\n<p>No hay modo de evitar que estas <em>cookies<\/em> se instalen, salvo no usar nuestra web.<\/p>\n<p><strong>Funciones de terceros<\/strong><\/p>\n<p>Deshabilitar estas <em>cookies<\/em> probablemente causar\u00e1 el fallo de las funciones ofrecidas por tales terceros.<\/p>\n<p><strong><em>Cookies<\/em><\/strong><strong> para estad\u00edsticas an\u00f3nimas sobre visitantes<\/strong><\/p>\n<p>Usamos <em>cookies<\/em> para recopilar datos estad\u00edsticos sobre nuestros visitantes como, por ejemplo, el n\u00famero de personas que han visitado nuestra web, qu\u00e9 tipo de tecnolog\u00eda est\u00e1n usando para ello (por ejemplo, Mac o Windows, lo que nos ayuda a identificar cu\u00e1ndo nuestra web no funciona como debiera con determinadas tecnolog\u00edas), cu\u00e1nto tiempo pasan en la web, qu\u00e9 p\u00e1gina est\u00e1n consultando, etc. Ello nos ayuda a seguir mejorando nuestra web. Estos programas, denominados \u00abde anal\u00edticas\u00bb, tambi\u00e9n nos dicen, de modo an\u00f3nimo, c\u00f3mo lleg\u00f3 la gente a nuestra web (por ejemplo, desde un buscador) y si ya la hab\u00edan visitado antes, lo que nos ayuda a destinar m\u00e1s dinero a desarrollar nuestros servicios para usted en lugar de dedicarlo a actividades de <em>marketing<\/em>. Usamos Google Analytics para gestionar las estad\u00edsticas de nuestros visitantes. Puede conocer qu\u00e9 tipo de <em>cookies<\/em> usa Google Analytics en la web\u00a0<a href=\"https:\/\/developers.google.com\/analytics\/devguides\/collection\/analyticsjs\/cookie-usage\">Google Developers<\/a>.<\/p>\n<p><strong><em>Cookies<\/em> de seguimiento de Google Analytics<\/strong><\/p>\n<table>\n<tbody>\n<tr>\n<td><strong>Nombre de la <em>cookie<\/em><\/strong><\/td>\n<td><strong>Periodo de validez<\/strong><\/td>\n<td><strong>Descripci\u00f3n<\/strong><\/td>\n<\/tr>\n<tr>\n<td>_ga<\/td>\n<td>2 a\u00f1os<\/td>\n<td>Usada para distinguir a los usuarios.<\/td>\n<\/tr>\n<tr>\n<td>_gat<\/td>\n<td>10 minutos<\/td>\n<td>Usada para ralentizar la velocidad de las peticiones.<\/td>\n<\/tr>\n<tr>\n<td>__utma<\/td>\n<td>2 a\u00f1os desde su instalaci\u00f3n o actualizaci\u00f3n<\/td>\n<td>Usada para distinguir usuarios y sesiones. Esta <em>cookie<\/em> se crea cuando se ejecuta la librer\u00eda de JavaScript y no existe ninguna <em>cookie<\/em> __utma previa. Se actualiza cada vez que se env\u00edan datos a Google Analytics.<\/td>\n<\/tr>\n<tr>\n<td>__utmt<\/td>\n<td>10 minutos<\/td>\n<td>Usada para ralentizar la velocidad de las peticiones.<\/td>\n<\/tr>\n<tr>\n<td>__utmb<\/td>\n<td>30 minutos\u00a0desde su instalaci\u00f3n o actualizaci\u00f3n<\/td>\n<td>Usada para determinar las nuevas sesiones o visitas. Esta <em>cookie<\/em> se crea cuando se ejecuta la librer\u00eda de JavaScript y no existe ninguna <em>cookie<\/em> __utmb previa. Se actualiza cada vez que se env\u00edan datos a Google Analytics.<\/td>\n<\/tr>\n<tr>\n<td>__utmc<\/td>\n<td>Fin de la sesi\u00f3n en el navegador.<\/td>\n<td>No usada en ga.js. Instalada para permitir la interoperabilidad con urchin.js. Hist\u00f3ricamente, esta <em>cookie<\/em> operaba junto con la <em>cookie<\/em> __utmb para determinar si el usuario se encontraba en una nueva sesi\u00f3n o visita.<\/td>\n<\/tr>\n<tr>\n<td>__utmz<\/td>\n<td>6 meses desde su instalaci\u00f3n o actualizaci\u00f3n<\/td>\n<td>Almacena la fuente de tr\u00e1fico o campa\u00f1a que explica c\u00f3mo lleg\u00f3 el usuario hasta la web. Esta <em>cookie<\/em> se crea cuando se ejecuta la librer\u00eda de JavaScript y se actualiza cada vez que se env\u00edan datos a Google Analytics.<\/td>\n<\/tr>\n<tr>\n<td>__utmv<\/td>\n<td>2 a\u00f1os desde su instalaci\u00f3n o actualizaci\u00f3n<\/td>\n<td>Usada para almacenar datos variables personalizados a nivel de visitante. Esta <em>cookie<\/em> se crea cuando un desarrollador usa el m\u00e9todo <a href=\"#_gat.GA_Tracker_._setCustomVar\">_setCustomVar<\/a> con una variable personalizada a nivel de visitante. Tambi\u00e9n se utilizaba para el m\u00e9todo obsoleto _setVar. Se actualiza cada vez que se env\u00edan datos a Google Analytics.<\/td>\n<\/tr>\n<\/tbody>\n<\/table>\n<p><strong>Desactivaci\u00f3n de las <em>cookies<\/em><\/strong><\/p>\n<p>Normalmente, puede desactivar las <em>cookies<\/em> configurando su navegador para que deje de aceptarlas. Al hacerlo, no obstante, es muy probable que la funcionalidad de nuestra web y de muchas otras webs del mundo se vea limitada, ya que las <em>cookies<\/em> son parte integral de la mayor\u00eda de webs modernas. Puede que lo que le preocupe de las <em>cookies<\/em> se refiera al denominado <em>spyware<\/em>. En lugar de desactivar las <em>cookies<\/em> en su navegador, quiz\u00e1 descubra que el <em>software antispyware<\/em> logra el mismo objetivo borrando autom\u00e1ticamente cualquier <em>cookie<\/em> considerada invasiva.<\/p>\n<h2><strong>Uso de esta web<\/strong><\/h2>\n<p>Estos son los t\u00e9rminos y condiciones para usar este web. Si usa el sitio, se considera que los ha aceptado.<\/p>\n<p><strong>Uso de esta web<\/strong><\/p>\n<p>La informaci\u00f3n contenida en esta web se presenta \u00fanicamente con fines informativos generales y no pretende ser un anuncio publicitario.\u00a0 No aceptamos responsabilidad alguna por cualquier p\u00e9rdida que pudiera resultar del acceso a, o fiabilidad de, la informaci\u00f3n contenida en esta web.<\/p>\n<p><strong><br \/>\nEnlaces<br \/>\n<\/strong><\/p>\n<p>No somos responsables del contenido de ninguna ubicaci\u00f3n de Internet que enlace con esta web.\u00a0 Esta ubicaci\u00f3n proporciona enlaces a algunas webs externas que est\u00e1n fuera del control de RCR Industrial Flooring o su grupo de empresas, y RCR no se responsabiliza de su contenido.<\/p>\n<p><strong><br \/>\nCopyright<br \/>\n<\/strong><\/p>\n<p>El contenido de esta web est\u00e1 protegido por las leyes de copyright de conformidad con los acuerdos internacionales al respecto. A menos que se indique lo contrario, todos sus materiales, incluyendo el dise\u00f1o, los texto, los gr\u00e1ficos y las fotograf\u00edas, son copyright de RCR Industrial Flooring o su grupo de empresas.<\/p>\n<p>Usted est\u00e1 autorizado a leer su contenido y realizar copias para su propio uso personal. Adem\u00e1s, se le autoriza a proporcionar copias (en papel o formato electr\u00f3nico) o extractos de volumen razonable de manera ocasional y gratuita a compa\u00f1eros y clientes para su uso personal, a condici\u00f3n de que:<\/p>\n<ul>\n<li>se nos reconozca como la fuente;<\/li>\n<li>el texto no se vea alterado de ninguna manera; y<\/li>\n<li>se notifique a los receptores a este respecto.<\/li>\n<\/ul>\n<p>Quedan prohibidos cualquier otro uso o copia del contenido de esta web, tanto directamente como a trav\u00e9s de un v\u00ednculo de hipertexto, salvo que se haya obtenido el permiso previo por escrito de RCR Industrial Flooring.<\/p>\n<p><strong><br \/>\nRestrictions<\/strong><\/p>\n<p>Cuando el acceso a partes restringidas de esta web quede sujeto a condiciones m\u00e1s espec\u00edficas, ser\u00e1n tales condiciones las que prevalezcan. La copia de contenido de webs de terceros est\u00e1 sujeta a cualesquiera requisitos aplicables a tales webs. Todos los enlaces electr\u00f3nicos a cualquier parte de esta web deben contar con nuestro consentimiento. Por favor, env\u00ede su solicitud a <u><a href=\"mailto:info@rcrindustrialflooring.com\">info@rcrindustrialflooring.com<\/a><\/u>.<\/p>\n<p><strong><br \/>\nProtecci\u00f3n antivirus<br \/>\n<\/strong><\/p>\n<p>No podemos garantizarle que esta web ni su sistema de suministro de documentos operen de acuerdo con sus expectativas, ni est\u00e9n libres de errores o virus. Aunque se han tomado medidas para asegurarnos de que esta web se encuentre libre de virus, usted deber\u00e1 procurarse su propia protecci\u00f3n antivirus.<\/p>\n<p><strong><br \/>\nErrores de la web<br \/>\n<\/strong><\/p>\n<p>Si usted encontrara cualquier tipo de error en esta web, le rogamos se ponga en contacto con nosotros por correo electr\u00f3nico a trav\u00e9s de <u><a href=\"mailto:info@rcrindustrialflooring.com\">info@rcrindustrialflooring.com<\/a><\/u> y procuraremos corregirlo.<\/p>\n<p><strong><br \/>\nActualizaciones de la web<br \/>\n<\/strong><\/p>\n<p>Nos reservamos el derecho a actualizar, modificar o cerrar esta web en cualquier momento y a variar o modificar las presentes condiciones de cuando en cuando. Cualquier cambio se considerar\u00e1 en vigor a partir de su publicaci\u00f3n en esta web.<\/p>\n<p><strong><br \/>\nWebs de terceros<br \/>\n<\/strong><\/p>\n<p>La web contiene enlaces a otras webs. No somos responsables del contenido de tales webs, ni de las pol\u00edticas de privacidad o pr\u00e1cticas de cualesquiera webs de terceros.<\/p>\n<p><strong><br \/>\nLey aplicable<br \/>\n<\/strong><\/p>\n<p>Cualquier informaci\u00f3n aqu\u00ed contenida se rige por el Derecho ingl\u00e9s, que es la ley vigente en esta web.<\/p>\n<p><strong><br \/>\nConfidencialidad<br \/>\n<\/strong><\/p>\n<p>Todo correo electr\u00f3nico se env\u00eda dirigido solo a su destinatario o destinatarios en calidad confidencial. Queda estrictamente prohibido el uso, difusi\u00f3n, distribuci\u00f3n, publicaci\u00f3n o copia no autorizados de las comunicaciones de correo electr\u00f3nico.<\/p>\n<p>Una copia de nuestros t\u00e9rminos y condiciones de comercio est\u00e1n disponibles bajo petici\u00f3n.<\/p>\n<p>En caso de cualquier consulta, comun\u00edquese con nuestra Gerente de Comunicaciones de Grupo, Valentina Gonz\u00e1les: <a href=\"mailto:info@rcrindustrialflooring.com\">info@rcrindustrialflooring.com<\/a>.<\/p>\n","protected":false},"excerpt":{"rendered":"<p>Privacy Notice This privacy notice explains the personal data we collect from you and what we do with it. Who is collecting the data? The personal data you provide is being collected by RCR Industrial Flooring S.a.r.l., 12 D, Rue&#8230;<\/p>\n","protected":false},"author":5,"featured_media":2373,"parent":0,"menu_order":0,"comment_status":"closed","ping_status":"closed","template":"","meta":{"_acf_changed":false,"footnotes":""},"class_list":["post-2613","page","type-page","status-publish","has-post-thumbnail","hentry"],"acf":[],"yoast_head":"<!-- This site is optimized with the Yoast SEO plugin v27.3 - https:\/\/yoast.com\/product\/yoast-seo-wordpress\/ -->\n<title>Cookies e informaci\u00f3n legal - Floor Dynamics<\/title>\n<meta name=\"robots\" content=\"index, follow, max-snippet:-1, max-image-preview:large, max-video-preview:-1\" \/>\n<link rel=\"canonical\" href=\"https:\/\/floor-dynamics.com\/es\/cookies-e-informacion-legal\/\" \/>\n<meta property=\"og:locale\" content=\"es_ES\" \/>\n<meta property=\"og:type\" content=\"article\" \/>\n<meta property=\"og:title\" content=\"Cookies e informaci\u00f3n legal - Floor Dynamics\" \/>\n<meta property=\"og:description\" content=\"Privacy Notice This privacy notice explains the personal data we collect from you and what we do with it. Who is collecting the data? The personal data you provide is being collected by RCR Industrial Flooring S.a.r.l., 12 D, Rue...\" \/>\n<meta property=\"og:url\" content=\"https:\/\/floor-dynamics.com\/es\/cookies-e-informacion-legal\/\" \/>\n<meta property=\"og:site_name\" content=\"Floor Dynamics\" \/>\n<meta property=\"article:modified_time\" content=\"2020-08-07T08:31:17+00:00\" \/>\n<meta property=\"og:image\" content=\"https:\/\/floor-dynamics.com\/wp-content\/uploads\/2017\/09\/Qualidur-1.jpg\" \/>\n\t<meta property=\"og:image:width\" content=\"1500\" \/>\n\t<meta property=\"og:image:height\" content=\"770\" \/>\n\t<meta property=\"og:image:type\" content=\"image\/jpeg\" \/>\n<meta name=\"twitter:card\" content=\"summary_large_image\" \/>\n<meta name=\"twitter:label1\" content=\"Tiempo de lectura\" \/>\n\t<meta name=\"twitter:data1\" content=\"12 minutos\" \/>\n<script type=\"application\/ld+json\" class=\"yoast-schema-graph\">{\"@context\":\"https:\\\/\\\/schema.org\",\"@graph\":[{\"@type\":\"WebPage\",\"@id\":\"https:\\\/\\\/floor-dynamics.com\\\/es\\\/cookies-e-informacion-legal\\\/\",\"url\":\"https:\\\/\\\/floor-dynamics.com\\\/es\\\/cookies-e-informacion-legal\\\/\",\"name\":\"Cookies e informaci\u00f3n legal - Floor Dynamics\",\"isPartOf\":{\"@id\":\"https:\\\/\\\/floor-dynamics.com\\\/es\\\/#website\"},\"primaryImageOfPage\":{\"@id\":\"https:\\\/\\\/floor-dynamics.com\\\/es\\\/cookies-e-informacion-legal\\\/#primaryimage\"},\"image\":{\"@id\":\"https:\\\/\\\/floor-dynamics.com\\\/es\\\/cookies-e-informacion-legal\\\/#primaryimage\"},\"thumbnailUrl\":\"https:\\\/\\\/floor-dynamics.com\\\/wp-content\\\/uploads\\\/2017\\\/09\\\/Qualidur-1.jpg\",\"datePublished\":\"2017-09-15T10:59:44+00:00\",\"dateModified\":\"2020-08-07T08:31:17+00:00\",\"breadcrumb\":{\"@id\":\"https:\\\/\\\/floor-dynamics.com\\\/es\\\/cookies-e-informacion-legal\\\/#breadcrumb\"},\"inLanguage\":\"es\",\"potentialAction\":[{\"@type\":\"ReadAction\",\"target\":[\"https:\\\/\\\/floor-dynamics.com\\\/es\\\/cookies-e-informacion-legal\\\/\"]}]},{\"@type\":\"ImageObject\",\"inLanguage\":\"es\",\"@id\":\"https:\\\/\\\/floor-dynamics.com\\\/es\\\/cookies-e-informacion-legal\\\/#primaryimage\",\"url\":\"https:\\\/\\\/floor-dynamics.com\\\/wp-content\\\/uploads\\\/2017\\\/09\\\/Qualidur-1.jpg\",\"contentUrl\":\"https:\\\/\\\/floor-dynamics.com\\\/wp-content\\\/uploads\\\/2017\\\/09\\\/Qualidur-1.jpg\",\"width\":1500,\"height\":770},{\"@type\":\"BreadcrumbList\",\"@id\":\"https:\\\/\\\/floor-dynamics.com\\\/es\\\/cookies-e-informacion-legal\\\/#breadcrumb\",\"itemListElement\":[{\"@type\":\"ListItem\",\"position\":1,\"name\":\"Home\",\"item\":\"https:\\\/\\\/floor-dynamics.com\\\/es\\\/\"},{\"@type\":\"ListItem\",\"position\":2,\"name\":\"Cookies e informaci\u00f3n legal\"}]},{\"@type\":\"WebSite\",\"@id\":\"https:\\\/\\\/floor-dynamics.com\\\/es\\\/#website\",\"url\":\"https:\\\/\\\/floor-dynamics.com\\\/es\\\/\",\"name\":\"Floor Dynamics\",\"description\":\"Understanding Floors. Optimising Logistics.\",\"potentialAction\":[{\"@type\":\"SearchAction\",\"target\":{\"@type\":\"EntryPoint\",\"urlTemplate\":\"https:\\\/\\\/floor-dynamics.com\\\/es\\\/?s={search_term_string}\"},\"query-input\":{\"@type\":\"PropertyValueSpecification\",\"valueRequired\":true,\"valueName\":\"search_term_string\"}}],\"inLanguage\":\"es\"}]}<\/script>\n<!-- \/ Yoast SEO plugin. -->","yoast_head_json":{"title":"Cookies e informaci\u00f3n legal - Floor Dynamics","robots":{"index":"index","follow":"follow","max-snippet":"max-snippet:-1","max-image-preview":"max-image-preview:large","max-video-preview":"max-video-preview:-1"},"canonical":"https:\/\/floor-dynamics.com\/es\/cookies-e-informacion-legal\/","og_locale":"es_ES","og_type":"article","og_title":"Cookies e informaci\u00f3n legal - Floor Dynamics","og_description":"Privacy Notice This privacy notice explains the personal data we collect from you and what we do with it. Who is collecting the data? The personal data you provide is being collected by RCR Industrial Flooring S.a.r.l., 12 D, Rue...","og_url":"https:\/\/floor-dynamics.com\/es\/cookies-e-informacion-legal\/","og_site_name":"Floor Dynamics","article_modified_time":"2020-08-07T08:31:17+00:00","og_image":[{"width":1500,"height":770,"url":"https:\/\/floor-dynamics.com\/wp-content\/uploads\/2017\/09\/Qualidur-1.jpg","type":"image\/jpeg"}],"twitter_card":"summary_large_image","twitter_misc":{"Tiempo de lectura":"12 minutos"},"schema":{"@context":"https:\/\/schema.org","@graph":[{"@type":"WebPage","@id":"https:\/\/floor-dynamics.com\/es\/cookies-e-informacion-legal\/","url":"https:\/\/floor-dynamics.com\/es\/cookies-e-informacion-legal\/","name":"Cookies e informaci\u00f3n legal - Floor Dynamics","isPartOf":{"@id":"https:\/\/floor-dynamics.com\/es\/#website"},"primaryImageOfPage":{"@id":"https:\/\/floor-dynamics.com\/es\/cookies-e-informacion-legal\/#primaryimage"},"image":{"@id":"https:\/\/floor-dynamics.com\/es\/cookies-e-informacion-legal\/#primaryimage"},"thumbnailUrl":"https:\/\/floor-dynamics.com\/wp-content\/uploads\/2017\/09\/Qualidur-1.jpg","datePublished":"2017-09-15T10:59:44+00:00","dateModified":"2020-08-07T08:31:17+00:00","breadcrumb":{"@id":"https:\/\/floor-dynamics.com\/es\/cookies-e-informacion-legal\/#breadcrumb"},"inLanguage":"es","potentialAction":[{"@type":"ReadAction","target":["https:\/\/floor-dynamics.com\/es\/cookies-e-informacion-legal\/"]}]},{"@type":"ImageObject","inLanguage":"es","@id":"https:\/\/floor-dynamics.com\/es\/cookies-e-informacion-legal\/#primaryimage","url":"https:\/\/floor-dynamics.com\/wp-content\/uploads\/2017\/09\/Qualidur-1.jpg","contentUrl":"https:\/\/floor-dynamics.com\/wp-content\/uploads\/2017\/09\/Qualidur-1.jpg","width":1500,"height":770},{"@type":"BreadcrumbList","@id":"https:\/\/floor-dynamics.com\/es\/cookies-e-informacion-legal\/#breadcrumb","itemListElement":[{"@type":"ListItem","position":1,"name":"Home","item":"https:\/\/floor-dynamics.com\/es\/"},{"@type":"ListItem","position":2,"name":"Cookies e informaci\u00f3n legal"}]},{"@type":"WebSite","@id":"https:\/\/floor-dynamics.com\/es\/#website","url":"https:\/\/floor-dynamics.com\/es\/","name":"Floor Dynamics","description":"Understanding Floors. Optimising Logistics.","potentialAction":[{"@type":"SearchAction","target":{"@type":"EntryPoint","urlTemplate":"https:\/\/floor-dynamics.com\/es\/?s={search_term_string}"},"query-input":{"@type":"PropertyValueSpecification","valueRequired":true,"valueName":"search_term_string"}}],"inLanguage":"es"}]}},"_links":{"self":[{"href":"https:\/\/floor-dynamics.com\/es\/wp-json\/wp\/v2\/pages\/2613","targetHints":{"allow":["GET"]}}],"collection":[{"href":"https:\/\/floor-dynamics.com\/es\/wp-json\/wp\/v2\/pages"}],"about":[{"href":"https:\/\/floor-dynamics.com\/es\/wp-json\/wp\/v2\/types\/page"}],"author":[{"embeddable":true,"href":"https:\/\/floor-dynamics.com\/es\/wp-json\/wp\/v2\/users\/5"}],"replies":[{"embeddable":true,"href":"https:\/\/floor-dynamics.com\/es\/wp-json\/wp\/v2\/comments?post=2613"}],"version-history":[{"count":10,"href":"https:\/\/floor-dynamics.com\/es\/wp-json\/wp\/v2\/pages\/2613\/revisions"}],"predecessor-version":[{"id":4159,"href":"https:\/\/floor-dynamics.com\/es\/wp-json\/wp\/v2\/pages\/2613\/revisions\/4159"}],"wp:featuredmedia":[{"embeddable":true,"href":"https:\/\/floor-dynamics.com\/es\/wp-json\/wp\/v2\/media\/2373"}],"wp:attachment":[{"href":"https:\/\/floor-dynamics.com\/es\/wp-json\/wp\/v2\/media?parent=2613"}],"curies":[{"name":"wp","href":"https:\/\/api.w.org\/{rel}","templated":true}]}}