{"id":2636,"date":"2017-09-12T15:59:46","date_gmt":"2017-09-12T14:59:46","guid":{"rendered":"https:\/\/www.wordpress-99157-664249.cloudwaysapps.com\/technical-help\/"},"modified":"2018-06-29T12:02:15","modified_gmt":"2018-06-29T11:02:15","slug":"asistencia-tecnica","status":"publish","type":"page","link":"https:\/\/floor-dynamics.com\/es\/asistencia-tecnica\/","title":{"rendered":"Asistencia t\u00e9cnica"},"content":{"rendered":"<div id=\"pl-2636\"  class=\"panel-layout\" ><div id=\"pg-2636-0\"  class=\"panel-grid panel-no-style\" ><div id=\"pgc-2636-0-0\"  class=\"panel-grid-cell\" ><div id=\"panel-2636-0-0-0\" class=\"so-panel widget widget_sow-editor panel-first-child panel-last-child\" data-index=\"0\" ><div class=\"large-font-size panel-widget-style panel-widget-style-for-2636-0-0-0\" ><div\n\t\t\t\n\t\t\tclass=\"so-widget-sow-editor so-widget-sow-editor-base\"\n\t\t\t\n\t\t>\n<div class=\"siteorigin-widget-tinymce textwidget\">\n\t<p>Puede ver y descargar informaci\u00f3n detallada acerca de nuestros productos para pavimentos industriales en las webs de nuestras marcas.  All\u00ed encontrar\u00e1 folletos, hojas de especificaciones, instrucciones de instalaci\u00f3n y fichas de datos de seguridad. Estaremos adem\u00e1s encantados de responder a sus preguntas sobre pavimentos industriales y revestimientos.\n<\/p>\n<p>Tambi\u00e9n impartimos seminarios de capacitaci\u00f3n t\u00e9cnica y desarrollo profesional continuo (DPC). <a href=\"https:\/\/www.wordpress-99157-664249.cloudwaysapps.com\/es\/asistencia-tecnica\/dpc\/\">Descubra m\u00e1s &gt;&gt;<\/a><\/p>\n<p>\u00a0<\/p>\n<\/div>\n<\/div><\/div><\/div><\/div><\/div><div id=\"pg-2636-1\"  class=\"panel-grid panel-has-style\" ><div class=\"siteorigin-panels-stretch panel-row-style panel-row-style-for-2636-1\" data-stretch-type=\"full\" ><div id=\"pgc-2636-1-0\"  class=\"panel-grid-cell\" ><div class=\"box-shadow panel-cell-style panel-cell-style-for-2636-1-0\" ><div id=\"panel-2636-1-0-0\" class=\"so-panel widget widget_sow-image panel-first-child\" data-index=\"1\" ><div class=\"flooring-brands panel-widget-style panel-widget-style-for-2636-1-0-0\" ><div\n\t\t\t\n\t\t\tclass=\"so-widget-sow-image so-widget-sow-image-default-a258e6bfa2d8-2636\"\n\t\t\t\n\t\t>\n<div class=\"sow-image-container\">\n\t\t\t<a href=\"http:\/\/www.rinol.de\/en\/content\/broschueren.html\"\n\t\t\ttarget=\"_blank\" rel=\"noopener noreferrer\" \t\t>\n\t\t\t<img \n\tsrc=\"https:\/\/floor-dynamics.com\/wp-content\/uploads\/2017\/09\/rinol-logo.jpg\" width=\"1198\" height=\"512\" srcset=\"https:\/\/floor-dynamics.com\/wp-content\/uploads\/2017\/09\/rinol-logo.jpg 1198w, https:\/\/floor-dynamics.com\/wp-content\/uploads\/2017\/09\/rinol-logo-300x128.jpg 300w, https:\/\/floor-dynamics.com\/wp-content\/uploads\/2017\/09\/rinol-logo-768x328.jpg 768w, https:\/\/floor-dynamics.com\/wp-content\/uploads\/2017\/09\/rinol-logo-1024x438.jpg 1024w\" sizes=\"(max-width: 1198px) 100vw, 1198px\" alt=\"RINOL industrial resin flooring systems | commercial epoxy resin flooring\" \t\tclass=\"so-widget-image\"\/>\n\t\t\t<\/a><\/div>\n\n<h3 class=\"widget-title\"><\/h3><\/div><\/div><\/div><div id=\"panel-2636-1-0-1\" class=\"so-panel widget widget_sow-editor panel-last-child\" data-index=\"2\" ><div class=\"panel-widget-style panel-widget-style-for-2636-1-0-1\" ><div\n\t\t\t\n\t\t\tclass=\"so-widget-sow-editor so-widget-sow-editor-base\"\n\t\t\t\n\t\t>\n<div class=\"siteorigin-widget-tinymce textwidget\">\n\t<p><a href=\"http:\/\/www.rinol.de\/es\/content\/broschueren.html\"><strong>Folletos de RINOL<\/strong><\/a><\/p>\n<\/div>\n<\/div><\/div><\/div><\/div><\/div><div id=\"pgc-2636-1-1\"  class=\"panel-grid-cell\" ><div class=\"box-shadow panel-cell-style panel-cell-style-for-2636-1-1\" ><div id=\"panel-2636-1-1-0\" class=\"so-panel widget widget_sow-image panel-first-child\" data-index=\"3\" ><div class=\"flooring-brands panel-widget-style panel-widget-style-for-2636-1-1-0\" ><div\n\t\t\t\n\t\t\tclass=\"so-widget-sow-image so-widget-sow-image-default-c67d20f9f743-2636\"\n\t\t\t\n\t\t>\n<div class=\"sow-image-container\">\n\t\t\t<a href=\"http:\/\/www.rocland.eu\/en\/en-faq.html\"\n\t\t\ttarget=\"_blank\" rel=\"noopener noreferrer\" \t\t>\n\t\t\t<img \n\tsrc=\"https:\/\/floor-dynamics.com\/wp-content\/uploads\/2017\/09\/Rocland-with-strapline.jpg\" width=\"650\" height=\"619\" srcset=\"https:\/\/floor-dynamics.com\/wp-content\/uploads\/2017\/09\/Rocland-with-strapline.jpg 650w, https:\/\/floor-dynamics.com\/wp-content\/uploads\/2017\/09\/Rocland-with-strapline-300x286.jpg 300w\" sizes=\"(max-width: 650px) 100vw, 650px\" alt=\"ROCLAND concrete dry-shake | concrete surface hardeners | industrial floor coatings\" \t\tclass=\"so-widget-image\"\/>\n\t\t\t<\/a><\/div>\n\n<h3 class=\"widget-title\"><\/h3><\/div><\/div><\/div><div id=\"panel-2636-1-1-1\" class=\"so-panel widget widget_sow-editor panel-last-child\" data-index=\"4\" ><div class=\"panel-widget-style panel-widget-style-for-2636-1-1-1\" ><div\n\t\t\t\n\t\t\tclass=\"so-widget-sow-editor so-widget-sow-editor-base\"\n\t\t\t\n\t\t>\n<div class=\"siteorigin-widget-tinymce textwidget\">\n\t<p><strong><a href=\"http:\/\/www.rocland.eu\/en\/en-faq.html\">Preguntas frecuentes sobre ROCLAND<\/a><\/strong><\/p>\n<\/div>\n<\/div><\/div><\/div><\/div><\/div><div id=\"pgc-2636-1-2\"  class=\"panel-grid-cell\" ><div class=\"box-shadow panel-cell-style panel-cell-style-for-2636-1-2\" ><div id=\"panel-2636-1-2-0\" class=\"so-panel widget widget_sow-image panel-first-child\" data-index=\"5\" ><div class=\"flooring-brands panel-widget-style panel-widget-style-for-2636-1-2-0\" ><div\n\t\t\t\n\t\t\tclass=\"so-widget-sow-image so-widget-sow-image-default-c67d20f9f743-2636\"\n\t\t\t\n\t\t>\n<div class=\"sow-image-container\">\n\t\t\t<a href=\"https:\/\/www.permaban.com\/technical-help\"\n\t\t\ttarget=\"_blank\" rel=\"noopener noreferrer\" \t\t>\n\t\t\t<img \n\tsrc=\"https:\/\/floor-dynamics.com\/wp-content\/uploads\/2017\/09\/Permaban-logo-strapline.jpg\" width=\"500\" height=\"144\" srcset=\"https:\/\/floor-dynamics.com\/wp-content\/uploads\/2017\/09\/Permaban-logo-strapline.jpg 500w, https:\/\/floor-dynamics.com\/wp-content\/uploads\/2017\/09\/Permaban-logo-strapline-300x86.jpg 300w\" sizes=\"(max-width: 500px) 100vw, 500px\" alt=\"Permaban armoured joints for industrial floors | concrete joints | leave in place formwork\" \t\tclass=\"so-widget-image\"\/>\n\t\t\t<\/a><\/div>\n\n<h3 class=\"widget-title\"><\/h3><\/div><\/div><\/div><div id=\"panel-2636-1-2-1\" class=\"so-panel widget widget_sow-editor panel-last-child\" data-index=\"6\" ><div class=\"panel-widget-style panel-widget-style-for-2636-1-2-1\" ><div\n\t\t\t\n\t\t\tclass=\"so-widget-sow-editor so-widget-sow-editor-base\"\n\t\t\t\n\t\t>\n<div class=\"siteorigin-widget-tinymce textwidget\">\n\t<p><a href=\"https:\/\/www.permaban.com\/technical-help\"><strong>Centro de asistencia t\u00e9cnica de Permaban<\/strong><\/a><\/p>\n<\/div>\n<\/div><\/div><\/div><\/div><\/div><\/div><\/div><div id=\"pg-2636-2\"  class=\"panel-grid panel-no-style\" ><div id=\"pgc-2636-2-0\"  class=\"panel-grid-cell\" ><div id=\"panel-2636-2-0-0\" class=\"so-panel widget widget_sow-editor panel-first-child panel-last-child\" data-index=\"7\" ><div\n\t\t\t\n\t\t\tclass=\"so-widget-sow-editor so-widget-sow-editor-base\"\n\t\t\t\n\t\t>\n<div class=\"siteorigin-widget-tinymce textwidget\">\n\t<h5>ART\u00cdCULOS T\u00c9CNICOS<\/h5>\n<\/div>\n<\/div><\/div><\/div><\/div><div id=\"pg-2636-3\"  class=\"panel-grid panel-has-style\" ><div class=\"siteorigin-panels-stretch panel-row-style panel-row-style-for-2636-3\" data-stretch-type=\"full\" ><div id=\"pgc-2636-3-0\"  class=\"panel-grid-cell\" ><div class=\"box-shadow panel-cell-style panel-cell-style-for-2636-3-0\" ><div id=\"panel-2636-3-0-0\" class=\"so-panel widget widget_sow-image panel-first-child\" data-index=\"8\" ><div class=\"flooring-brands panel-widget-style panel-widget-style-for-2636-3-0-0\" ><div\n\t\t\t\n\t\t\tclass=\"so-widget-sow-image so-widget-sow-image-default-a258e6bfa2d8-2636\"\n\t\t\t\n\t\t>\n<div class=\"sow-image-container\">\n\t\t\t<a href=\"https:\/\/www.permaban.com\/technical-blog\/a-new-lease-of-life-for-tired-concrete-floors\"\n\t\t\ttarget=\"_blank\" rel=\"noopener noreferrer\" \t\t>\n\t\t\t<img \n\tsrc=\"https:\/\/floor-dynamics.com\/wp-content\/uploads\/2017\/09\/7___finished_floor.jpg\" width=\"800\" height=\"257\" srcset=\"https:\/\/floor-dynamics.com\/wp-content\/uploads\/2017\/09\/7___finished_floor.jpg 800w, https:\/\/floor-dynamics.com\/wp-content\/uploads\/2017\/09\/7___finished_floor-640x206.jpg 640w, https:\/\/floor-dynamics.com\/wp-content\/uploads\/2017\/09\/7___finished_floor-768x247.jpg 768w\" sizes=\"(max-width: 800px) 100vw, 800px\" alt=\"Industrial floor coating\" \t\tclass=\"so-widget-image\"\/>\n\t\t\t<\/a><\/div>\n\n<h3 class=\"widget-title\"><\/h3><\/div><\/div><\/div><div id=\"panel-2636-3-0-1\" class=\"so-panel widget widget_sow-editor panel-last-child\" data-index=\"9\" ><div class=\"panel-widget-style panel-widget-style-for-2636-3-0-1\" ><div\n\t\t\t\n\t\t\tclass=\"so-widget-sow-editor so-widget-sow-editor-base\"\n\t\t\t\n\t\t>\n<div class=\"siteorigin-widget-tinymce textwidget\">\n\t<p><a href=\"https:\/\/www.permaban.com\/technical-blog\/a-new-lease-of-life-for-tired-concrete-floors\" target=\"_blank\" rel=\"noopener\"><strong>Una nueva vida para suelos de hormig\u00f3n ca\u00eddos<\/strong><\/a><\/p>\n<\/div>\n<\/div><\/div><\/div><\/div><\/div><div id=\"pgc-2636-3-1\"  class=\"panel-grid-cell panel-grid-cell-mobile-last\" ><div class=\"box-shadow panel-cell-style panel-cell-style-for-2636-3-1\" ><div id=\"panel-2636-3-1-0\" class=\"so-panel widget widget_sow-image panel-first-child\" data-index=\"10\" ><div class=\"flooring-brands panel-widget-style panel-widget-style-for-2636-3-1-0\" ><div\n\t\t\t\n\t\t\tclass=\"so-widget-sow-image so-widget-sow-image-default-c67d20f9f743-2636\"\n\t\t\t\n\t\t>\n<div class=\"sow-image-container\">\n\t\t\t<a href=\"http:\/\/www.rocland.eu\/en\/how-do-you-know-youve-got-a-quality-concrete-product\/\"\n\t\t\ttarget=\"_blank\" rel=\"noopener noreferrer\" \t\t>\n\t\t\t<img \n\tsrc=\"https:\/\/floor-dynamics.com\/wp-content\/uploads\/2017\/09\/Lab2.jpg\" width=\"638\" height=\"425\" srcset=\"https:\/\/floor-dynamics.com\/wp-content\/uploads\/2017\/09\/Lab2.jpg 638w, https:\/\/floor-dynamics.com\/wp-content\/uploads\/2017\/09\/Lab2-272x182.jpg 272w\" sizes=\"(max-width: 638px) 100vw, 638px\" alt=\"Industrial floor product | Technical help\" \t\tclass=\"so-widget-image\"\/>\n\t\t\t<\/a><\/div>\n\n<h3 class=\"widget-title\"><\/h3><\/div><\/div><\/div><div id=\"panel-2636-3-1-1\" class=\"so-panel widget widget_sow-editor panel-last-child\" data-index=\"11\" ><div class=\"panel-widget-style panel-widget-style-for-2636-3-1-1\" ><div\n\t\t\t\n\t\t\tclass=\"so-widget-sow-editor so-widget-sow-editor-base\"\n\t\t\t\n\t\t>\n<div class=\"siteorigin-widget-tinymce textwidget\">\n\t<p><strong><a href=\"http:\/\/www.rocland.eu\/en\/how-do-you-know-youve-got-a-quality-concrete-product\/\" target=\"_blank\" rel=\"noopener\"><br \/>\n\u00bfC\u00f3mo sabes que tienes un producto de concreto de calidad?<\/a><\/strong><\/p>\n<\/div>\n<\/div><\/div><\/div><\/div><\/div><div id=\"pgc-2636-3-2\"  class=\"panel-grid-cell panel-grid-cell-empty\" ><div class=\"box-shadow panel-cell-style panel-cell-style-for-2636-3-2\" ><\/div><\/div><\/div><\/div><div id=\"pg-2636-4\"  class=\"panel-grid panel-no-style\" ><div id=\"pgc-2636-4-0\"  class=\"panel-grid-cell\" ><div id=\"panel-2636-4-0-0\" class=\"so-panel widget widget_siteorigin-panels-postloop panel-first-child panel-last-child\" data-index=\"12\" ><div class=\"row panel-widget-style panel-widget-style-for-2636-4-0-0\" >\n\n\n\n\n\t<div class=\"small-12 medium-4 columns column-block technical-post\">\n\t  \t<a href=\"https:\/\/floor-dynamics.com\/es\/escaneo-laser-mapeo-alta-definicion-parte2\/\">\n\t\t\t<div class=\"featured-image\" style=\"background-image: url(https:\/\/floor-dynamics.com\/wp-content\/uploads\/2021\/05\/article6-EN-1-1-400x300.jpg)\"><\/div>\n\t\t<\/a>\n\t  \t<div class=\"post-text\">\n\t\t  \t<div class=\"post-title\"><a href=\"https:\/\/floor-dynamics.com\/es\/escaneo-laser-mapeo-alta-definicion-parte2\/\">Escaneo l\u00e1ser: \u00bfim\u00e1genes bonitas o mapeo de alta definici\u00f3n?<\/a><\/div>\n\t\t<\/div>\n\t<\/div>\n\n\n\n\t<div class=\"small-12 medium-4 columns column-block technical-post\">\n\t  \t<a href=\"https:\/\/floor-dynamics.com\/es\/escaneo-laser-mapeo-alta-definicion\/\">\n\t\t\t<div class=\"featured-image\" style=\"background-image: url(https:\/\/floor-dynamics.com\/wp-content\/uploads\/2020\/10\/article5-EN-1-1-400x300.jpg)\"><\/div>\n\t\t<\/a>\n\t  \t<div class=\"post-text\">\n\t\t  \t<div class=\"post-title\"><a href=\"https:\/\/floor-dynamics.com\/es\/escaneo-laser-mapeo-alta-definicion\/\">Escaneo l\u00e1ser: \u00bfim\u00e1genes bonitas o mapeo de alta definici\u00f3n?<\/a><\/div>\n\t\t<\/div>\n\t<\/div>\n\n\n\n\t<div class=\"small-12 medium-4 columns column-block technical-post\">\n\t  \t<a href=\"https:\/\/floor-dynamics.com\/es\/los-origenes-y-el-futuro-de-las-especificaciones-y-estandares-de-suelos-industriales\/\">\n\t\t\t<div class=\"featured-image\" style=\"background-image: url(https:\/\/floor-dynamics.com\/wp-content\/uploads\/2020\/07\/article-4_10-400x300.jpg)\"><\/div>\n\t\t<\/a>\n\t  \t<div class=\"post-text\">\n\t\t  \t<div class=\"post-title\"><a href=\"https:\/\/floor-dynamics.com\/es\/los-origenes-y-el-futuro-de-las-especificaciones-y-estandares-de-suelos-industriales\/\">Los or\u00edgenes y el futuro de las especificaciones y est\u00e1ndares de suelos industriales.<\/a><\/div>\n\t\t<\/div>\n\t<\/div>\n\n<\/div><\/div><\/div><\/div><div id=\"pg-2636-5\"  class=\"panel-grid panel-has-style\" ><div class=\"left-right-padding panel-row-style panel-row-style-for-2636-5\" ><div id=\"pgc-2636-5-0\"  class=\"panel-grid-cell\" ><div id=\"panel-2636-5-0-0\" class=\"so-panel widget widget_sow-editor panel-first-child panel-last-child\" data-index=\"13\" ><div\n\t\t\t\n\t\t\tclass=\"so-widget-sow-editor so-widget-sow-editor-base\"\n\t\t\t\n\t\t>\n<div class=\"siteorigin-widget-tinymce textwidget\">\n\t<h2>Solicite ayuda a nuestro equipo t\u00e9cnico<\/h2>\n<p>Complete el siguiente formulario y le responderemos lo antes posible. Tambi\u00e9n puede <a href=\"https:\/\/www.wordpress-99157-664249.cloudwaysapps.com\/es\/contacte\/\">ponerse en contacto con la oficina m\u00e1s cercana a usted. <\/a><\/p>\n<p>[gravityform id=\"2\" title=\"false\" description=\"false\" ajax=\"true\"]<\/p>\n<\/div>\n<\/div><\/div><\/div><\/div><\/div><\/div>","protected":false},"excerpt":{"rendered":"<p>Puede ver y descargar informaci\u00f3n detallada acerca de nuestros productos para pavimentos industriales en las webs de nuestras marcas. All\u00ed encontrar\u00e1 folletos, hojas de especificaciones, instrucciones de instalaci\u00f3n y fichas de datos de seguridad. Estaremos adem\u00e1s encantados de responder a&#8230;<\/p>\n","protected":false},"author":5,"featured_media":2385,"parent":0,"menu_order":0,"comment_status":"closed","ping_status":"closed","template":"","meta":{"_acf_changed":false,"footnotes":""},"class_list":["post-2636","page","type-page","status-publish","has-post-thumbnail","hentry"],"acf":[],"yoast_head":"<!-- This site is optimized with the Yoast SEO plugin v27.1.1 - https:\/\/yoast.com\/product\/yoast-seo-wordpress\/ -->\n<title>Pavimentos Industriales y Revestimientos - Asistencia T\u00e9cnica | RCR Flooring Products<\/title>\n<meta name=\"description\" content=\"Estaremos encantados de responder a sus preguntas sobre pavimentos industriales y revestimientos. Tambi\u00e9n impartimos seminarios de capacitaci\u00f3n t\u00e9cnica y desarrollo profesional continuo (DPC).\" \/>\n<meta name=\"robots\" content=\"index, follow, max-snippet:-1, max-image-preview:large, max-video-preview:-1\" \/>\n<link rel=\"canonical\" href=\"https:\/\/floor-dynamics.com\/es\/asistencia-tecnica\/\" \/>\n<meta property=\"og:locale\" content=\"es_ES\" \/>\n<meta property=\"og:type\" content=\"article\" \/>\n<meta property=\"og:title\" content=\"Pavimentos Industriales y Revestimientos - Asistencia T\u00e9cnica | RCR Flooring Products\" \/>\n<meta property=\"og:description\" content=\"Estaremos encantados de responder a sus preguntas sobre pavimentos industriales y revestimientos. Tambi\u00e9n impartimos seminarios de capacitaci\u00f3n t\u00e9cnica y desarrollo profesional continuo (DPC).\" \/>\n<meta property=\"og:url\" content=\"https:\/\/floor-dynamics.com\/es\/asistencia-tecnica\/\" \/>\n<meta property=\"og:site_name\" content=\"Floor Dynamics\" \/>\n<meta property=\"article:modified_time\" content=\"2018-06-29T11:02:15+00:00\" \/>\n<meta property=\"og:image\" content=\"https:\/\/floor-dynamics.com\/wp-content\/uploads\/2017\/09\/04.jpg\" \/>\n\t<meta property=\"og:image:width\" content=\"1920\" \/>\n\t<meta property=\"og:image:height\" content=\"535\" \/>\n\t<meta property=\"og:image:type\" content=\"image\/jpeg\" \/>\n<meta name=\"twitter:card\" content=\"summary_large_image\" \/>\n<meta name=\"twitter:label1\" content=\"Tiempo de lectura\" \/>\n\t<meta name=\"twitter:data1\" content=\"1 minuto\" \/>\n<script type=\"application\/ld+json\" class=\"yoast-schema-graph\">{\"@context\":\"https:\/\/schema.org\",\"@graph\":[{\"@type\":\"WebPage\",\"@id\":\"https:\/\/floor-dynamics.com\/es\/asistencia-tecnica\/\",\"url\":\"https:\/\/floor-dynamics.com\/es\/asistencia-tecnica\/\",\"name\":\"Pavimentos Industriales y Revestimientos - Asistencia T\u00e9cnica | RCR Flooring Products\",\"isPartOf\":{\"@id\":\"https:\/\/floor-dynamics.com\/es\/#website\"},\"primaryImageOfPage\":{\"@id\":\"https:\/\/floor-dynamics.com\/es\/asistencia-tecnica\/#primaryimage\"},\"image\":{\"@id\":\"https:\/\/floor-dynamics.com\/es\/asistencia-tecnica\/#primaryimage\"},\"thumbnailUrl\":\"https:\/\/floor-dynamics.com\/wp-content\/uploads\/2017\/09\/04.jpg\",\"datePublished\":\"2017-09-12T14:59:46+00:00\",\"dateModified\":\"2018-06-29T11:02:15+00:00\",\"description\":\"Estaremos encantados de responder a sus preguntas sobre pavimentos industriales y revestimientos. Tambi\u00e9n impartimos seminarios de capacitaci\u00f3n t\u00e9cnica y desarrollo profesional continuo (DPC).\",\"breadcrumb\":{\"@id\":\"https:\/\/floor-dynamics.com\/es\/asistencia-tecnica\/#breadcrumb\"},\"inLanguage\":\"es\",\"potentialAction\":[{\"@type\":\"ReadAction\",\"target\":[\"https:\/\/floor-dynamics.com\/es\/asistencia-tecnica\/\"]}]},{\"@type\":\"ImageObject\",\"inLanguage\":\"es\",\"@id\":\"https:\/\/floor-dynamics.com\/es\/asistencia-tecnica\/#primaryimage\",\"url\":\"https:\/\/floor-dynamics.com\/wp-content\/uploads\/2017\/09\/04.jpg\",\"contentUrl\":\"https:\/\/floor-dynamics.com\/wp-content\/uploads\/2017\/09\/04.jpg\",\"width\":1920,\"height\":535},{\"@type\":\"BreadcrumbList\",\"@id\":\"https:\/\/floor-dynamics.com\/es\/asistencia-tecnica\/#breadcrumb\",\"itemListElement\":[{\"@type\":\"ListItem\",\"position\":1,\"name\":\"Home\",\"item\":\"https:\/\/floor-dynamics.com\/es\/\"},{\"@type\":\"ListItem\",\"position\":2,\"name\":\"Asistencia t\u00e9cnica\"}]},{\"@type\":\"WebSite\",\"@id\":\"https:\/\/floor-dynamics.com\/es\/#website\",\"url\":\"https:\/\/floor-dynamics.com\/es\/\",\"name\":\"Floor Dynamics\",\"description\":\"Understanding Floors. Optimising Logistics.\",\"potentialAction\":[{\"@type\":\"SearchAction\",\"target\":{\"@type\":\"EntryPoint\",\"urlTemplate\":\"https:\/\/floor-dynamics.com\/es\/?s={search_term_string}\"},\"query-input\":{\"@type\":\"PropertyValueSpecification\",\"valueRequired\":true,\"valueName\":\"search_term_string\"}}],\"inLanguage\":\"es\"}]}<\/script>\n<!-- \/ Yoast SEO plugin. -->","yoast_head_json":{"title":"Pavimentos Industriales y Revestimientos - Asistencia T\u00e9cnica | RCR Flooring Products","description":"Estaremos encantados de responder a sus preguntas sobre pavimentos industriales y revestimientos. Tambi\u00e9n impartimos seminarios de capacitaci\u00f3n t\u00e9cnica y desarrollo profesional continuo (DPC).","robots":{"index":"index","follow":"follow","max-snippet":"max-snippet:-1","max-image-preview":"max-image-preview:large","max-video-preview":"max-video-preview:-1"},"canonical":"https:\/\/floor-dynamics.com\/es\/asistencia-tecnica\/","og_locale":"es_ES","og_type":"article","og_title":"Pavimentos Industriales y Revestimientos - Asistencia T\u00e9cnica | RCR Flooring Products","og_description":"Estaremos encantados de responder a sus preguntas sobre pavimentos industriales y revestimientos. Tambi\u00e9n impartimos seminarios de capacitaci\u00f3n t\u00e9cnica y desarrollo profesional continuo (DPC).","og_url":"https:\/\/floor-dynamics.com\/es\/asistencia-tecnica\/","og_site_name":"Floor Dynamics","article_modified_time":"2018-06-29T11:02:15+00:00","og_image":[{"width":1920,"height":535,"url":"https:\/\/floor-dynamics.com\/wp-content\/uploads\/2017\/09\/04.jpg","type":"image\/jpeg"}],"twitter_card":"summary_large_image","twitter_misc":{"Tiempo de lectura":"1 minuto"},"schema":{"@context":"https:\/\/schema.org","@graph":[{"@type":"WebPage","@id":"https:\/\/floor-dynamics.com\/es\/asistencia-tecnica\/","url":"https:\/\/floor-dynamics.com\/es\/asistencia-tecnica\/","name":"Pavimentos Industriales y Revestimientos - Asistencia T\u00e9cnica | RCR Flooring Products","isPartOf":{"@id":"https:\/\/floor-dynamics.com\/es\/#website"},"primaryImageOfPage":{"@id":"https:\/\/floor-dynamics.com\/es\/asistencia-tecnica\/#primaryimage"},"image":{"@id":"https:\/\/floor-dynamics.com\/es\/asistencia-tecnica\/#primaryimage"},"thumbnailUrl":"https:\/\/floor-dynamics.com\/wp-content\/uploads\/2017\/09\/04.jpg","datePublished":"2017-09-12T14:59:46+00:00","dateModified":"2018-06-29T11:02:15+00:00","description":"Estaremos encantados de responder a sus preguntas sobre pavimentos industriales y revestimientos. Tambi\u00e9n impartimos seminarios de capacitaci\u00f3n t\u00e9cnica y desarrollo profesional continuo (DPC).","breadcrumb":{"@id":"https:\/\/floor-dynamics.com\/es\/asistencia-tecnica\/#breadcrumb"},"inLanguage":"es","potentialAction":[{"@type":"ReadAction","target":["https:\/\/floor-dynamics.com\/es\/asistencia-tecnica\/"]}]},{"@type":"ImageObject","inLanguage":"es","@id":"https:\/\/floor-dynamics.com\/es\/asistencia-tecnica\/#primaryimage","url":"https:\/\/floor-dynamics.com\/wp-content\/uploads\/2017\/09\/04.jpg","contentUrl":"https:\/\/floor-dynamics.com\/wp-content\/uploads\/2017\/09\/04.jpg","width":1920,"height":535},{"@type":"BreadcrumbList","@id":"https:\/\/floor-dynamics.com\/es\/asistencia-tecnica\/#breadcrumb","itemListElement":[{"@type":"ListItem","position":1,"name":"Home","item":"https:\/\/floor-dynamics.com\/es\/"},{"@type":"ListItem","position":2,"name":"Asistencia t\u00e9cnica"}]},{"@type":"WebSite","@id":"https:\/\/floor-dynamics.com\/es\/#website","url":"https:\/\/floor-dynamics.com\/es\/","name":"Floor Dynamics","description":"Understanding Floors. Optimising Logistics.","potentialAction":[{"@type":"SearchAction","target":{"@type":"EntryPoint","urlTemplate":"https:\/\/floor-dynamics.com\/es\/?s={search_term_string}"},"query-input":{"@type":"PropertyValueSpecification","valueRequired":true,"valueName":"search_term_string"}}],"inLanguage":"es"}]}},"_links":{"self":[{"href":"https:\/\/floor-dynamics.com\/es\/wp-json\/wp\/v2\/pages\/2636","targetHints":{"allow":["GET"]}}],"collection":[{"href":"https:\/\/floor-dynamics.com\/es\/wp-json\/wp\/v2\/pages"}],"about":[{"href":"https:\/\/floor-dynamics.com\/es\/wp-json\/wp\/v2\/types\/page"}],"author":[{"embeddable":true,"href":"https:\/\/floor-dynamics.com\/es\/wp-json\/wp\/v2\/users\/5"}],"replies":[{"embeddable":true,"href":"https:\/\/floor-dynamics.com\/es\/wp-json\/wp\/v2\/comments?post=2636"}],"version-history":[{"count":10,"href":"https:\/\/floor-dynamics.com\/es\/wp-json\/wp\/v2\/pages\/2636\/revisions"}],"predecessor-version":[{"id":3180,"href":"https:\/\/floor-dynamics.com\/es\/wp-json\/wp\/v2\/pages\/2636\/revisions\/3180"}],"wp:featuredmedia":[{"embeddable":true,"href":"https:\/\/floor-dynamics.com\/es\/wp-json\/wp\/v2\/media\/2385"}],"wp:attachment":[{"href":"https:\/\/floor-dynamics.com\/es\/wp-json\/wp\/v2\/media?parent=2636"}],"curies":[{"name":"wp","href":"https:\/\/api.w.org\/{rel}","templated":true}]}}