{"id":2642,"date":"2017-09-12T15:59:55","date_gmt":"2017-09-12T14:59:55","guid":{"rendered":"https:\/\/www.wordpress-99157-664249.cloudwaysapps.com\/technical-help\/cpd\/"},"modified":"2018-06-28T15:21:58","modified_gmt":"2018-06-28T14:21:58","slug":"dpc","status":"publish","type":"page","link":"https:\/\/floor-dynamics.com\/es\/asistencia-tecnica\/dpc\/","title":{"rendered":"DPC"},"content":{"rendered":"<div id=\"pl-2642\"  class=\"panel-layout\" ><div id=\"pg-2642-0\"  class=\"panel-grid panel-no-style\" ><div id=\"pgc-2642-0-0\"  class=\"panel-grid-cell\" ><div id=\"panel-2642-0-0-0\" class=\"so-panel widget widget_sow-editor panel-first-child panel-last-child\" data-index=\"0\" ><div class=\"large-font-size panel-widget-style panel-widget-style-for-2642-0-0-0\" ><div\n\t\t\t\n\t\t\tclass=\"so-widget-sow-editor so-widget-sow-editor-base\"\n\t\t\t\n\t\t>\n<div class=\"siteorigin-widget-tinymce textwidget\">\n\t<p>Proporcionamos seminarios de capacitaci\u00f3n t\u00e9cnica y DPC para arquitectos, ingenieros estructurales y contratistas.<\/p>\n<p>Estos seminarios ayudan a los asistentes a mejorar sus conocimientos sobre los pavimentos industriales de hormig\u00f3n, al tiempo que suman valiosas horas de DPC (desarrollo profesional continuo).<\/p>\n<p><img loading=\"lazy\" decoding=\"async\" class=\"alignnone size-full wp-image-1340\" src=\"https:\/\/floor-dynamics.com\/wp-content\/uploads\/2017\/09\/Agustin-CPD.jpg\" alt=\"\" width=\"1000\" height=\"563\" srcset=\"https:\/\/floor-dynamics.com\/wp-content\/uploads\/2017\/09\/Agustin-CPD.jpg 1000w, https:\/\/floor-dynamics.com\/wp-content\/uploads\/2017\/09\/Agustin-CPD-300x169.jpg 300w, https:\/\/floor-dynamics.com\/wp-content\/uploads\/2017\/09\/Agustin-CPD-768x432.jpg 768w\" sizes=\"auto, (max-width: 1000px) 100vw, 1000px\" \/><\/p>\n<p>Nuestros seminarios de DPC est\u00e1n acreditados por el organismo brit\u00e1nico The CPD Certification Service, y cada uno de ellos ofrece una hora de DPC en materia de construcci\u00f3n.<\/p>\n<p>Los expertos en pavimentos industriales de hormig\u00f3n de RCR tambi\u00e9n imparten seminarios en conferencias y ferias de todo el mundo, y estamos siempre abiertos a cualquier oportunidad de compartir nuestros conocimientos con el sector.<\/p>\n<\/div>\n<\/div><\/div><\/div><\/div><\/div><div id=\"pg-2642-1\"  class=\"panel-grid panel-no-style\" ><div id=\"pgc-2642-1-0\"  class=\"panel-grid-cell\" ><div id=\"panel-2642-1-0-0\" class=\"so-panel widget widget_sow-editor panel-first-child panel-last-child\" data-index=\"1\" ><div\n\t\t\t\n\t\t\tclass=\"so-widget-sow-editor so-widget-sow-editor-base\"\n\t\t\t\n\t\t>\n<div class=\"siteorigin-widget-tinymce textwidget\">\n\t<h2>Seminarios actualmente disponibles:<\/h2>\n<\/div>\n<\/div><\/div><\/div><\/div><div id=\"pg-2642-2\"  class=\"panel-grid panel-no-style\" ><div id=\"pgc-2642-2-0\"  class=\"panel-grid-cell\" ><div id=\"panel-2642-2-0-0\" class=\"so-panel widget widget_sow-editor panel-first-child panel-last-child\" data-index=\"2\" ><div\n\t\t\t\n\t\t\tclass=\"so-widget-sow-editor so-widget-sow-editor-base\"\n\t\t\t\n\t\t>\n<div class=\"siteorigin-widget-tinymce textwidget\">\n\t<p><strong>\u00abEspecificaci\u00f3n de juntas en las losas de hormig\u00f3n\u00bb<\/strong><\/p>\n<p>Nuestro seminario abarca todo lo que un ingeniero estructural o arquitecto necesita saber para especificar juntas armadas. Tambi\u00e9n podemos adaptar el seminario para ofrecer capacitaci\u00f3n a contratistas y distribuidores en sus propias instalaciones.<\/p>\n<p>El seminario abarca:<\/p>\n<ul>\n<li>Naturaleza de las losas de hormig\u00f3n<\/li>\n<li>Posici\u00f3n de las juntas de hormig\u00f3n<\/li>\n<li>M\u00e9todos de construcci\u00f3n de los pavimentos, y c\u00f3mo afectan a las juntas<\/li>\n<li>Normas y legislaci\u00f3n relativas al rendimiento de los pavimentos de hormig\u00f3n<\/li>\n<li>Tipos de juntas de hormig\u00f3n, y c\u00f3mo escoger la junta correcta<\/li>\n<li>Ensayos<\/li>\n<li>Transferencia de cargas<\/li>\n<li>Especificaci\u00f3n para la protecci\u00f3n de los pavimentos de hormig\u00f3n<\/li>\n<\/ul>\n<p>Los seminarios duran aproximadamente una hora y pueden celebrarse en sus propias oficinas, habitualmente durante la pausa de la comida. Los asistentes recibir\u00e1n unos aperitivos; al final del acto se emitir\u00e1n los certificados de asistencia.\u00a0\u00a0<em>Este seminario se realiza en ingl\u00e9s.<\/em><\/p>\n<p><a href=\"https:\/\/www.wordpress-99157-664249.cloudwaysapps.com\/es\/contacte\/\">P\u00f3ngase en contacto con nosotros para m\u00e1s informaci\u00f3n.\u00a0<\/a><\/p>\n<\/div>\n<\/div><\/div><\/div><\/div><\/div>","protected":false},"excerpt":{"rendered":"<p>Proporcionamos seminarios de capacitaci\u00f3n t\u00e9cnica y DPC para arquitectos, ingenieros estructurales y contratistas. Estos seminarios ayudan a los asistentes a mejorar sus conocimientos sobre los pavimentos industriales de hormig\u00f3n, al tiempo que suman valiosas horas de DPC (desarrollo profesional continuo)&#8230;.<\/p>\n","protected":false},"author":5,"featured_media":2391,"parent":2636,"menu_order":0,"comment_status":"closed","ping_status":"closed","template":"","meta":{"_acf_changed":false,"footnotes":""},"class_list":["post-2642","page","type-page","status-publish","has-post-thumbnail","hentry"],"acf":[],"yoast_head":"<!-- This site is optimized with the Yoast SEO plugin v27.1.1 - https:\/\/yoast.com\/product\/yoast-seo-wordpress\/ -->\n<title>DPC para Arquitectos y Ingenieros Estructurales | Seminarios de Capacitaci\u00f3n T\u00e9cnica<\/title>\n<meta name=\"description\" content=\"Proporcionamos seminarios de capacitaci\u00f3n t\u00e9cnica y DPC para arquitectos, ingenieros estructurales y contratistas. Estos seminarios ayudan a los asistentes a mejorar sus conocimientos sobre los pavimentos industriales de hormig\u00f3n, al tiempo que suman valiosas horas de DPC (desarrollo profesional continuo).\" \/>\n<meta name=\"robots\" content=\"index, follow, max-snippet:-1, max-image-preview:large, max-video-preview:-1\" \/>\n<link rel=\"canonical\" href=\"https:\/\/floor-dynamics.com\/es\/asistencia-tecnica\/dpc\/\" \/>\n<meta property=\"og:locale\" content=\"es_ES\" \/>\n<meta property=\"og:type\" content=\"article\" \/>\n<meta property=\"og:title\" content=\"DPC para Arquitectos y Ingenieros Estructurales | Seminarios de Capacitaci\u00f3n T\u00e9cnica\" \/>\n<meta property=\"og:description\" content=\"Proporcionamos seminarios de capacitaci\u00f3n t\u00e9cnica y DPC para arquitectos, ingenieros estructurales y contratistas. Estos seminarios ayudan a los asistentes a mejorar sus conocimientos sobre los pavimentos industriales de hormig\u00f3n, al tiempo que suman valiosas horas de DPC (desarrollo profesional continuo).\" \/>\n<meta property=\"og:url\" content=\"https:\/\/floor-dynamics.com\/es\/asistencia-tecnica\/dpc\/\" \/>\n<meta property=\"og:site_name\" content=\"Floor Dynamics\" \/>\n<meta property=\"article:modified_time\" content=\"2018-06-28T14:21:58+00:00\" \/>\n<meta property=\"og:image\" content=\"https:\/\/floor-dynamics.com\/wp-content\/uploads\/2017\/09\/Qualidur.jpg\" \/>\n\t<meta property=\"og:image:width\" content=\"1500\" \/>\n\t<meta property=\"og:image:height\" content=\"589\" \/>\n\t<meta property=\"og:image:type\" content=\"image\/jpeg\" \/>\n<meta name=\"twitter:card\" content=\"summary_large_image\" \/>\n<meta name=\"twitter:label1\" content=\"Tiempo de lectura\" \/>\n\t<meta name=\"twitter:data1\" content=\"1 minuto\" \/>\n<script type=\"application\/ld+json\" class=\"yoast-schema-graph\">{\"@context\":\"https:\/\/schema.org\",\"@graph\":[{\"@type\":\"WebPage\",\"@id\":\"https:\/\/floor-dynamics.com\/es\/asistencia-tecnica\/dpc\/\",\"url\":\"https:\/\/floor-dynamics.com\/es\/asistencia-tecnica\/dpc\/\",\"name\":\"DPC para Arquitectos y Ingenieros Estructurales | Seminarios de Capacitaci\u00f3n T\u00e9cnica\",\"isPartOf\":{\"@id\":\"https:\/\/floor-dynamics.com\/es\/#website\"},\"primaryImageOfPage\":{\"@id\":\"https:\/\/floor-dynamics.com\/es\/asistencia-tecnica\/dpc\/#primaryimage\"},\"image\":{\"@id\":\"https:\/\/floor-dynamics.com\/es\/asistencia-tecnica\/dpc\/#primaryimage\"},\"thumbnailUrl\":\"https:\/\/floor-dynamics.com\/wp-content\/uploads\/2017\/09\/Qualidur.jpg\",\"datePublished\":\"2017-09-12T14:59:55+00:00\",\"dateModified\":\"2018-06-28T14:21:58+00:00\",\"description\":\"Proporcionamos seminarios de capacitaci\u00f3n t\u00e9cnica y DPC para arquitectos, ingenieros estructurales y contratistas. Estos seminarios ayudan a los asistentes a mejorar sus conocimientos sobre los pavimentos industriales de hormig\u00f3n, al tiempo que suman valiosas horas de DPC (desarrollo profesional continuo).\",\"breadcrumb\":{\"@id\":\"https:\/\/floor-dynamics.com\/es\/asistencia-tecnica\/dpc\/#breadcrumb\"},\"inLanguage\":\"es\",\"potentialAction\":[{\"@type\":\"ReadAction\",\"target\":[\"https:\/\/floor-dynamics.com\/es\/asistencia-tecnica\/dpc\/\"]}]},{\"@type\":\"ImageObject\",\"inLanguage\":\"es\",\"@id\":\"https:\/\/floor-dynamics.com\/es\/asistencia-tecnica\/dpc\/#primaryimage\",\"url\":\"https:\/\/floor-dynamics.com\/wp-content\/uploads\/2017\/09\/Qualidur.jpg\",\"contentUrl\":\"https:\/\/floor-dynamics.com\/wp-content\/uploads\/2017\/09\/Qualidur.jpg\",\"width\":1500,\"height\":589},{\"@type\":\"BreadcrumbList\",\"@id\":\"https:\/\/floor-dynamics.com\/es\/asistencia-tecnica\/dpc\/#breadcrumb\",\"itemListElement\":[{\"@type\":\"ListItem\",\"position\":1,\"name\":\"Home\",\"item\":\"https:\/\/floor-dynamics.com\/es\/\"},{\"@type\":\"ListItem\",\"position\":2,\"name\":\"Asistencia t\u00e9cnica\",\"item\":\"https:\/\/floor-dynamics.com\/es\/asistencia-tecnica\/\"},{\"@type\":\"ListItem\",\"position\":3,\"name\":\"DPC\"}]},{\"@type\":\"WebSite\",\"@id\":\"https:\/\/floor-dynamics.com\/es\/#website\",\"url\":\"https:\/\/floor-dynamics.com\/es\/\",\"name\":\"Floor Dynamics\",\"description\":\"Understanding Floors. Optimising Logistics.\",\"potentialAction\":[{\"@type\":\"SearchAction\",\"target\":{\"@type\":\"EntryPoint\",\"urlTemplate\":\"https:\/\/floor-dynamics.com\/es\/?s={search_term_string}\"},\"query-input\":{\"@type\":\"PropertyValueSpecification\",\"valueRequired\":true,\"valueName\":\"search_term_string\"}}],\"inLanguage\":\"es\"}]}<\/script>\n<!-- \/ Yoast SEO plugin. -->","yoast_head_json":{"title":"DPC para Arquitectos y Ingenieros Estructurales | Seminarios de Capacitaci\u00f3n T\u00e9cnica","description":"Proporcionamos seminarios de capacitaci\u00f3n t\u00e9cnica y DPC para arquitectos, ingenieros estructurales y contratistas. Estos seminarios ayudan a los asistentes a mejorar sus conocimientos sobre los pavimentos industriales de hormig\u00f3n, al tiempo que suman valiosas horas de DPC (desarrollo profesional continuo).","robots":{"index":"index","follow":"follow","max-snippet":"max-snippet:-1","max-image-preview":"max-image-preview:large","max-video-preview":"max-video-preview:-1"},"canonical":"https:\/\/floor-dynamics.com\/es\/asistencia-tecnica\/dpc\/","og_locale":"es_ES","og_type":"article","og_title":"DPC para Arquitectos y Ingenieros Estructurales | Seminarios de Capacitaci\u00f3n T\u00e9cnica","og_description":"Proporcionamos seminarios de capacitaci\u00f3n t\u00e9cnica y DPC para arquitectos, ingenieros estructurales y contratistas. Estos seminarios ayudan a los asistentes a mejorar sus conocimientos sobre los pavimentos industriales de hormig\u00f3n, al tiempo que suman valiosas horas de DPC (desarrollo profesional continuo).","og_url":"https:\/\/floor-dynamics.com\/es\/asistencia-tecnica\/dpc\/","og_site_name":"Floor Dynamics","article_modified_time":"2018-06-28T14:21:58+00:00","og_image":[{"width":1500,"height":589,"url":"https:\/\/floor-dynamics.com\/wp-content\/uploads\/2017\/09\/Qualidur.jpg","type":"image\/jpeg"}],"twitter_card":"summary_large_image","twitter_misc":{"Tiempo de lectura":"1 minuto"},"schema":{"@context":"https:\/\/schema.org","@graph":[{"@type":"WebPage","@id":"https:\/\/floor-dynamics.com\/es\/asistencia-tecnica\/dpc\/","url":"https:\/\/floor-dynamics.com\/es\/asistencia-tecnica\/dpc\/","name":"DPC para Arquitectos y Ingenieros Estructurales | Seminarios de Capacitaci\u00f3n T\u00e9cnica","isPartOf":{"@id":"https:\/\/floor-dynamics.com\/es\/#website"},"primaryImageOfPage":{"@id":"https:\/\/floor-dynamics.com\/es\/asistencia-tecnica\/dpc\/#primaryimage"},"image":{"@id":"https:\/\/floor-dynamics.com\/es\/asistencia-tecnica\/dpc\/#primaryimage"},"thumbnailUrl":"https:\/\/floor-dynamics.com\/wp-content\/uploads\/2017\/09\/Qualidur.jpg","datePublished":"2017-09-12T14:59:55+00:00","dateModified":"2018-06-28T14:21:58+00:00","description":"Proporcionamos seminarios de capacitaci\u00f3n t\u00e9cnica y DPC para arquitectos, ingenieros estructurales y contratistas. Estos seminarios ayudan a los asistentes a mejorar sus conocimientos sobre los pavimentos industriales de hormig\u00f3n, al tiempo que suman valiosas horas de DPC (desarrollo profesional continuo).","breadcrumb":{"@id":"https:\/\/floor-dynamics.com\/es\/asistencia-tecnica\/dpc\/#breadcrumb"},"inLanguage":"es","potentialAction":[{"@type":"ReadAction","target":["https:\/\/floor-dynamics.com\/es\/asistencia-tecnica\/dpc\/"]}]},{"@type":"ImageObject","inLanguage":"es","@id":"https:\/\/floor-dynamics.com\/es\/asistencia-tecnica\/dpc\/#primaryimage","url":"https:\/\/floor-dynamics.com\/wp-content\/uploads\/2017\/09\/Qualidur.jpg","contentUrl":"https:\/\/floor-dynamics.com\/wp-content\/uploads\/2017\/09\/Qualidur.jpg","width":1500,"height":589},{"@type":"BreadcrumbList","@id":"https:\/\/floor-dynamics.com\/es\/asistencia-tecnica\/dpc\/#breadcrumb","itemListElement":[{"@type":"ListItem","position":1,"name":"Home","item":"https:\/\/floor-dynamics.com\/es\/"},{"@type":"ListItem","position":2,"name":"Asistencia t\u00e9cnica","item":"https:\/\/floor-dynamics.com\/es\/asistencia-tecnica\/"},{"@type":"ListItem","position":3,"name":"DPC"}]},{"@type":"WebSite","@id":"https:\/\/floor-dynamics.com\/es\/#website","url":"https:\/\/floor-dynamics.com\/es\/","name":"Floor Dynamics","description":"Understanding Floors. Optimising Logistics.","potentialAction":[{"@type":"SearchAction","target":{"@type":"EntryPoint","urlTemplate":"https:\/\/floor-dynamics.com\/es\/?s={search_term_string}"},"query-input":{"@type":"PropertyValueSpecification","valueRequired":true,"valueName":"search_term_string"}}],"inLanguage":"es"}]}},"_links":{"self":[{"href":"https:\/\/floor-dynamics.com\/es\/wp-json\/wp\/v2\/pages\/2642","targetHints":{"allow":["GET"]}}],"collection":[{"href":"https:\/\/floor-dynamics.com\/es\/wp-json\/wp\/v2\/pages"}],"about":[{"href":"https:\/\/floor-dynamics.com\/es\/wp-json\/wp\/v2\/types\/page"}],"author":[{"embeddable":true,"href":"https:\/\/floor-dynamics.com\/es\/wp-json\/wp\/v2\/users\/5"}],"replies":[{"embeddable":true,"href":"https:\/\/floor-dynamics.com\/es\/wp-json\/wp\/v2\/comments?post=2642"}],"version-history":[{"count":7,"href":"https:\/\/floor-dynamics.com\/es\/wp-json\/wp\/v2\/pages\/2642\/revisions"}],"predecessor-version":[{"id":3154,"href":"https:\/\/floor-dynamics.com\/es\/wp-json\/wp\/v2\/pages\/2642\/revisions\/3154"}],"up":[{"embeddable":true,"href":"https:\/\/floor-dynamics.com\/es\/wp-json\/wp\/v2\/pages\/2636"}],"wp:featuredmedia":[{"embeddable":true,"href":"https:\/\/floor-dynamics.com\/es\/wp-json\/wp\/v2\/media\/2391"}],"wp:attachment":[{"href":"https:\/\/floor-dynamics.com\/es\/wp-json\/wp\/v2\/media?parent=2642"}],"curies":[{"name":"wp","href":"https:\/\/api.w.org\/{rel}","templated":true}]}}