{"id":4290,"date":"2020-06-10T08:07:37","date_gmt":"2020-06-10T07:07:37","guid":{"rendered":"https:\/\/floor-dynamics.com\/blog\/"},"modified":"2020-09-21T16:12:29","modified_gmt":"2020-09-21T15:12:29","slug":"blog","status":"publish","type":"page","link":"https:\/\/floor-dynamics.com\/es\/blog\/","title":{"rendered":"BLOG"},"content":{"rendered":"<div id=\"pl-4290\"  class=\"panel-layout\" ><div id=\"pg-4290-0\"  class=\"panel-grid panel-has-style\" ><div class=\"siteorigin-panels-stretch panel-row-style panel-row-style-for-4290-0\" data-stretch-type=\"full\" ><div id=\"pgc-4290-0-0\"  class=\"panel-grid-cell panel-grid-cell-empty\" ><\/div><\/div><\/div><div id=\"pg-4290-1\"  class=\"panel-grid panel-has-style\" ><div class=\"panel-row-style panel-row-style-for-4290-1\" ><div id=\"pgc-4290-1-0\"  class=\"panel-grid-cell\" ><div id=\"panel-4290-1-0-0\" class=\"so-panel widget widget_sow-post-carousel panel-first-child panel-last-child\" data-index=\"0\" ><div\n\t\t\t\n\t\t\tclass=\"so-widget-sow-post-carousel so-widget-sow-post-carousel-base-da7005c8f577-4290\"\n\t\t\t\n\t\t>\t<div\n\t\tclass=\"sow-post-carousel-wrapper sow-post-carousel-theme-base\"\n\t\tstyle=\"overflow: hidden; max-width: 100%; min-height: 300px\"\n\t>\n\t\t<div class=\"sow-carousel-title\">\n\t\t\t<div class=\"sow-carousel-navigation \">\n\t\t\t\t\t\t<a href=\"#\" class=\"sow-carousel-next\" title=\"Siguiente\" aria-label=\"Entradas siguientes\" role=\"button\"><\/a>\n\t\t\t\t\t\t<a href=\"#\" class=\"sow-carousel-previous\" title=\"Anterior\" aria-label=\"Entradas anteriores\" role=\"button\"><\/a>\n\t\t\t\t\t<\/div>\n\t<\/div>\n\n<div class=\"sow-carousel-container \">\n\t\t<div class=\"sow-carousel-wrapper\"\n\t\tdata-dir=\"ltr\"\n\t\tstyle=\"opacity: 0;\"\n\t\tdata-widget=\"post\" data-fetching=\"false\" data-page=\"1\" data-ajax-url=\"https:\/\/floor-dynamics.com\/wp-admin\/admin-ajax.php?_widgets_nonce=3c21633fc0\" data-item_count=\"6\" data-carousel_settings=\"{&quot;loop&quot;:true,&quot;animation&quot;:&quot;Ease&quot;,&quot;animation_speed&quot;:400,&quot;autoplay&quot;:&quot;&quot;,&quot;pauseOnHover&quot;:&quot;&quot;,&quot;autoplaySpeed&quot;:8000,&quot;item_overflow&quot;:true,&quot;autoplay_continuous_scroll&quot;:false}\" data-responsive=\"{&quot;desktop_slides_to_scroll&quot;:1,&quot;tablet_landscape_breakpoint&quot;:1366,&quot;tablet_landscape_slides_to_scroll&quot;:2,&quot;tablet_portrait_breakpoint&quot;:1025,&quot;tablet_portrait_slides_to_scroll&quot;:2,&quot;mobile_breakpoint&quot;:480,&quot;mobile_slides_to_scroll&quot;:1}\" data-variable_width=\"true\" \t>\n\t\t<div\n\t\t\tclass=\"sow-carousel-items\"\n\t\t\t\t\t>\n\t\t\t\t<div class=\"sow-carousel-item\" tabindex=\"-1\" style=\"float: left;\">\n\t\t<div class=\"sow-carousel-thumbnail\">\n\t\t\t\t\t\t\t<a\n\t\t\t\t\thref=\"https:\/\/floor-dynamics.com\/es\/escaneo-laser-mapeo-alta-definicion-parte2\/\"\n\t\t\t\t\t\t\t\t\t\tstyle=\"background-image: url( https:\/\/floor-dynamics.com\/wp-content\/uploads\/2021\/05\/article6-EN-1-1-400x300.jpg )\"\n\t\t\t\t\taria-labelledby=\"sow-carousel-id-4550\"\n\t\t\t\t\ttabindex=\"-1\"\n\t\t\t\t>\n\t\t\t\t\t<span class=\"overlay\"><\/span>\n\t\t\t\t<\/a>\n\t\t\t\t\t<\/div>\n\t\t<h3 class=\"sow-carousel-item-title\">\n\t\t\t<a\n\t\t\t\thref=\"https:\/\/floor-dynamics.com\/es\/escaneo-laser-mapeo-alta-definicion-parte2\/\"\n\t\t\t\tid=\"sow-carousel-id-4550\"\n\t\t\t\t\t\t\t\ttabindex=\"-1\"\n\t\t\t>\n\n\t\t\t\tEscaneo l\u00e1ser: \u00bfim\u00e1genes bonitas o mapeo de alta definici\u00f3n?\t\t\t<\/a>\n\t\t<\/h3>\n\t<\/div>\n\t\t<div class=\"sow-carousel-item\" tabindex=\"-1\" style=\"float: left;\">\n\t\t<div class=\"sow-carousel-thumbnail\">\n\t\t\t\t\t\t\t<a\n\t\t\t\t\thref=\"https:\/\/floor-dynamics.com\/es\/escaneo-laser-mapeo-alta-definicion\/\"\n\t\t\t\t\t\t\t\t\t\tstyle=\"background-image: url( https:\/\/floor-dynamics.com\/wp-content\/uploads\/2020\/10\/article5-EN-1-1-400x300.jpg )\"\n\t\t\t\t\taria-labelledby=\"sow-carousel-id-4493\"\n\t\t\t\t\ttabindex=\"-1\"\n\t\t\t\t>\n\t\t\t\t\t<span class=\"overlay\"><\/span>\n\t\t\t\t<\/a>\n\t\t\t\t\t<\/div>\n\t\t<h3 class=\"sow-carousel-item-title\">\n\t\t\t<a\n\t\t\t\thref=\"https:\/\/floor-dynamics.com\/es\/escaneo-laser-mapeo-alta-definicion\/\"\n\t\t\t\tid=\"sow-carousel-id-4493\"\n\t\t\t\t\t\t\t\ttabindex=\"-1\"\n\t\t\t>\n\n\t\t\t\tEscaneo l\u00e1ser: \u00bfim\u00e1genes bonitas o mapeo de alta definici\u00f3n?\t\t\t<\/a>\n\t\t<\/h3>\n\t<\/div>\n\t\t<div class=\"sow-carousel-item\" tabindex=\"-1\" style=\"float: left;\">\n\t\t<div class=\"sow-carousel-thumbnail\">\n\t\t\t\t\t\t\t<a\n\t\t\t\t\thref=\"https:\/\/floor-dynamics.com\/es\/los-origenes-y-el-futuro-de-las-especificaciones-y-estandares-de-suelos-industriales\/\"\n\t\t\t\t\t\t\t\t\t\tstyle=\"background-image: url( https:\/\/floor-dynamics.com\/wp-content\/uploads\/2020\/07\/article-4_10-400x300.jpg )\"\n\t\t\t\t\taria-labelledby=\"sow-carousel-id-4267\"\n\t\t\t\t\ttabindex=\"-1\"\n\t\t\t\t>\n\t\t\t\t\t<span class=\"overlay\"><\/span>\n\t\t\t\t<\/a>\n\t\t\t\t\t<\/div>\n\t\t<h3 class=\"sow-carousel-item-title\">\n\t\t\t<a\n\t\t\t\thref=\"https:\/\/floor-dynamics.com\/es\/los-origenes-y-el-futuro-de-las-especificaciones-y-estandares-de-suelos-industriales\/\"\n\t\t\t\tid=\"sow-carousel-id-4267\"\n\t\t\t\t\t\t\t\ttabindex=\"-1\"\n\t\t\t>\n\n\t\t\t\tLos or\u00edgenes y el futuro de las especificaciones y est\u00e1ndares de suelos industriales.\t\t\t<\/a>\n\t\t<\/h3>\n\t<\/div>\n\t\t<div class=\"sow-carousel-item\" tabindex=\"-1\" style=\"float: left;\">\n\t\t<div class=\"sow-carousel-thumbnail\">\n\t\t\t\t\t\t\t<a\n\t\t\t\t\thref=\"https:\/\/floor-dynamics.com\/es\/escaner-laser-medicion-regularidad-superficial-pavimento\/\"\n\t\t\t\t\t\t\t\t\t\tstyle=\"background-image: url( https:\/\/floor-dynamics.com\/wp-content\/uploads\/2020\/06\/article-3_1-400x300.jpg )\"\n\t\t\t\t\taria-labelledby=\"sow-carousel-id-4488\"\n\t\t\t\t\ttabindex=\"-1\"\n\t\t\t\t>\n\t\t\t\t\t<span class=\"overlay\"><\/span>\n\t\t\t\t<\/a>\n\t\t\t\t\t<\/div>\n\t\t<h3 class=\"sow-carousel-item-title\">\n\t\t\t<a\n\t\t\t\thref=\"https:\/\/floor-dynamics.com\/es\/escaner-laser-medicion-regularidad-superficial-pavimento\/\"\n\t\t\t\tid=\"sow-carousel-id-4488\"\n\t\t\t\t\t\t\t\ttabindex=\"-1\"\n\t\t\t>\n\n\t\t\t\tUsando esc\u00e1neres l\u00e1ser para medir la regularidad superficial del pavimento\t\t\t<\/a>\n\t\t<\/h3>\n\t<\/div>\n\t\t<div class=\"sow-carousel-item\" tabindex=\"-1\" style=\"float: left;\">\n\t\t<div class=\"sow-carousel-thumbnail\">\n\t\t\t\t\t\t\t<a\n\t\t\t\t\thref=\"https:\/\/floor-dynamics.com\/es\/floor-surface-regularity-terminology-what-does-it-mean\/\"\n\t\t\t\t\t\t\t\t\t\tstyle=\"background-image: url( https:\/\/floor-dynamics.com\/wp-content\/uploads\/2020\/10\/article-2_es-400x300.jpg )\"\n\t\t\t\t\taria-labelledby=\"sow-carousel-id-4478\"\n\t\t\t\t\ttabindex=\"-1\"\n\t\t\t\t>\n\t\t\t\t\t<span class=\"overlay\"><\/span>\n\t\t\t\t<\/a>\n\t\t\t\t\t<\/div>\n\t\t<h3 class=\"sow-carousel-item-title\">\n\t\t\t<a\n\t\t\t\thref=\"https:\/\/floor-dynamics.com\/es\/floor-surface-regularity-terminology-what-does-it-mean\/\"\n\t\t\t\tid=\"sow-carousel-id-4478\"\n\t\t\t\t\t\t\t\ttabindex=\"-1\"\n\t\t\t>\n\n\t\t\t\tLa terminolog\u00eda de la regularidad superficial del pavimento &#8211; \u00bfqu\u00e9 significa cada t\u00e9rmino?\t\t\t<\/a>\n\t\t<\/h3>\n\t<\/div>\n\t\t<div class=\"sow-carousel-item\" tabindex=\"-1\" style=\"float: left;\">\n\t\t<div class=\"sow-carousel-thumbnail\">\n\t\t\t\t\t\t\t<a\n\t\t\t\t\thref=\"https:\/\/floor-dynamics.com\/es\/effect-of-floor-surface-regularity-on-robots\/\"\n\t\t\t\t\t\t\t\t\t\tstyle=\"background-image: url( https:\/\/floor-dynamics.com\/wp-content\/uploads\/2020\/10\/article-1_es-400x300.jpg )\"\n\t\t\t\t\taria-labelledby=\"sow-carousel-id-4471\"\n\t\t\t\t\ttabindex=\"-1\"\n\t\t\t\t>\n\t\t\t\t\t<span class=\"overlay\"><\/span>\n\t\t\t\t<\/a>\n\t\t\t\t\t<\/div>\n\t\t<h3 class=\"sow-carousel-item-title\">\n\t\t\t<a\n\t\t\t\thref=\"https:\/\/floor-dynamics.com\/es\/effect-of-floor-surface-regularity-on-robots\/\"\n\t\t\t\tid=\"sow-carousel-id-4471\"\n\t\t\t\t\t\t\t\ttabindex=\"-1\"\n\t\t\t>\n\n\t\t\t\tEfecto de la regularidad superficial del pavimento en los robots\t\t\t<\/a>\n\t\t<\/h3>\n\t<\/div>\n\t\t\t<\/div>\n\t\t\t<\/div>\n\n\t<\/div>\n\t\t<input type=\"hidden\" name=\"instance_hash\" value=\"16421c23\"\/>\n\t<\/div>\n<\/div><\/div><\/div><\/div><\/div><div id=\"pg-4290-2\"  class=\"panel-grid panel-has-style\" ><div class=\"panel-row-style panel-row-style-for-4290-2\" ><div id=\"pgc-4290-2-0\"  class=\"panel-grid-cell\" ><div id=\"panel-4290-2-0-0\" class=\"so-panel widget widget_siteorigin-panels-postloop panel-first-child panel-last-child\" data-index=\"1\" >\n\n\n\n\n\t<div class=\"small-12 medium-4 columns column-block technical-post\">\n\t  \t<a href=\"https:\/\/floor-dynamics.com\/es\/escaneo-laser-mapeo-alta-definicion-parte2\/\">\n\t\t\t<div class=\"featured-image\" style=\"background-image: url(https:\/\/floor-dynamics.com\/wp-content\/uploads\/2021\/05\/article6-EN-1-1-400x300.jpg)\"><\/div>\n\t\t<\/a>\n\t  \t<div class=\"post-text\">\n\t\t  \t<div class=\"post-title\"><a href=\"https:\/\/floor-dynamics.com\/es\/escaneo-laser-mapeo-alta-definicion-parte2\/\">Escaneo l\u00e1ser: \u00bfim\u00e1genes bonitas o mapeo de alta definici\u00f3n?<\/a><\/div>\n\t\t<\/div>\n\t<\/div>\n\n\n\n\t<div class=\"small-12 medium-4 columns column-block technical-post\">\n\t  \t<a href=\"https:\/\/floor-dynamics.com\/es\/escaneo-laser-mapeo-alta-definicion\/\">\n\t\t\t<div class=\"featured-image\" style=\"background-image: url(https:\/\/floor-dynamics.com\/wp-content\/uploads\/2020\/10\/article5-EN-1-1-400x300.jpg)\"><\/div>\n\t\t<\/a>\n\t  \t<div class=\"post-text\">\n\t\t  \t<div class=\"post-title\"><a href=\"https:\/\/floor-dynamics.com\/es\/escaneo-laser-mapeo-alta-definicion\/\">Escaneo l\u00e1ser: \u00bfim\u00e1genes bonitas o mapeo de alta definici\u00f3n?<\/a><\/div>\n\t\t<\/div>\n\t<\/div>\n\n\n\n\t<div class=\"small-12 medium-4 columns column-block technical-post\">\n\t  \t<a href=\"https:\/\/floor-dynamics.com\/es\/los-origenes-y-el-futuro-de-las-especificaciones-y-estandares-de-suelos-industriales\/\">\n\t\t\t<div class=\"featured-image\" style=\"background-image: url(https:\/\/floor-dynamics.com\/wp-content\/uploads\/2020\/07\/article-4_10-400x300.jpg)\"><\/div>\n\t\t<\/a>\n\t  \t<div class=\"post-text\">\n\t\t  \t<div class=\"post-title\"><a href=\"https:\/\/floor-dynamics.com\/es\/los-origenes-y-el-futuro-de-las-especificaciones-y-estandares-de-suelos-industriales\/\">Los or\u00edgenes y el futuro de las especificaciones y est\u00e1ndares de suelos industriales.<\/a><\/div>\n\t\t<\/div>\n\t<\/div>\n\n\n\n\t<div class=\"small-12 medium-4 columns column-block technical-post\">\n\t  \t<a href=\"https:\/\/floor-dynamics.com\/es\/escaner-laser-medicion-regularidad-superficial-pavimento\/\">\n\t\t\t<div class=\"featured-image\" style=\"background-image: url(https:\/\/floor-dynamics.com\/wp-content\/uploads\/2020\/06\/article-3_1-400x300.jpg)\"><\/div>\n\t\t<\/a>\n\t  \t<div class=\"post-text\">\n\t\t  \t<div class=\"post-title\"><a href=\"https:\/\/floor-dynamics.com\/es\/escaner-laser-medicion-regularidad-superficial-pavimento\/\">Usando esc\u00e1neres l\u00e1ser para medir la regularidad superficial del pavimento<\/a><\/div>\n\t\t<\/div>\n\t<\/div>\n\n\n\n\t<div class=\"small-12 medium-4 columns column-block technical-post\">\n\t  \t<a href=\"https:\/\/floor-dynamics.com\/es\/floor-surface-regularity-terminology-what-does-it-mean\/\">\n\t\t\t<div class=\"featured-image\" style=\"background-image: url(https:\/\/floor-dynamics.com\/wp-content\/uploads\/2020\/10\/article-2_es-400x300.jpg)\"><\/div>\n\t\t<\/a>\n\t  \t<div class=\"post-text\">\n\t\t  \t<div class=\"post-title\"><a href=\"https:\/\/floor-dynamics.com\/es\/floor-surface-regularity-terminology-what-does-it-mean\/\">La terminolog\u00eda de la regularidad superficial del pavimento &#8211; \u00bfqu\u00e9 significa cada t\u00e9rmino?<\/a><\/div>\n\t\t<\/div>\n\t<\/div>\n\n<\/div><\/div><\/div><\/div><\/div>","protected":false},"excerpt":{"rendered":"<p>Escaneo l\u00e1ser: \u00bfim\u00e1genes bonitas o mapeo de alta definici\u00f3n? Escaneo l\u00e1ser: \u00bfim\u00e1genes bonitas o mapeo de alta definici\u00f3n? Los or\u00edgenes y el futuro de las especificaciones y est\u00e1ndares de suelos industriales. Usando esc\u00e1neres l\u00e1ser para medir la regularidad superficial del&#8230;<\/p>\n","protected":false},"author":5,"featured_media":2364,"parent":0,"menu_order":0,"comment_status":"closed","ping_status":"closed","template":"","meta":{"_acf_changed":false,"footnotes":""},"class_list":["post-4290","page","type-page","status-publish","has-post-thumbnail","hentry"],"acf":[],"yoast_head":"<!-- This site is optimized with the Yoast SEO plugin v27.3 - https:\/\/yoast.com\/product\/yoast-seo-wordpress\/ -->\n<title>BLOG - Floor Dynamics<\/title>\n<meta name=\"robots\" content=\"index, follow, max-snippet:-1, max-image-preview:large, max-video-preview:-1\" \/>\n<link rel=\"canonical\" href=\"https:\/\/floor-dynamics.com\/es\/blog\/\" \/>\n<meta property=\"og:locale\" content=\"es_ES\" \/>\n<meta property=\"og:type\" content=\"article\" \/>\n<meta property=\"og:title\" content=\"BLOG - Floor Dynamics\" \/>\n<meta property=\"og:description\" content=\"Escaneo l\u00e1ser: \u00bfim\u00e1genes bonitas o mapeo de alta definici\u00f3n? Escaneo l\u00e1ser: \u00bfim\u00e1genes bonitas o mapeo de alta definici\u00f3n? Los or\u00edgenes y el futuro de las especificaciones y est\u00e1ndares de suelos industriales. Usando esc\u00e1neres l\u00e1ser para medir la regularidad superficial del...\" \/>\n<meta property=\"og:url\" content=\"https:\/\/floor-dynamics.com\/es\/blog\/\" \/>\n<meta property=\"og:site_name\" content=\"Floor Dynamics\" \/>\n<meta property=\"article:modified_time\" content=\"2020-09-21T15:12:29+00:00\" \/>\n<meta property=\"og:image\" content=\"https:\/\/floor-dynamics.com\/wp-content\/uploads\/2017\/09\/DKV-Ratingen_2.jpg\" \/>\n\t<meta property=\"og:image:width\" content=\"1024\" \/>\n\t<meta property=\"og:image:height\" content=\"593\" \/>\n\t<meta property=\"og:image:type\" content=\"image\/jpeg\" \/>\n<meta name=\"twitter:card\" content=\"summary_large_image\" \/>\n<script type=\"application\/ld+json\" class=\"yoast-schema-graph\">{\"@context\":\"https:\\\/\\\/schema.org\",\"@graph\":[{\"@type\":\"WebPage\",\"@id\":\"https:\\\/\\\/floor-dynamics.com\\\/es\\\/blog\\\/\",\"url\":\"https:\\\/\\\/floor-dynamics.com\\\/es\\\/blog\\\/\",\"name\":\"BLOG - Floor Dynamics\",\"isPartOf\":{\"@id\":\"https:\\\/\\\/floor-dynamics.com\\\/es\\\/#website\"},\"primaryImageOfPage\":{\"@id\":\"https:\\\/\\\/floor-dynamics.com\\\/es\\\/blog\\\/#primaryimage\"},\"image\":{\"@id\":\"https:\\\/\\\/floor-dynamics.com\\\/es\\\/blog\\\/#primaryimage\"},\"thumbnailUrl\":\"https:\\\/\\\/floor-dynamics.com\\\/wp-content\\\/uploads\\\/2017\\\/09\\\/DKV-Ratingen_2.jpg\",\"datePublished\":\"2020-06-10T07:07:37+00:00\",\"dateModified\":\"2020-09-21T15:12:29+00:00\",\"breadcrumb\":{\"@id\":\"https:\\\/\\\/floor-dynamics.com\\\/es\\\/blog\\\/#breadcrumb\"},\"inLanguage\":\"es\",\"potentialAction\":[{\"@type\":\"ReadAction\",\"target\":[\"https:\\\/\\\/floor-dynamics.com\\\/es\\\/blog\\\/\"]}]},{\"@type\":\"ImageObject\",\"inLanguage\":\"es\",\"@id\":\"https:\\\/\\\/floor-dynamics.com\\\/es\\\/blog\\\/#primaryimage\",\"url\":\"https:\\\/\\\/floor-dynamics.com\\\/wp-content\\\/uploads\\\/2017\\\/09\\\/DKV-Ratingen_2.jpg\",\"contentUrl\":\"https:\\\/\\\/floor-dynamics.com\\\/wp-content\\\/uploads\\\/2017\\\/09\\\/DKV-Ratingen_2.jpg\",\"width\":1024,\"height\":593},{\"@type\":\"BreadcrumbList\",\"@id\":\"https:\\\/\\\/floor-dynamics.com\\\/es\\\/blog\\\/#breadcrumb\",\"itemListElement\":[{\"@type\":\"ListItem\",\"position\":1,\"name\":\"Home\",\"item\":\"https:\\\/\\\/floor-dynamics.com\\\/es\\\/\"},{\"@type\":\"ListItem\",\"position\":2,\"name\":\"BLOG\"}]},{\"@type\":\"WebSite\",\"@id\":\"https:\\\/\\\/floor-dynamics.com\\\/es\\\/#website\",\"url\":\"https:\\\/\\\/floor-dynamics.com\\\/es\\\/\",\"name\":\"Floor Dynamics\",\"description\":\"Understanding Floors. Optimising Logistics.\",\"potentialAction\":[{\"@type\":\"SearchAction\",\"target\":{\"@type\":\"EntryPoint\",\"urlTemplate\":\"https:\\\/\\\/floor-dynamics.com\\\/es\\\/?s={search_term_string}\"},\"query-input\":{\"@type\":\"PropertyValueSpecification\",\"valueRequired\":true,\"valueName\":\"search_term_string\"}}],\"inLanguage\":\"es\"}]}<\/script>\n<!-- \/ Yoast SEO plugin. -->","yoast_head_json":{"title":"BLOG - Floor Dynamics","robots":{"index":"index","follow":"follow","max-snippet":"max-snippet:-1","max-image-preview":"max-image-preview:large","max-video-preview":"max-video-preview:-1"},"canonical":"https:\/\/floor-dynamics.com\/es\/blog\/","og_locale":"es_ES","og_type":"article","og_title":"BLOG - Floor Dynamics","og_description":"Escaneo l\u00e1ser: \u00bfim\u00e1genes bonitas o mapeo de alta definici\u00f3n? Escaneo l\u00e1ser: \u00bfim\u00e1genes bonitas o mapeo de alta definici\u00f3n? Los or\u00edgenes y el futuro de las especificaciones y est\u00e1ndares de suelos industriales. Usando esc\u00e1neres l\u00e1ser para medir la regularidad superficial del...","og_url":"https:\/\/floor-dynamics.com\/es\/blog\/","og_site_name":"Floor Dynamics","article_modified_time":"2020-09-21T15:12:29+00:00","og_image":[{"width":1024,"height":593,"url":"https:\/\/floor-dynamics.com\/wp-content\/uploads\/2017\/09\/DKV-Ratingen_2.jpg","type":"image\/jpeg"}],"twitter_card":"summary_large_image","schema":{"@context":"https:\/\/schema.org","@graph":[{"@type":"WebPage","@id":"https:\/\/floor-dynamics.com\/es\/blog\/","url":"https:\/\/floor-dynamics.com\/es\/blog\/","name":"BLOG - Floor Dynamics","isPartOf":{"@id":"https:\/\/floor-dynamics.com\/es\/#website"},"primaryImageOfPage":{"@id":"https:\/\/floor-dynamics.com\/es\/blog\/#primaryimage"},"image":{"@id":"https:\/\/floor-dynamics.com\/es\/blog\/#primaryimage"},"thumbnailUrl":"https:\/\/floor-dynamics.com\/wp-content\/uploads\/2017\/09\/DKV-Ratingen_2.jpg","datePublished":"2020-06-10T07:07:37+00:00","dateModified":"2020-09-21T15:12:29+00:00","breadcrumb":{"@id":"https:\/\/floor-dynamics.com\/es\/blog\/#breadcrumb"},"inLanguage":"es","potentialAction":[{"@type":"ReadAction","target":["https:\/\/floor-dynamics.com\/es\/blog\/"]}]},{"@type":"ImageObject","inLanguage":"es","@id":"https:\/\/floor-dynamics.com\/es\/blog\/#primaryimage","url":"https:\/\/floor-dynamics.com\/wp-content\/uploads\/2017\/09\/DKV-Ratingen_2.jpg","contentUrl":"https:\/\/floor-dynamics.com\/wp-content\/uploads\/2017\/09\/DKV-Ratingen_2.jpg","width":1024,"height":593},{"@type":"BreadcrumbList","@id":"https:\/\/floor-dynamics.com\/es\/blog\/#breadcrumb","itemListElement":[{"@type":"ListItem","position":1,"name":"Home","item":"https:\/\/floor-dynamics.com\/es\/"},{"@type":"ListItem","position":2,"name":"BLOG"}]},{"@type":"WebSite","@id":"https:\/\/floor-dynamics.com\/es\/#website","url":"https:\/\/floor-dynamics.com\/es\/","name":"Floor Dynamics","description":"Understanding Floors. Optimising Logistics.","potentialAction":[{"@type":"SearchAction","target":{"@type":"EntryPoint","urlTemplate":"https:\/\/floor-dynamics.com\/es\/?s={search_term_string}"},"query-input":{"@type":"PropertyValueSpecification","valueRequired":true,"valueName":"search_term_string"}}],"inLanguage":"es"}]}},"_links":{"self":[{"href":"https:\/\/floor-dynamics.com\/es\/wp-json\/wp\/v2\/pages\/4290","targetHints":{"allow":["GET"]}}],"collection":[{"href":"https:\/\/floor-dynamics.com\/es\/wp-json\/wp\/v2\/pages"}],"about":[{"href":"https:\/\/floor-dynamics.com\/es\/wp-json\/wp\/v2\/types\/page"}],"author":[{"embeddable":true,"href":"https:\/\/floor-dynamics.com\/es\/wp-json\/wp\/v2\/users\/5"}],"replies":[{"embeddable":true,"href":"https:\/\/floor-dynamics.com\/es\/wp-json\/wp\/v2\/comments?post=4290"}],"version-history":[{"count":2,"href":"https:\/\/floor-dynamics.com\/es\/wp-json\/wp\/v2\/pages\/4290\/revisions"}],"predecessor-version":[{"id":4292,"href":"https:\/\/floor-dynamics.com\/es\/wp-json\/wp\/v2\/pages\/4290\/revisions\/4292"}],"wp:featuredmedia":[{"embeddable":true,"href":"https:\/\/floor-dynamics.com\/es\/wp-json\/wp\/v2\/media\/2364"}],"wp:attachment":[{"href":"https:\/\/floor-dynamics.com\/es\/wp-json\/wp\/v2\/media?parent=4290"}],"curies":[{"name":"wp","href":"https:\/\/api.w.org\/{rel}","templated":true}]}}