{"id":2595,"date":"2017-09-12T15:57:58","date_gmt":"2017-09-12T14:57:58","guid":{"rendered":"https:\/\/www.wordpress-99157-664249.cloudwaysapps.com\/french-about-us\/history\/"},"modified":"2018-07-26T17:13:55","modified_gmt":"2018-07-26T16:13:55","slug":"notre-histoire","status":"publish","type":"page","link":"https:\/\/floor-dynamics.com\/fr\/a-propos-de-nous\/notre-histoire\/","title":{"rendered":"Notre histoire"},"content":{"rendered":"<div id=\"pl-2595\"  class=\"panel-layout\" ><div id=\"pg-2595-0\"  class=\"panel-grid panel-no-style\" ><div id=\"pgc-2595-0-0\"  class=\"panel-grid-cell\" ><div id=\"panel-2595-0-0-0\" class=\"so-panel widget widget_sow-editor panel-first-child\" data-index=\"0\" ><div class=\"large-font-size panel-widget-style panel-widget-style-for-2595-0-0-0\" ><div\n\t\t\t\n\t\t\tclass=\"so-widget-sow-editor so-widget-sow-editor-base\"\n\t\t\t\n\t\t>\n<div class=\"siteorigin-widget-tinymce textwidget\">\n\t<p>Durant les ann\u00e9es 1980, la demande de service de distribution mondiale a fortement augment\u00e9. Cette augmentation s\u2019est accompagn\u00e9e d\u2019une demande croissante pour les gros entrep\u00f4ts et centres de distribution \u00e0 travers le monde.<\/p>\n<\/div>\n<\/div><\/div><\/div><div id=\"panel-2595-0-0-1\" class=\"so-panel widget widget_sow-editor panel-last-child\" data-index=\"1\" ><div\n\t\t\t\n\t\t\tclass=\"so-widget-sow-editor so-widget-sow-editor-base\"\n\t\t\t\n\t\t>\n<div class=\"siteorigin-widget-tinymce textwidget\">\n\t<p>Cette demande s\u2019est \u00e0 son tour traduite par deux nouvelles industries. Tout d\u2019abord, des entrepreneurs sp\u00e9cialistes des rev\u00eatements de sols, dot\u00e9s de l\u2019expertise n\u00e9cessaire pour cr\u00e9er des sols en b\u00e9ton \u00e0 grande \u00e9chelle. Deuxi\u00e8mement, des mat\u00e9riaux sp\u00e9cialis\u00e9s \u00e0 utiliser dans ces sols.<\/p>\n<h5>LES PRODUITS DE REV\u00caTEMENTS DE SOLS INDUSTRIELS RINOL, PERMABAN ET ROCLAND<\/h5>\n<p>Trois soci\u00e9t\u00e9s partageaient une vision des opportunit\u00e9s d\u2019avenir : RINOL en Allemagne, Permaban au Royaume-Uni et Placeo en France, un entrepreneur sp\u00e9cialis\u00e9 dans les rev\u00eatements de sols et dot\u00e9 d\u2019un d\u00e9partement de fabrication de produits. (Ce d\u00e9partement a par la suite \u00e9t\u00e9 incorpor\u00e9 en tant qu\u2019entit\u00e9 s\u00e9par\u00e9e, RCR Production France, qui g\u00e8re aujourd\u2019hui la marque ROCLAND.)<\/p>\n<p>En 2006, les dirigeants entreprenants de RINOL et de Placeo ont reconnu les avantages d\u2019une collaboration. Ils ont alors lanc\u00e9 ensemble une nouvelle marque internationale de rev\u00eatements de sols industriels : RCR. <a href=\"https:\/\/www.rcrindustrialflooring.fr\/\" target=\"_blank\" rel=\"noopener\">RCR Industrial Flooring<\/a>\u00a0a \u00e9t\u00e9 fond\u00e9 sur la volont\u00e9 d\u2019exploiter l\u2019expertise de grandes marques du monde entier et de r\u00e9aliser seulement ce qui se fait de mieux. Ces valeurs se v\u00e9rifient encore aujourd\u2019hui.<\/p>\n<h5>LA CROISSANCE INTERNATIONALE DE RCR<\/h5>\n<p>Au fil des ans, les entreprises RCR sont toujours rest\u00e9es \u00e0 l\u2019avant-garde de la technologie des sols industriels tout au long de leur croissance et de leur d\u00e9veloppement. Aujourd\u2019hui dot\u00e9e d\u2019un chiffre d\u2019affaires d\u00e9passant les 160 millions d\u2019euros et de plus de 850 employ\u00e9s de par le monde, RCR n\u2019a cess\u00e9 de renforcer sa position au fil des ans. RCR est fi\u00e8re d\u2019\u00eatre la seule organisation au monde offrant un service enti\u00e8rement int\u00e9gr\u00e9 pour les sols industriels.<\/p>\n<p>Dans le cadre d\u2019un d\u00e9veloppement et d\u2019une rationalisation continus du groupe RCR, la division RCR Flooring Products a \u00e9t\u00e9 fond\u00e9e en 2013 pour rassembler tous les fabricants de produits RCR sous le m\u00eame nom, avec un engagement envers une collaboration approfondie.<\/p>\n<p><a href=\"https:\/\/www.wordpress-99157-664249.cloudwaysapps.com\/fr\/produits\/\">En savoir plus sur nos produits.<\/a><\/p>\n<\/div>\n<\/div><\/div><\/div><\/div><\/div>","protected":false},"excerpt":{"rendered":"<p>Durant les ann\u00e9es 1980, la demande de service de distribution mondiale a fortement augment\u00e9. Cette augmentation s\u2019est accompagn\u00e9e d\u2019une demande croissante pour les gros entrep\u00f4ts et centres de distribution \u00e0 travers le monde. Cette demande s\u2019est \u00e0 son tour traduite&#8230;<\/p>\n","protected":false},"author":5,"featured_media":2224,"parent":1753,"menu_order":0,"comment_status":"closed","ping_status":"closed","template":"","meta":{"_acf_changed":false,"footnotes":""},"class_list":["post-2595","page","type-page","status-publish","has-post-thumbnail","hentry"],"acf":[],"yoast_head":"<!-- This site is optimized with the Yoast SEO plugin v27.3 - https:\/\/yoast.com\/product\/yoast-seo-wordpress\/ -->\n<title>Produits De Sols Industriels, Fabricants De Sols \u00c9poxy | RCR<\/title>\n<meta name=\"description\" content=\"D\u00e9couvrez comment les marques de rev\u00eatements de sol industriels RINOL, ROCLAND et Permaban ont fait partie du groupe RCR Industrial Flooring.\" \/>\n<meta name=\"robots\" content=\"index, follow, max-snippet:-1, max-image-preview:large, max-video-preview:-1\" \/>\n<link rel=\"canonical\" href=\"https:\/\/floor-dynamics.com\/fr\/a-propos-de-nous\/notre-histoire\/\" \/>\n<meta property=\"og:locale\" content=\"fr_FR\" \/>\n<meta property=\"og:type\" content=\"article\" \/>\n<meta property=\"og:title\" content=\"Produits De Sols Industriels, Fabricants De Sols \u00c9poxy | RCR\" \/>\n<meta property=\"og:description\" content=\"D\u00e9couvrez comment les marques de rev\u00eatements de sol industriels RINOL, ROCLAND et Permaban ont fait partie du groupe RCR Industrial Flooring.\" \/>\n<meta property=\"og:url\" content=\"https:\/\/floor-dynamics.com\/fr\/a-propos-de-nous\/notre-histoire\/\" \/>\n<meta property=\"og:site_name\" content=\"Floor Dynamics\" \/>\n<meta property=\"article:modified_time\" content=\"2018-07-26T16:13:55+00:00\" \/>\n<meta property=\"og:image\" content=\"https:\/\/floor-dynamics.com\/wp-content\/uploads\/2017\/09\/SY9A8606-web.jpg\" \/>\n\t<meta property=\"og:image:width\" content=\"1024\" \/>\n\t<meta property=\"og:image:height\" content=\"683\" \/>\n\t<meta property=\"og:image:type\" content=\"image\/jpeg\" \/>\n<meta name=\"twitter:card\" content=\"summary_large_image\" \/>\n<meta name=\"twitter:label1\" content=\"Dur\u00e9e de lecture estim\u00e9e\" \/>\n\t<meta name=\"twitter:data1\" content=\"2 minutes\" \/>\n<script type=\"application\/ld+json\" class=\"yoast-schema-graph\">{\"@context\":\"https:\\\/\\\/schema.org\",\"@graph\":[{\"@type\":\"WebPage\",\"@id\":\"https:\\\/\\\/floor-dynamics.com\\\/fr\\\/a-propos-de-nous\\\/notre-histoire\\\/\",\"url\":\"https:\\\/\\\/floor-dynamics.com\\\/fr\\\/a-propos-de-nous\\\/notre-histoire\\\/\",\"name\":\"Produits De Sols Industriels, Fabricants De Sols \u00c9poxy | RCR\",\"isPartOf\":{\"@id\":\"https:\\\/\\\/floor-dynamics.com\\\/fr\\\/#website\"},\"primaryImageOfPage\":{\"@id\":\"https:\\\/\\\/floor-dynamics.com\\\/fr\\\/a-propos-de-nous\\\/notre-histoire\\\/#primaryimage\"},\"image\":{\"@id\":\"https:\\\/\\\/floor-dynamics.com\\\/fr\\\/a-propos-de-nous\\\/notre-histoire\\\/#primaryimage\"},\"thumbnailUrl\":\"https:\\\/\\\/floor-dynamics.com\\\/wp-content\\\/uploads\\\/2017\\\/09\\\/SY9A8606-web.jpg\",\"datePublished\":\"2017-09-12T14:57:58+00:00\",\"dateModified\":\"2018-07-26T16:13:55+00:00\",\"description\":\"D\u00e9couvrez comment les marques de rev\u00eatements de sol industriels RINOL, ROCLAND et Permaban ont fait partie du groupe RCR Industrial Flooring.\",\"breadcrumb\":{\"@id\":\"https:\\\/\\\/floor-dynamics.com\\\/fr\\\/a-propos-de-nous\\\/notre-histoire\\\/#breadcrumb\"},\"inLanguage\":\"fr-FR\",\"potentialAction\":[{\"@type\":\"ReadAction\",\"target\":[\"https:\\\/\\\/floor-dynamics.com\\\/fr\\\/a-propos-de-nous\\\/notre-histoire\\\/\"]}]},{\"@type\":\"ImageObject\",\"inLanguage\":\"fr-FR\",\"@id\":\"https:\\\/\\\/floor-dynamics.com\\\/fr\\\/a-propos-de-nous\\\/notre-histoire\\\/#primaryimage\",\"url\":\"https:\\\/\\\/floor-dynamics.com\\\/wp-content\\\/uploads\\\/2017\\\/09\\\/SY9A8606-web.jpg\",\"contentUrl\":\"https:\\\/\\\/floor-dynamics.com\\\/wp-content\\\/uploads\\\/2017\\\/09\\\/SY9A8606-web.jpg\",\"width\":1024,\"height\":683},{\"@type\":\"BreadcrumbList\",\"@id\":\"https:\\\/\\\/floor-dynamics.com\\\/fr\\\/a-propos-de-nous\\\/notre-histoire\\\/#breadcrumb\",\"itemListElement\":[{\"@type\":\"ListItem\",\"position\":1,\"name\":\"Home\",\"item\":\"https:\\\/\\\/floor-dynamics.com\\\/fr\\\/\"},{\"@type\":\"ListItem\",\"position\":2,\"name\":\"\u00c0 propos de nous\",\"item\":\"https:\\\/\\\/floor-dynamics.com\\\/fr\\\/a-propos-de-nous\\\/\"},{\"@type\":\"ListItem\",\"position\":3,\"name\":\"Notre histoire\"}]},{\"@type\":\"WebSite\",\"@id\":\"https:\\\/\\\/floor-dynamics.com\\\/fr\\\/#website\",\"url\":\"https:\\\/\\\/floor-dynamics.com\\\/fr\\\/\",\"name\":\"Floor Dynamics\",\"description\":\"Understanding Floors. Optimising Logistics.\",\"potentialAction\":[{\"@type\":\"SearchAction\",\"target\":{\"@type\":\"EntryPoint\",\"urlTemplate\":\"https:\\\/\\\/floor-dynamics.com\\\/fr\\\/?s={search_term_string}\"},\"query-input\":{\"@type\":\"PropertyValueSpecification\",\"valueRequired\":true,\"valueName\":\"search_term_string\"}}],\"inLanguage\":\"fr-FR\"}]}<\/script>\n<!-- \/ Yoast SEO plugin. -->","yoast_head_json":{"title":"Produits De Sols Industriels, Fabricants De Sols \u00c9poxy | RCR","description":"D\u00e9couvrez comment les marques de rev\u00eatements de sol industriels RINOL, ROCLAND et Permaban ont fait partie du groupe RCR Industrial Flooring.","robots":{"index":"index","follow":"follow","max-snippet":"max-snippet:-1","max-image-preview":"max-image-preview:large","max-video-preview":"max-video-preview:-1"},"canonical":"https:\/\/floor-dynamics.com\/fr\/a-propos-de-nous\/notre-histoire\/","og_locale":"fr_FR","og_type":"article","og_title":"Produits De Sols Industriels, Fabricants De Sols \u00c9poxy | RCR","og_description":"D\u00e9couvrez comment les marques de rev\u00eatements de sol industriels RINOL, ROCLAND et Permaban ont fait partie du groupe RCR Industrial Flooring.","og_url":"https:\/\/floor-dynamics.com\/fr\/a-propos-de-nous\/notre-histoire\/","og_site_name":"Floor Dynamics","article_modified_time":"2018-07-26T16:13:55+00:00","og_image":[{"width":1024,"height":683,"url":"https:\/\/floor-dynamics.com\/wp-content\/uploads\/2017\/09\/SY9A8606-web.jpg","type":"image\/jpeg"}],"twitter_card":"summary_large_image","twitter_misc":{"Dur\u00e9e de lecture estim\u00e9e":"2 minutes"},"schema":{"@context":"https:\/\/schema.org","@graph":[{"@type":"WebPage","@id":"https:\/\/floor-dynamics.com\/fr\/a-propos-de-nous\/notre-histoire\/","url":"https:\/\/floor-dynamics.com\/fr\/a-propos-de-nous\/notre-histoire\/","name":"Produits De Sols Industriels, Fabricants De Sols \u00c9poxy | RCR","isPartOf":{"@id":"https:\/\/floor-dynamics.com\/fr\/#website"},"primaryImageOfPage":{"@id":"https:\/\/floor-dynamics.com\/fr\/a-propos-de-nous\/notre-histoire\/#primaryimage"},"image":{"@id":"https:\/\/floor-dynamics.com\/fr\/a-propos-de-nous\/notre-histoire\/#primaryimage"},"thumbnailUrl":"https:\/\/floor-dynamics.com\/wp-content\/uploads\/2017\/09\/SY9A8606-web.jpg","datePublished":"2017-09-12T14:57:58+00:00","dateModified":"2018-07-26T16:13:55+00:00","description":"D\u00e9couvrez comment les marques de rev\u00eatements de sol industriels RINOL, ROCLAND et Permaban ont fait partie du groupe RCR Industrial Flooring.","breadcrumb":{"@id":"https:\/\/floor-dynamics.com\/fr\/a-propos-de-nous\/notre-histoire\/#breadcrumb"},"inLanguage":"fr-FR","potentialAction":[{"@type":"ReadAction","target":["https:\/\/floor-dynamics.com\/fr\/a-propos-de-nous\/notre-histoire\/"]}]},{"@type":"ImageObject","inLanguage":"fr-FR","@id":"https:\/\/floor-dynamics.com\/fr\/a-propos-de-nous\/notre-histoire\/#primaryimage","url":"https:\/\/floor-dynamics.com\/wp-content\/uploads\/2017\/09\/SY9A8606-web.jpg","contentUrl":"https:\/\/floor-dynamics.com\/wp-content\/uploads\/2017\/09\/SY9A8606-web.jpg","width":1024,"height":683},{"@type":"BreadcrumbList","@id":"https:\/\/floor-dynamics.com\/fr\/a-propos-de-nous\/notre-histoire\/#breadcrumb","itemListElement":[{"@type":"ListItem","position":1,"name":"Home","item":"https:\/\/floor-dynamics.com\/fr\/"},{"@type":"ListItem","position":2,"name":"\u00c0 propos de nous","item":"https:\/\/floor-dynamics.com\/fr\/a-propos-de-nous\/"},{"@type":"ListItem","position":3,"name":"Notre histoire"}]},{"@type":"WebSite","@id":"https:\/\/floor-dynamics.com\/fr\/#website","url":"https:\/\/floor-dynamics.com\/fr\/","name":"Floor Dynamics","description":"Understanding Floors. Optimising Logistics.","potentialAction":[{"@type":"SearchAction","target":{"@type":"EntryPoint","urlTemplate":"https:\/\/floor-dynamics.com\/fr\/?s={search_term_string}"},"query-input":{"@type":"PropertyValueSpecification","valueRequired":true,"valueName":"search_term_string"}}],"inLanguage":"fr-FR"}]}},"_links":{"self":[{"href":"https:\/\/floor-dynamics.com\/fr\/wp-json\/wp\/v2\/pages\/2595","targetHints":{"allow":["GET"]}}],"collection":[{"href":"https:\/\/floor-dynamics.com\/fr\/wp-json\/wp\/v2\/pages"}],"about":[{"href":"https:\/\/floor-dynamics.com\/fr\/wp-json\/wp\/v2\/types\/page"}],"author":[{"embeddable":true,"href":"https:\/\/floor-dynamics.com\/fr\/wp-json\/wp\/v2\/users\/5"}],"replies":[{"embeddable":true,"href":"https:\/\/floor-dynamics.com\/fr\/wp-json\/wp\/v2\/comments?post=2595"}],"version-history":[{"count":13,"href":"https:\/\/floor-dynamics.com\/fr\/wp-json\/wp\/v2\/pages\/2595\/revisions"}],"predecessor-version":[{"id":3293,"href":"https:\/\/floor-dynamics.com\/fr\/wp-json\/wp\/v2\/pages\/2595\/revisions\/3293"}],"up":[{"embeddable":true,"href":"https:\/\/floor-dynamics.com\/fr\/wp-json\/wp\/v2\/pages\/1753"}],"wp:featuredmedia":[{"embeddable":true,"href":"https:\/\/floor-dynamics.com\/fr\/wp-json\/wp\/v2\/media\/2224"}],"wp:attachment":[{"href":"https:\/\/floor-dynamics.com\/fr\/wp-json\/wp\/v2\/media?parent=2595"}],"curies":[{"name":"wp","href":"https:\/\/api.w.org\/{rel}","templated":true}]}}