{"id":2604,"date":"2017-09-12T15:58:11","date_gmt":"2017-09-12T14:58:11","guid":{"rendered":"https:\/\/www.wordpress-99157-664249.cloudwaysapps.com\/french-about-us\/rcr-industrial-flooring\/"},"modified":"2018-07-26T15:49:37","modified_gmt":"2018-07-26T14:49:37","slug":"rcr-industrial-flooring","status":"publish","type":"page","link":"https:\/\/floor-dynamics.com\/fr\/a-propos-de-nous\/rcr-industrial-flooring\/","title":{"rendered":"RCR Industrial Flooring"},"content":{"rendered":"<div id=\"pl-2604\"  class=\"panel-layout\" ><div id=\"pg-2604-0\"  class=\"panel-grid panel-has-style\" ><div class=\"large-font-size panel-row-style panel-row-style-for-2604-0\" ><div id=\"pgc-2604-0-0\"  class=\"panel-grid-cell\" ><div id=\"panel-2604-0-0-0\" class=\"so-panel widget widget_sow-editor panel-first-child panel-last-child\" data-index=\"0\" ><div\n\t\t\t\n\t\t\tclass=\"so-widget-sow-editor so-widget-sow-editor-base\"\n\t\t\t\n\t\t>\n<div class=\"siteorigin-widget-tinymce textwidget\">\n\t<p>RCR Flooring Products est une division de RCR Industrial Flooring, un groupe international de soci\u00e9t\u00e9s qui offrent un service unique, int\u00e9grant l\u2019enti\u00e8ret\u00e9 du processus de fabrication des rev\u00eatements de sols industriels en b\u00e9ton.<\/p>\n<\/div>\n<\/div><\/div><\/div><\/div><\/div><div id=\"pg-2604-1\"  class=\"panel-grid panel-no-style\" ><div id=\"pgc-2604-1-0\"  class=\"panel-grid-cell\" ><div id=\"panel-2604-1-0-0\" class=\"so-panel widget widget_sow-editor panel-first-child panel-last-child\" data-index=\"1\" ><div\n\t\t\t\n\t\t\tclass=\"so-widget-sow-editor so-widget-sow-editor-base\"\n\t\t\t\n\t\t>\n<div class=\"siteorigin-widget-tinymce textwidget\">\n\t<h5>RCR SE COMPOSE DE TROIS DIVISIONS\u00a0:<\/h5>\n<\/div>\n<\/div><\/div><\/div><div id=\"pgc-2604-1-1\"  class=\"panel-grid-cell\" ><div id=\"panel-2604-1-1-0\" class=\"so-panel widget widget_sow-image panel-first-child panel-last-child\" data-index=\"2\" ><div\n\t\t\t\n\t\t\tclass=\"so-widget-sow-image so-widget-sow-image-default-a258e6bfa2d8-2604\"\n\t\t\t\n\t\t>\n<div class=\"sow-image-container\">\n\t\t<img \n\tsrc=\"https:\/\/floor-dynamics.com\/wp-content\/uploads\/2017\/09\/New-divisions-logo-Dec-16.jpg\" width=\"1000\" height=\"725\" srcset=\"https:\/\/floor-dynamics.com\/wp-content\/uploads\/2017\/09\/New-divisions-logo-Dec-16.jpg 1000w, https:\/\/floor-dynamics.com\/wp-content\/uploads\/2017\/09\/New-divisions-logo-Dec-16-300x218.jpg 300w, https:\/\/floor-dynamics.com\/wp-content\/uploads\/2017\/09\/New-divisions-logo-Dec-16-768x557.jpg 768w\" sizes=\"(max-width: 1000px) 100vw, 1000px\" alt=\"\" \t\tclass=\"so-widget-image\"\/>\n\t<\/div>\n\n<\/div><\/div><\/div><\/div><div id=\"pg-2604-2\"  class=\"panel-grid panel-no-style\" ><div id=\"pgc-2604-2-0\"  class=\"panel-grid-cell\" ><div id=\"panel-2604-2-0-0\" class=\"so-panel widget widget_sow-editor panel-first-child panel-last-child\" data-index=\"3\" ><div\n\t\t\t\n\t\t\tclass=\"so-widget-sow-editor so-widget-sow-editor-base\"\n\t\t\t\n\t\t>\n<div class=\"siteorigin-widget-tinymce textwidget\">\n\t<ul>\n<li><a href=\"https:\/\/www.rcrindustrialflooring.fr\/rcr-flooring-products\">RCR Flooring Products.<\/a> Il s\u2019agit de la division de fabrication, qui comprend la conception et la fabrication des produits de rev\u00eatements de sols industriels en b\u00e9ton RINOL, Permaban et ROCLAND.<\/li>\n<li><a href=\"https:\/\/www.rcrindustrialflooring.fr\/rcr-flooring-applications\">RCR Flooring Applications.\u00a0<\/a>Cette division inclut de nombreux applicateurs aux quatre coins du monde, sp\u00e9cialis\u00e9s dans les rev\u00eatements de sols industriels en b\u00e9ton.\u00a0 Ces derniers cr\u00e9ent des sols traditionnels, ainsi que des rev\u00eatements d\u00e9coratifs ou r\u00e9sine, en int\u00e9rieur comme en ext\u00e9rieur.<\/li>\n<li><a href=\"https:\/\/www.rcrindustrialflooring.fr\/rcr-flooring-services\">RCR Flooring Services.<\/a> En incorporant des services de conception, d\u2019ing\u00e9nierie structurelle et de gestion de projet, cette division offre des services de r\u00e9paration sous la marque Permaneo, ainsi que des services de conseil en mati\u00e8re de rev\u00eatements de sols industriels en b\u00e9ton sous la marque Monofloor.<\/li>\n<\/ul>\n<\/div>\n<\/div><\/div><\/div><\/div><div id=\"pg-2604-3\"  class=\"panel-grid panel-no-style\" ><div id=\"pgc-2604-3-0\"  class=\"panel-grid-cell\" ><div id=\"panel-2604-3-0-0\" class=\"so-panel widget widget_sow-image panel-first-child panel-last-child\" data-index=\"4\" ><div\n\t\t\t\n\t\t\tclass=\"so-widget-sow-image so-widget-sow-image-default-a258e6bfa2d8-2604\"\n\t\t\t\n\t\t>\n<div class=\"sow-image-container\">\n\t\t<img \n\tsrc=\"https:\/\/floor-dynamics.com\/wp-content\/uploads\/2017\/09\/Values-Graphic-NEW-JAN-15.jpg\" width=\"1000\" height=\"798\" srcset=\"https:\/\/floor-dynamics.com\/wp-content\/uploads\/2017\/09\/Values-Graphic-NEW-JAN-15.jpg 1000w, https:\/\/floor-dynamics.com\/wp-content\/uploads\/2017\/09\/Values-Graphic-NEW-JAN-15-300x239.jpg 300w, https:\/\/floor-dynamics.com\/wp-content\/uploads\/2017\/09\/Values-Graphic-NEW-JAN-15-768x613.jpg 768w\" sizes=\"(max-width: 1000px) 100vw, 1000px\" title=\"Values-Graphic&#8212;NEW-JAN-15\" alt=\"\" \t\tclass=\"so-widget-image\"\/>\n\t<\/div>\n\n<\/div><\/div><\/div><div id=\"pgc-2604-3-1\"  class=\"panel-grid-cell\" ><div id=\"panel-2604-3-1-0\" class=\"so-panel widget widget_sow-editor panel-first-child panel-last-child\" data-index=\"5\" ><div\n\t\t\t\n\t\t\tclass=\"so-widget-sow-editor so-widget-sow-editor-base\"\n\t\t\t\n\t\t>\n<div class=\"siteorigin-widget-tinymce textwidget\">\n\t<p>Les soci\u00e9t\u00e9s RCR de par le monde fonctionnent en \u00e9quipe en s\u2019assurant que leurs clients internationaux puissent b\u00e9n\u00e9ficier des m\u00eames normes de service et de livraison de projet, o\u00f9 qu\u2019ils se trouvent.<\/p>\n<p>En cons\u00e9quence, RCR est fi\u00e8re de compter de nombreuses entreprises r\u00e9put\u00e9es parmi ses clients, notamment Audi, BMW, Caterpillar, DHL, K\u00fchne &amp; Nagel, Walmart et Coca-Cola.<\/p>\n<p>RCR est un groupe fond\u00e9 sur des valeurs fortes\u00a0: l\u2019int\u00e9grit\u00e9, le travail d\u2019\u00e9quipe et la r\u00e9ussite.\u00a0 En tant que groupe, nous sommes de fervents partisans d\u2019un service ax\u00e9 sur le client, d\u2019une application des normes de production les plus strictes, d\u2019une poursuite d\u2019une innovation ouverte et d\u2019un travail en \u00e9quipe soud\u00e9e.<\/p>\n<p>Pour en savoir plus sur RCR Industrial Flooring, rendez-vous sur\u00a0<a href=\"http:\/\/www.rcrindustrialflooring.fr\/\" target=\"_blank\" rel=\"noopener\">www.rcrindustrialflooring.fr<\/a><\/p>\n<\/div>\n<\/div><\/div><\/div><\/div><div id=\"pg-2604-4\"  class=\"panel-grid panel-no-style\" ><div id=\"pgc-2604-4-0\"  class=\"panel-grid-cell\" ><div id=\"panel-2604-4-0-0\" class=\"so-panel widget widget_sow-editor panel-first-child panel-last-child\" data-index=\"6\" ><div\n\t\t\t\n\t\t\tclass=\"so-widget-sow-editor so-widget-sow-editor-base\"\n\t\t\t\n\t\t>\n<div class=\"siteorigin-widget-tinymce textwidget\">\n\t<h2><strong>Nos produits de rev\u00eatements de sols industriels<\/strong><\/h2>\n<p><a href=\"https:\/\/www.wordpress-99157-664249.cloudwaysapps.com\/fr\/produits\/\">Pour en savoir plus sur nos produits pour les rev\u00eatements de sols industriels en b\u00e9ton. &gt;&gt;<\/a><\/p>\n<\/div>\n<\/div><\/div><\/div><\/div><\/div>","protected":false},"excerpt":{"rendered":"<p>RCR Flooring Products est une division de RCR Industrial Flooring, un groupe international de soci\u00e9t\u00e9s qui offrent un service unique, int\u00e9grant l\u2019enti\u00e8ret\u00e9 du processus de fabrication des rev\u00eatements de sols industriels en b\u00e9ton. RCR SE COMPOSE DE TROIS DIVISIONS\u00a0:<\/p>\n","protected":false},"author":5,"featured_media":2227,"parent":1753,"menu_order":0,"comment_status":"closed","ping_status":"closed","template":"","meta":{"_acf_changed":false,"footnotes":""},"class_list":["post-2604","page","type-page","status-publish","has-post-thumbnail","hentry"],"acf":[],"yoast_head":"<!-- This site is optimized with the Yoast SEO plugin v27.3 - https:\/\/yoast.com\/product\/yoast-seo-wordpress\/ -->\n<title>RCR | Industrial Concrete Flooring, Industrial Resin Flooring<\/title>\n<meta name=\"description\" content=\"RCR Flooring Products is a division of RCR Industrial Flooring, which offers a uniquely integrated start-to-finish service for industrial concrete flooring.\" \/>\n<meta name=\"robots\" content=\"index, follow, max-snippet:-1, max-image-preview:large, max-video-preview:-1\" \/>\n<link rel=\"canonical\" href=\"https:\/\/floor-dynamics.com\/fr\/a-propos-de-nous\/rcr-industrial-flooring\/\" \/>\n<meta property=\"og:locale\" content=\"fr_FR\" \/>\n<meta property=\"og:type\" content=\"article\" \/>\n<meta property=\"og:title\" content=\"RCR | Industrial Concrete Flooring, Industrial Resin Flooring\" \/>\n<meta property=\"og:description\" content=\"RCR Flooring Products is a division of RCR Industrial Flooring, which offers a uniquely integrated start-to-finish service for industrial concrete flooring.\" \/>\n<meta property=\"og:url\" content=\"https:\/\/floor-dynamics.com\/fr\/a-propos-de-nous\/rcr-industrial-flooring\/\" \/>\n<meta property=\"og:site_name\" content=\"Floor Dynamics\" \/>\n<meta property=\"article:modified_time\" content=\"2018-07-26T14:49:37+00:00\" \/>\n<meta property=\"og:image\" content=\"https:\/\/floor-dynamics.com\/wp-content\/uploads\/2017\/09\/Signature-1.jpg\" \/>\n\t<meta property=\"og:image:width\" content=\"1500\" \/>\n\t<meta property=\"og:image:height\" content=\"497\" \/>\n\t<meta property=\"og:image:type\" content=\"image\/jpeg\" \/>\n<meta name=\"twitter:card\" content=\"summary_large_image\" \/>\n<meta name=\"twitter:label1\" content=\"Dur\u00e9e de lecture estim\u00e9e\" \/>\n\t<meta name=\"twitter:data1\" content=\"2 minutes\" \/>\n<script type=\"application\/ld+json\" class=\"yoast-schema-graph\">{\"@context\":\"https:\\\/\\\/schema.org\",\"@graph\":[{\"@type\":\"WebPage\",\"@id\":\"https:\\\/\\\/floor-dynamics.com\\\/fr\\\/a-propos-de-nous\\\/rcr-industrial-flooring\\\/\",\"url\":\"https:\\\/\\\/floor-dynamics.com\\\/fr\\\/a-propos-de-nous\\\/rcr-industrial-flooring\\\/\",\"name\":\"RCR | Industrial Concrete Flooring, Industrial Resin Flooring\",\"isPartOf\":{\"@id\":\"https:\\\/\\\/floor-dynamics.com\\\/fr\\\/#website\"},\"primaryImageOfPage\":{\"@id\":\"https:\\\/\\\/floor-dynamics.com\\\/fr\\\/a-propos-de-nous\\\/rcr-industrial-flooring\\\/#primaryimage\"},\"image\":{\"@id\":\"https:\\\/\\\/floor-dynamics.com\\\/fr\\\/a-propos-de-nous\\\/rcr-industrial-flooring\\\/#primaryimage\"},\"thumbnailUrl\":\"https:\\\/\\\/floor-dynamics.com\\\/wp-content\\\/uploads\\\/2017\\\/09\\\/Signature-1.jpg\",\"datePublished\":\"2017-09-12T14:58:11+00:00\",\"dateModified\":\"2018-07-26T14:49:37+00:00\",\"description\":\"RCR Flooring Products is a division of RCR Industrial Flooring, which offers a uniquely integrated start-to-finish service for industrial concrete flooring.\",\"breadcrumb\":{\"@id\":\"https:\\\/\\\/floor-dynamics.com\\\/fr\\\/a-propos-de-nous\\\/rcr-industrial-flooring\\\/#breadcrumb\"},\"inLanguage\":\"fr-FR\",\"potentialAction\":[{\"@type\":\"ReadAction\",\"target\":[\"https:\\\/\\\/floor-dynamics.com\\\/fr\\\/a-propos-de-nous\\\/rcr-industrial-flooring\\\/\"]}]},{\"@type\":\"ImageObject\",\"inLanguage\":\"fr-FR\",\"@id\":\"https:\\\/\\\/floor-dynamics.com\\\/fr\\\/a-propos-de-nous\\\/rcr-industrial-flooring\\\/#primaryimage\",\"url\":\"https:\\\/\\\/floor-dynamics.com\\\/wp-content\\\/uploads\\\/2017\\\/09\\\/Signature-1.jpg\",\"contentUrl\":\"https:\\\/\\\/floor-dynamics.com\\\/wp-content\\\/uploads\\\/2017\\\/09\\\/Signature-1.jpg\",\"width\":1500,\"height\":497},{\"@type\":\"BreadcrumbList\",\"@id\":\"https:\\\/\\\/floor-dynamics.com\\\/fr\\\/a-propos-de-nous\\\/rcr-industrial-flooring\\\/#breadcrumb\",\"itemListElement\":[{\"@type\":\"ListItem\",\"position\":1,\"name\":\"Home\",\"item\":\"https:\\\/\\\/floor-dynamics.com\\\/fr\\\/\"},{\"@type\":\"ListItem\",\"position\":2,\"name\":\"\u00c0 propos de nous\",\"item\":\"https:\\\/\\\/floor-dynamics.com\\\/fr\\\/a-propos-de-nous\\\/\"},{\"@type\":\"ListItem\",\"position\":3,\"name\":\"RCR Industrial Flooring\"}]},{\"@type\":\"WebSite\",\"@id\":\"https:\\\/\\\/floor-dynamics.com\\\/fr\\\/#website\",\"url\":\"https:\\\/\\\/floor-dynamics.com\\\/fr\\\/\",\"name\":\"Floor Dynamics\",\"description\":\"Understanding Floors. Optimising Logistics.\",\"potentialAction\":[{\"@type\":\"SearchAction\",\"target\":{\"@type\":\"EntryPoint\",\"urlTemplate\":\"https:\\\/\\\/floor-dynamics.com\\\/fr\\\/?s={search_term_string}\"},\"query-input\":{\"@type\":\"PropertyValueSpecification\",\"valueRequired\":true,\"valueName\":\"search_term_string\"}}],\"inLanguage\":\"fr-FR\"}]}<\/script>\n<!-- \/ Yoast SEO plugin. -->","yoast_head_json":{"title":"RCR | Industrial Concrete Flooring, Industrial Resin Flooring","description":"RCR Flooring Products is a division of RCR Industrial Flooring, which offers a uniquely integrated start-to-finish service for industrial concrete flooring.","robots":{"index":"index","follow":"follow","max-snippet":"max-snippet:-1","max-image-preview":"max-image-preview:large","max-video-preview":"max-video-preview:-1"},"canonical":"https:\/\/floor-dynamics.com\/fr\/a-propos-de-nous\/rcr-industrial-flooring\/","og_locale":"fr_FR","og_type":"article","og_title":"RCR | Industrial Concrete Flooring, Industrial Resin Flooring","og_description":"RCR Flooring Products is a division of RCR Industrial Flooring, which offers a uniquely integrated start-to-finish service for industrial concrete flooring.","og_url":"https:\/\/floor-dynamics.com\/fr\/a-propos-de-nous\/rcr-industrial-flooring\/","og_site_name":"Floor Dynamics","article_modified_time":"2018-07-26T14:49:37+00:00","og_image":[{"width":1500,"height":497,"url":"https:\/\/floor-dynamics.com\/wp-content\/uploads\/2017\/09\/Signature-1.jpg","type":"image\/jpeg"}],"twitter_card":"summary_large_image","twitter_misc":{"Dur\u00e9e de lecture estim\u00e9e":"2 minutes"},"schema":{"@context":"https:\/\/schema.org","@graph":[{"@type":"WebPage","@id":"https:\/\/floor-dynamics.com\/fr\/a-propos-de-nous\/rcr-industrial-flooring\/","url":"https:\/\/floor-dynamics.com\/fr\/a-propos-de-nous\/rcr-industrial-flooring\/","name":"RCR | Industrial Concrete Flooring, Industrial Resin Flooring","isPartOf":{"@id":"https:\/\/floor-dynamics.com\/fr\/#website"},"primaryImageOfPage":{"@id":"https:\/\/floor-dynamics.com\/fr\/a-propos-de-nous\/rcr-industrial-flooring\/#primaryimage"},"image":{"@id":"https:\/\/floor-dynamics.com\/fr\/a-propos-de-nous\/rcr-industrial-flooring\/#primaryimage"},"thumbnailUrl":"https:\/\/floor-dynamics.com\/wp-content\/uploads\/2017\/09\/Signature-1.jpg","datePublished":"2017-09-12T14:58:11+00:00","dateModified":"2018-07-26T14:49:37+00:00","description":"RCR Flooring Products is a division of RCR Industrial Flooring, which offers a uniquely integrated start-to-finish service for industrial concrete flooring.","breadcrumb":{"@id":"https:\/\/floor-dynamics.com\/fr\/a-propos-de-nous\/rcr-industrial-flooring\/#breadcrumb"},"inLanguage":"fr-FR","potentialAction":[{"@type":"ReadAction","target":["https:\/\/floor-dynamics.com\/fr\/a-propos-de-nous\/rcr-industrial-flooring\/"]}]},{"@type":"ImageObject","inLanguage":"fr-FR","@id":"https:\/\/floor-dynamics.com\/fr\/a-propos-de-nous\/rcr-industrial-flooring\/#primaryimage","url":"https:\/\/floor-dynamics.com\/wp-content\/uploads\/2017\/09\/Signature-1.jpg","contentUrl":"https:\/\/floor-dynamics.com\/wp-content\/uploads\/2017\/09\/Signature-1.jpg","width":1500,"height":497},{"@type":"BreadcrumbList","@id":"https:\/\/floor-dynamics.com\/fr\/a-propos-de-nous\/rcr-industrial-flooring\/#breadcrumb","itemListElement":[{"@type":"ListItem","position":1,"name":"Home","item":"https:\/\/floor-dynamics.com\/fr\/"},{"@type":"ListItem","position":2,"name":"\u00c0 propos de nous","item":"https:\/\/floor-dynamics.com\/fr\/a-propos-de-nous\/"},{"@type":"ListItem","position":3,"name":"RCR Industrial Flooring"}]},{"@type":"WebSite","@id":"https:\/\/floor-dynamics.com\/fr\/#website","url":"https:\/\/floor-dynamics.com\/fr\/","name":"Floor Dynamics","description":"Understanding Floors. Optimising Logistics.","potentialAction":[{"@type":"SearchAction","target":{"@type":"EntryPoint","urlTemplate":"https:\/\/floor-dynamics.com\/fr\/?s={search_term_string}"},"query-input":{"@type":"PropertyValueSpecification","valueRequired":true,"valueName":"search_term_string"}}],"inLanguage":"fr-FR"}]}},"_links":{"self":[{"href":"https:\/\/floor-dynamics.com\/fr\/wp-json\/wp\/v2\/pages\/2604","targetHints":{"allow":["GET"]}}],"collection":[{"href":"https:\/\/floor-dynamics.com\/fr\/wp-json\/wp\/v2\/pages"}],"about":[{"href":"https:\/\/floor-dynamics.com\/fr\/wp-json\/wp\/v2\/types\/page"}],"author":[{"embeddable":true,"href":"https:\/\/floor-dynamics.com\/fr\/wp-json\/wp\/v2\/users\/5"}],"replies":[{"embeddable":true,"href":"https:\/\/floor-dynamics.com\/fr\/wp-json\/wp\/v2\/comments?post=2604"}],"version-history":[{"count":7,"href":"https:\/\/floor-dynamics.com\/fr\/wp-json\/wp\/v2\/pages\/2604\/revisions"}],"predecessor-version":[{"id":3281,"href":"https:\/\/floor-dynamics.com\/fr\/wp-json\/wp\/v2\/pages\/2604\/revisions\/3281"}],"up":[{"embeddable":true,"href":"https:\/\/floor-dynamics.com\/fr\/wp-json\/wp\/v2\/pages\/1753"}],"wp:featuredmedia":[{"embeddable":true,"href":"https:\/\/floor-dynamics.com\/fr\/wp-json\/wp\/v2\/media\/2227"}],"wp:attachment":[{"href":"https:\/\/floor-dynamics.com\/fr\/wp-json\/wp\/v2\/media?parent=2604"}],"curies":[{"name":"wp","href":"https:\/\/api.w.org\/{rel}","templated":true}]}}