{"id":2606,"date":"2017-09-12T16:00:04","date_gmt":"2017-09-12T15:00:04","guid":{"rendered":"https:\/\/www.wordpress-99157-664249.cloudwaysapps.com\/contact\/"},"modified":"2018-07-26T17:33:59","modified_gmt":"2018-07-26T16:33:59","slug":"contact","status":"publish","type":"page","link":"https:\/\/floor-dynamics.com\/fr\/contact\/","title":{"rendered":"Contactez-nous"},"content":{"rendered":"<div id=\"pl-2606\"  class=\"panel-layout\" ><div id=\"pg-2606-0\"  class=\"panel-grid panel-no-style\" ><div id=\"pgc-2606-0-0\"  class=\"panel-grid-cell\" ><div id=\"panel-2606-0-0-0\" class=\"so-panel widget widget_sow-editor panel-first-child panel-last-child\" data-index=\"0\" ><div class=\"large-font-size panel-widget-style panel-widget-style-for-2606-0-0-0\" ><div\n\t\t\t\n\t\t\tclass=\"so-widget-sow-editor so-widget-sow-editor-base\"\n\t\t\t\n\t\t>\n<div class=\"siteorigin-widget-tinymce textwidget\">\n\t<p>RCR Flooring Products est l\u2019entreprise qui se cache derri\u00e8re certaines des marques de rev\u00eatements de sols industriels les plus connues au monde.<\/p>\n<\/div>\n<\/div><\/div><\/div><\/div><\/div><div id=\"pg-2606-1\"  class=\"panel-grid panel-has-style\" ><div class=\"siteorigin-panels-stretch panel-row-style panel-row-style-for-2606-1\" data-stretch-type=\"full-stretched\" ><div id=\"pgc-2606-1-0\"  class=\"panel-grid-cell\" ><div id=\"panel-2606-1-0-0\" class=\"so-panel widget widget_sow-google-map panel-first-child panel-last-child\" data-index=\"1\" ><div\n\t\t\t\n\t\t\tclass=\"so-widget-sow-google-map so-widget-sow-google-map-default-b7b0803e9773-2606\"\n\t\t\t\n\t\t>\n<div class=\"sow-google-map-canvas\"\n\tstyle=\"\"\n\tid=\"map-canvas-92f08ec45077bcdfdfd27a131de24b38\"\n\tdata-options=\"{&quot;address&quot;:&quot;chad&quot;,&quot;zoom&quot;:3,&quot;mobileZoom&quot;:3,&quot;gestureHandling&quot;:&quot;greedy&quot;,&quot;disableUi&quot;:false,&quot;markerIcon&quot;:false,&quot;markersDraggable&quot;:false,&quot;markerAtCenter&quot;:false,&quot;markerInfoDisplay&quot;:&quot;click&quot;,&quot;markerInfoMultiple&quot;:false,&quot;markerPositions&quot;:[{&quot;place&quot;:&quot;Mill Close\\nLee Mill Industrial Estate\\nIvybridge, Devon\\nPL21 9GL UK&quot;,&quot;info&quot;:&quot;&lt;p&gt;&lt;strong&gt;RCR Flooring Products Limited&lt;\\\/strong&gt;&lt;\\\/p&gt;\\n&lt;p&gt;United Kingdom&lt;br \\\/&gt;&lt;a href=\\&quot;http:\\\/\\\/www.permaban.com\\\/\\&quot; target=\\&quot;_blank\\&quot; rel=\\&quot;noopener\\&quot;&gt;FIND OUT MORE&lt;\\\/a&gt;&lt;\\\/p&gt;\\n&quot;,&quot;infoSelectedEditor&quot;:&quot;tinymce&quot;,&quot;infoMaxWidth&quot;:&quot;&quot;,&quot;customMarkerIcon&quot;:0,&quot;customMarkerIconSize&quot;:&quot;&quot;},{&quot;place&quot;:&quot;ZA Les Monts du Matin\\nRue des Lauriers\\nF-26730\\nLA BAUME D\\u2019HOSTUN\\nFrance&quot;,&quot;info&quot;:&quot;&lt;p&gt;&lt;strong&gt;RCR Production France&lt;\\\/strong&gt;&lt;\\\/p&gt;\\n&lt;p&gt;France&lt;br \\\/&gt; &lt;a href=\\&quot;http:\\\/\\\/www.rocland.eu\\\/en\\\/\\&quot; target=\\&quot;_blank\\&quot; rel=\\&quot;noopener\\&quot;&gt;FIND OUT MORE&lt;\\\/a&gt;&lt;\\\/p&gt;\\n&quot;,&quot;infoSelectedEditor&quot;:&quot;tmce&quot;,&quot;infoMaxWidth&quot;:&quot;&quot;,&quot;customMarkerIcon&quot;:0,&quot;customMarkerIconSize&quot;:&quot;&quot;},{&quot;place&quot;:&quot;Office No.3, Ground Floor Gulfishan Apt,\\nYAC Nagar Nr.Chunawala Compound,\\nKondivita Andheri (East),\\nMUMBAI\\n400 059 MAHARASHTRA\\nINDIA&quot;,&quot;info&quot;:&quot;&lt;p&gt;&lt;strong&gt;Rocland PVT Ltd, India&lt;\\\/strong&gt;&lt;\\\/p&gt;\\n&lt;p&gt;India&lt;br \\\/&gt; &lt;a href=\\&quot;http:\\\/\\\/www.rocland.co.in\\\/\\&quot; target=\\&quot;_blank\\&quot; rel=\\&quot;noopener\\&quot;&gt;FIND OUT MORE&lt;\\\/a&gt;&lt;\\\/p&gt;\\n&quot;,&quot;infoSelectedEditor&quot;:&quot;tmce&quot;,&quot;infoMaxWidth&quot;:&quot;&quot;,&quot;customMarkerIcon&quot;:0,&quot;customMarkerIconSize&quot;:&quot;&quot;},{&quot;place&quot;:&quot;Freiberger Stra\\u00dfe 9,\\nD-74379 Ingersheim,\\nGermany&quot;,&quot;info&quot;:&quot;&lt;p&gt;&lt;strong&gt;RCR Flooring Products GmbH&lt;\\\/strong&gt;&lt;\\\/p&gt;\\n&lt;p&gt;Germany&lt;br \\\/&gt; &lt;a href=\\&quot;http:\\\/\\\/www.rcrflooringproducts.de\\\/\\&quot; target=\\&quot;_blank\\&quot; rel=\\&quot;noopener\\&quot;&gt;FIND OUT MORE&lt;\\\/a&gt;&lt;\\\/p&gt;\\n&quot;,&quot;infoSelectedEditor&quot;:&quot;tmce&quot;,&quot;infoMaxWidth&quot;:&quot;&quot;,&quot;customMarkerIcon&quot;:0,&quot;customMarkerIconSize&quot;:&quot;&quot;},{&quot;place&quot;:&quot;224, Calle Sese\\u00f1a Nuevo, 45, 45223 Sese\\u00f1a, Toledo, Spain&quot;,&quot;info&quot;:&quot;&lt;p&gt;&lt;strong&gt;RINOL ROCLAND R&amp;T,Spain&lt;\\\/strong&gt;&lt;\\\/p&gt;\\n&lt;p&gt;Spain&lt;br \\\/&gt; &lt;a href=\\&quot;http:\\\/\\\/www.rinol.es\\\/\\&quot; target=\\&quot;_blank\\&quot; rel=\\&quot;noopener\\&quot;&gt;FIND OUT MORE&lt;\\\/a&gt;&lt;\\\/p&gt;\\n&quot;,&quot;infoSelectedEditor&quot;:&quot;tmce&quot;,&quot;infoMaxWidth&quot;:&quot;&quot;,&quot;customMarkerIcon&quot;:0,&quot;customMarkerIconSize&quot;:&quot;&quot;},{&quot;place&quot;:&quot;Avenida Colorado\\n581 Parque Industrial Aeropuerto,\\nQuilicura \\u2013Santiago\\nRegi\\u00f3n Metropolitana\\nChile&quot;,&quot;info&quot;:&quot;&lt;p&gt;&lt;strong&gt;Rocland R &amp; T Chile S.A.&lt;\\\/strong&gt;&lt;\\\/p&gt;\\n&lt;p&gt;Chile&lt;br \\\/&gt; &lt;a href=\\&quot;http:\\\/\\\/www.rocland.cl\\\/\\&quot; target=\\&quot;_blank\\&quot; rel=\\&quot;noopener\\&quot;&gt;FIND OUT MORE&lt;\\\/a&gt;&lt;\\\/p&gt;\\n&quot;,&quot;infoSelectedEditor&quot;:&quot;tmce&quot;,&quot;infoMaxWidth&quot;:&quot;&quot;,&quot;customMarkerIcon&quot;:0,&quot;customMarkerIconSize&quot;:&quot;&quot;},{&quot;place&quot;:&quot;19 Goud Street\\nGoedeburg\\nBenoni 1501\\nSouth Africa&quot;,&quot;info&quot;:&quot;&lt;p&gt;&lt;strong&gt;RCR Flooring Products, South Africa&lt;\\\/strong&gt;&lt;\\\/p&gt;\\n&lt;p&gt;South Africa&lt;br \\\/&gt; &lt;a href=\\&quot;http:\\\/\\\/www.pcfloors.co.za\\\/\\&quot; target=\\&quot;_blank\\&quot; rel=\\&quot;noopener\\&quot;&gt;FIND OUT MORE&lt;\\\/a&gt;&lt;\\\/p&gt;\\n&quot;,&quot;infoSelectedEditor&quot;:&quot;tmce&quot;,&quot;infoMaxWidth&quot;:&quot;&quot;,&quot;customMarkerIcon&quot;:0,&quot;customMarkerIconSize&quot;:&quot;&quot;},{&quot;place&quot;:&quot;Via Chiarugi 76\\\/U I-45100\\nRovigo\\nItaly&quot;,&quot;info&quot;:&quot;&lt;p&gt;&lt;strong&gt;RINOL Italia Research &amp; Technology, Italy&lt;\\\/strong&gt;&lt;\\\/p&gt;\\n&lt;p&gt;Italy&lt;br \\\/&gt; &lt;a href=\\&quot;http:\\\/\\\/www.rinol.de\\\/\\&quot; target=\\&quot;_blank\\&quot; rel=\\&quot;noopener\\&quot;&gt;FIND OUT MORE&lt;\\\/a&gt;&lt;\\\/p&gt;\\n&quot;,&quot;infoSelectedEditor&quot;:&quot;tmce&quot;,&quot;infoMaxWidth&quot;:&quot;&quot;,&quot;customMarkerIcon&quot;:0,&quot;customMarkerIconSize&quot;:&quot;&quot;},{&quot;place&quot;:&quot;Calle Maricopa 10 int.701, \\nCol. N\\u00e1poles Del. Benito Ju\\u00e1rez, \\nC.P. 03810, \\nMexico DF, \\nMexico&quot;,&quot;info&quot;:&quot;&lt;p&gt;&lt;strong&gt;RCR Flooring Products, Mexico&lt;\\\/strong&gt;&lt;\\\/p&gt;\\n&lt;p&gt;Calle Maricopa 10 int.701, &lt;br \\\/&gt;Col. N\\u00e1poles Del. Benito Ju\\u00e1rez, &lt;br \\\/&gt;C.P. 03810 &lt;br \\\/&gt;Mexico DF&lt;br \\\/&gt;Mexico&lt;\\\/p&gt;\\n&lt;p&gt;+52 (55) 55 23 74 80 \\\/ &lt;br \\\/&gt;+52 (55) 55 36 49 12&lt;br \\\/&gt;&lt;a href=\\&quot;mailto:michel.liakhov@rcrindustrialflooring.com\\&quot;&gt;michel.liakhov@rcrindustrialflooring.com&lt;\\\/a&gt;&lt;\\\/p&gt;\\n&lt;p&gt;&lt;a href=\\&quot;http:\\\/\\\/www.rinolmexico.com\\&quot; target=\\&quot;_blank\\&quot; rel=\\&quot;noopener\\&quot;&gt;Find out more&lt;\\\/a&gt;&lt;\\\/p&gt;\\n&quot;,&quot;infoSelectedEditor&quot;:&quot;tinymce&quot;,&quot;infoMaxWidth&quot;:&quot;&quot;,&quot;customMarkerIcon&quot;:0,&quot;customMarkerIconSize&quot;:&quot;&quot;}],&quot;mapName&quot;:&quot;Carte personnalis\\u00e9e&quot;,&quot;mapStyles&quot;:[{&quot;featureType&quot;:&quot;administrative&quot;,&quot;elementType&quot;:&quot;all&quot;,&quot;stylers&quot;:[{&quot;saturation&quot;:&quot;-100&quot;}]},{&quot;featureType&quot;:&quot;administrative.province&quot;,&quot;elementType&quot;:&quot;all&quot;,&quot;stylers&quot;:[{&quot;visibility&quot;:&quot;off&quot;}]},{&quot;featureType&quot;:&quot;landscape&quot;,&quot;elementType&quot;:&quot;all&quot;,&quot;stylers&quot;:[{&quot;saturation&quot;:-100},{&quot;lightness&quot;:65},{&quot;visibility&quot;:&quot;on&quot;}]},{&quot;featureType&quot;:&quot;poi&quot;,&quot;elementType&quot;:&quot;all&quot;,&quot;stylers&quot;:[{&quot;saturation&quot;:-100},{&quot;lightness&quot;:&quot;50&quot;},{&quot;visibility&quot;:&quot;simplified&quot;}]},{&quot;featureType&quot;:&quot;road&quot;,&quot;elementType&quot;:&quot;all&quot;,&quot;stylers&quot;:[{&quot;saturation&quot;:&quot;-100&quot;}]},{&quot;featureType&quot;:&quot;road.highway&quot;,&quot;elementType&quot;:&quot;all&quot;,&quot;stylers&quot;:[{&quot;visibility&quot;:&quot;simplified&quot;}]},{&quot;featureType&quot;:&quot;road.arterial&quot;,&quot;elementType&quot;:&quot;all&quot;,&quot;stylers&quot;:[{&quot;lightness&quot;:&quot;30&quot;}]},{&quot;featureType&quot;:&quot;road.local&quot;,&quot;elementType&quot;:&quot;all&quot;,&quot;stylers&quot;:[{&quot;lightness&quot;:&quot;40&quot;}]},{&quot;featureType&quot;:&quot;transit&quot;,&quot;elementType&quot;:&quot;all&quot;,&quot;stylers&quot;:[{&quot;saturation&quot;:-100},{&quot;visibility&quot;:&quot;simplified&quot;}]},{&quot;featureType&quot;:&quot;water&quot;,&quot;elementType&quot;:&quot;geometry&quot;,&quot;stylers&quot;:[{&quot;hue&quot;:&quot;#ffff00&quot;},{&quot;lightness&quot;:-25},{&quot;saturation&quot;:-97}]},{&quot;featureType&quot;:&quot;water&quot;,&quot;elementType&quot;:&quot;labels&quot;,&quot;stylers&quot;:[{&quot;lightness&quot;:-25},{&quot;saturation&quot;:-100}]}],&quot;directions&quot;:&quot;&quot;,&quot;apiKey&quot;:&quot;AIzaSyCijPlL4HYL3K11mYGuKSg233TSQ0RE1Go&quot;,&quot;breakpoint&quot;:&quot;780&quot;}\"\n\tdata-fallback-image=\"{&quot;img&quot;:&quot;&quot;}\"><\/div>\n<\/div><\/div><\/div><\/div><\/div><div id=\"pg-2606-2\"  class=\"panel-grid panel-has-style\" ><div class=\"first-p-red panel-row-style panel-row-style-for-2606-2\" ><div id=\"pgc-2606-2-0\"  class=\"panel-grid-cell\" ><div id=\"panel-2606-2-0-0\" class=\"so-panel widget widget_sow-editor panel-first-child panel-last-child\" data-index=\"2\" ><div\n\t\t\t\n\t\t\tclass=\"so-widget-sow-editor so-widget-sow-editor-base\"\n\t\t\t\n\t\t>\n<div class=\"siteorigin-widget-tinymce textwidget\">\n\t<p><strong>RCR Flooring Products Limited<\/strong><\/p>\n<p>Mill Close<br \/>\nLee Mill Industrial Estate<br \/>\nIvybridge, Devon<br \/>\nPL21 9GL UK<\/p>\n<p>+44 (0) 1752 895288<br \/>\n<a href=\"mailto:sales@wordpress-99157-664249.cloudwaysapps.com\">sales@wordpress-99157-664249.cloudwaysapps.com<\/a><\/p>\n<p><a href=\"http:\/\/www.permaban.com\" target=\"_blank\" rel=\"noopener\">En savoir plus<\/a><\/p>\n<\/div>\n<\/div><\/div><\/div><div id=\"pgc-2606-2-1\"  class=\"panel-grid-cell\" ><div id=\"panel-2606-2-1-0\" class=\"so-panel widget widget_sow-editor panel-first-child panel-last-child\" data-index=\"3\" ><div\n\t\t\t\n\t\t\tclass=\"so-widget-sow-editor so-widget-sow-editor-base\"\n\t\t\t\n\t\t>\n<div class=\"siteorigin-widget-tinymce textwidget\">\n\t<p><strong>RCR Production France<\/strong><\/p>\n<p>ZA Les Monts du Matin<br \/>\nRue des Lauriers<br \/>\nF-26730<br \/>\nLA BAUME D\u2019HOSTUN<br \/>\nFrance<\/p>\n<p>+33 (0) 4 75 48 37 57<\/p>\n<p><a href=\"http:\/\/www.rocland.eu\/\" target=\"_blank\" rel=\"noopener\">En savoir plus<\/a><\/p>\n<\/div>\n<\/div><\/div><\/div><div id=\"pgc-2606-2-2\"  class=\"panel-grid-cell\" ><div id=\"panel-2606-2-2-0\" class=\"so-panel widget widget_sow-editor panel-first-child panel-last-child\" data-index=\"4\" ><div\n\t\t\t\n\t\t\tclass=\"so-widget-sow-editor so-widget-sow-editor-base\"\n\t\t\t\n\t\t>\n<div class=\"siteorigin-widget-tinymce textwidget\">\n\t<p><strong>ROCLAND PVT Ltd, India<\/strong><\/p>\n<p>Office No.3, Ground Floor Gulfishan Apt,<br \/>\nYAC Nagar Nr.Chunawala Compound,<br \/>\nKondivita Andheri (East),<br \/>\nMUMBAI<br \/>\n400 059 MAHARASHTRA<br \/>\nINDIA<\/p>\n<p>+91 (0) 98 50574369<br \/>\n<a href=\"mailto:info@rocland.co.in\">info@rocland.co.in<\/a><\/p>\n<p><a href=\"http:\/\/www.rocland.co.in\/\" target=\"_blank\" rel=\"noopener\">En savoir plus<\/a><\/p>\n<\/div>\n<\/div><\/div><\/div><\/div><\/div><div id=\"pg-2606-3\"  class=\"panel-grid panel-has-style\" ><div class=\"first-p-red panel-row-style panel-row-style-for-2606-3\" ><div id=\"pgc-2606-3-0\"  class=\"panel-grid-cell\" ><div id=\"panel-2606-3-0-0\" class=\"so-panel widget widget_sow-editor panel-first-child panel-last-child\" data-index=\"5\" ><div\n\t\t\t\n\t\t\tclass=\"so-widget-sow-editor so-widget-sow-editor-base\"\n\t\t\t\n\t\t>\n<div class=\"siteorigin-widget-tinymce textwidget\">\n\t<p><strong>RCR Flooring Products GmbH<\/strong><\/p>\n<p>Freiberger Stra\u00dfe 9,<br \/>\nD-74379 Ingersheim,<br \/>\nGermany<\/p>\n<p>+49 (0) 7142 377220<br \/>\n<a href=\"mailto:info@rcrflooringproducts.de\">info@rcrflooringproducts.de<\/a><\/p>\n<p><a href=\"http:\/\/www.rcrflooringproducts.de\/\" target=\"_blank\" rel=\"noopener\">En savoir plus<\/a><\/p>\n<\/div>\n<\/div><\/div><\/div><div id=\"pgc-2606-3-1\"  class=\"panel-grid-cell\" ><div id=\"panel-2606-3-1-0\" class=\"so-panel widget widget_sow-editor panel-first-child panel-last-child\" data-index=\"6\" ><div\n\t\t\t\n\t\t\tclass=\"so-widget-sow-editor so-widget-sow-editor-base\"\n\t\t\t\n\t\t>\n<div class=\"siteorigin-widget-tinymce textwidget\">\n\t<p><strong>RINOL ROCLAND R&amp;T,Spain<\/strong><\/p>\n<p>c\/La Marga<br \/>\ns\/n Poligono Industrial Nuestra Se\u00f1ora del Rosario. 45224<br \/>\nSESE\u00d1A NUEVO (Toledo)<br \/>\nSpain<\/p>\n<p>+34 918 012921<br \/>\n<a href=\"mailto:info@rinol.es\">info@rinol.es<\/a><\/p>\n<p><a href=\"http:\/\/www.rinol.es\/\" target=\"_blank\" rel=\"noopener\">En savoir plus<\/a><\/p>\n<\/div>\n<\/div><\/div><\/div><div id=\"pgc-2606-3-2\"  class=\"panel-grid-cell\" ><div id=\"panel-2606-3-2-0\" class=\"so-panel widget widget_sow-editor panel-first-child panel-last-child\" data-index=\"7\" ><div\n\t\t\t\n\t\t\tclass=\"so-widget-sow-editor so-widget-sow-editor-base\"\n\t\t\t\n\t\t>\n<div class=\"siteorigin-widget-tinymce textwidget\">\n\t<p><strong>Rocland R &amp; T Chile S.A.<\/strong><\/p>\n<p>Avenida Colorado<br \/>\n581 Parque Industrial Aeropuerto,<br \/>\nQuilicura \u2013Santiago<br \/>\nRegi\u00f3n Metropolitana<br \/>\nChile<\/p>\n<p>+56 (0) 2 23936140<br \/>\n<a href=\"mailto:administracion@rocland.cl\">administracion@rocland.cl<\/a><\/p>\n<p><a href=\"http:\/\/www.rocland.cl\/\" target=\"_blank\" rel=\"noopener\">En savoir plus<\/a><\/p>\n<\/div>\n<\/div><\/div><\/div><\/div><\/div><div id=\"pg-2606-4\"  class=\"panel-grid panel-has-style\" ><div class=\"first-p-red panel-row-style panel-row-style-for-2606-4\" ><div id=\"pgc-2606-4-0\"  class=\"panel-grid-cell\" ><div id=\"panel-2606-4-0-0\" class=\"so-panel widget widget_sow-editor panel-first-child panel-last-child\" data-index=\"8\" ><div\n\t\t\t\n\t\t\tclass=\"so-widget-sow-editor so-widget-sow-editor-base\"\n\t\t\t\n\t\t>\n<div class=\"siteorigin-widget-tinymce textwidget\">\n\t<p><strong>RCR Flooring Products, South Africa<\/strong><\/p>\n<p>19 Goud Street<br \/>\nGoedeburg<br \/>\nBenoni 1501<br \/>\nSouth Africa<\/p>\n<p>+27 (0)81 780 7445<br \/>\n<a href=\"mailto:inforsa@wordpress-99157-664249.cloudwaysapps.com\">inforsa@wordpress-99157-664249.cloudwaysapps.com<\/a><\/p>\n<p><a href=\"http:\/\/www.pcfloors.co.za\/\" target=\"_blank\" rel=\"noopener\">En savoir plus<\/a><\/p>\n<\/div>\n<\/div><\/div><\/div><div id=\"pgc-2606-4-1\"  class=\"panel-grid-cell\" ><div id=\"panel-2606-4-1-0\" class=\"so-panel widget widget_sow-editor panel-first-child panel-last-child\" data-index=\"9\" ><div\n\t\t\t\n\t\t\tclass=\"so-widget-sow-editor so-widget-sow-editor-base\"\n\t\t\t\n\t\t>\n<div class=\"siteorigin-widget-tinymce textwidget\">\n\t<p><strong>RINOL Italia Research &amp; Technology, Italy<\/strong><\/p>\n<p>Via Chiarugi 76\/U I-45100<br \/>\nRovigo<br \/>\nItaly<\/p>\n<p>+39 (0) 425 411200<br \/>\n<a href=\"mailto:info@rinol.it\">info@rinol.it<\/a><\/p>\n<p><a href=\"http:\/\/www.rinol.de\/fr\" target=\"_blank\" rel=\"noopener\">En savoir plus<\/a><\/p>\n<\/div>\n<\/div><\/div><\/div><div id=\"pgc-2606-4-2\"  class=\"panel-grid-cell\" ><div id=\"panel-2606-4-2-0\" class=\"so-panel widget widget_sow-editor panel-first-child panel-last-child\" data-index=\"10\" ><div\n\t\t\t\n\t\t\tclass=\"so-widget-sow-editor so-widget-sow-editor-base\"\n\t\t\t\n\t\t>\n<div class=\"siteorigin-widget-tinymce textwidget\">\n\t<p><strong>RCR Flooring Products, Mexico<\/strong><\/p>\n<p>Calle Maricopa 10 int.701,<br \/>\nCol. N\u00e1poles Del. Benito Ju\u00e1rez,<br \/>\nC.P. 03810<br \/>\nMexico DF<br \/>\nMexico<\/p>\n<p>+52 (55) 55 23 74 80 \/<br \/>\n+52 (55) 55 36 49 12<br \/>\n<a href=\"mailto:michel.liakhov@rcrindustrialflooring.com\">michel.liakhov@rcrindustrialflooring.com<\/a><\/p>\n<p><a href=\"http:\/\/www.rinolmexico.com\" target=\"_blank\" rel=\"noopener\">En savoir plus<\/a><\/p>\n<\/div>\n<\/div><\/div><\/div><\/div><\/div><div id=\"pg-2606-5\"  class=\"panel-grid panel-has-style\" ><div class=\"left-right-padding panel-row-style panel-row-style-for-2606-5\" ><div id=\"pgc-2606-5-0\"  class=\"panel-grid-cell\" ><div id=\"panel-2606-5-0-0\" class=\"so-panel widget widget_sow-editor panel-first-child panel-last-child\" data-index=\"11\" ><div\n\t\t\t\n\t\t\tclass=\"so-widget-sow-editor so-widget-sow-editor-base\"\n\t\t\t\n\t\t>\n<div class=\"siteorigin-widget-tinymce textwidget\">\n\t<h2>Formulaire de contact<\/h2>\n<p>Veuillez remplir le formulaire ci-dessous et nous reviendrons vers vous d\u00e8s que possible.<\/p>\n<p>[gravityform id=\"1\" title=\"false\" description=\"false\" ajax=\"true\"]<\/p>\n<\/div>\n<\/div><\/div><\/div><\/div><\/div><\/div>","protected":false},"excerpt":{"rendered":"<p>RCR Flooring Products est l\u2019entreprise qui se cache derri\u00e8re certaines des marques de rev\u00eatements de sols industriels les plus connues au monde.<\/p>\n","protected":false},"author":5,"featured_media":2386,"parent":0,"menu_order":0,"comment_status":"closed","ping_status":"closed","template":"","meta":{"_acf_changed":false,"footnotes":""},"class_list":["post-2606","page","type-page","status-publish","has-post-thumbnail","hentry"],"acf":[],"yoast_head":"<!-- This site is optimized with the Yoast SEO plugin v27.3 - https:\/\/yoast.com\/product\/yoast-seo-wordpress\/ -->\n<title>Demande Des Rev\u00eatements De Sols Industriels | RCR Flooring Products<\/title>\n<meta name=\"description\" content=\"RCR Flooring Products est l&#039;organisation \u00e0 l&#039;origine de certains des produits de sols industriels en b\u00e9ton les plus connus au monde. Contactez-nous aujourd&#039;hui!\" \/>\n<meta name=\"robots\" content=\"index, follow, max-snippet:-1, max-image-preview:large, max-video-preview:-1\" \/>\n<link rel=\"canonical\" href=\"https:\/\/floor-dynamics.com\/fr\/contact\/\" \/>\n<meta property=\"og:locale\" content=\"fr_FR\" \/>\n<meta property=\"og:type\" content=\"article\" \/>\n<meta property=\"og:title\" content=\"Demande Des Rev\u00eatements De Sols Industriels | RCR Flooring Products\" \/>\n<meta property=\"og:description\" content=\"RCR Flooring Products est l&#039;organisation \u00e0 l&#039;origine de certains des produits de sols industriels en b\u00e9ton les plus connus au monde. Contactez-nous aujourd&#039;hui!\" \/>\n<meta property=\"og:url\" content=\"https:\/\/floor-dynamics.com\/fr\/contact\/\" \/>\n<meta property=\"og:site_name\" content=\"Floor Dynamics\" \/>\n<meta property=\"article:modified_time\" content=\"2018-07-26T16:33:59+00:00\" \/>\n<meta property=\"og:image\" content=\"https:\/\/floor-dynamics.com\/wp-content\/uploads\/2017\/09\/03.jpg\" \/>\n\t<meta property=\"og:image:width\" content=\"1920\" \/>\n\t<meta property=\"og:image:height\" content=\"535\" \/>\n\t<meta property=\"og:image:type\" content=\"image\/jpeg\" \/>\n<meta name=\"twitter:card\" content=\"summary_large_image\" \/>\n<meta name=\"twitter:label1\" content=\"Dur\u00e9e de lecture estim\u00e9e\" \/>\n\t<meta name=\"twitter:data1\" content=\"1 minute\" \/>\n<script type=\"application\/ld+json\" class=\"yoast-schema-graph\">{\"@context\":\"https:\\\/\\\/schema.org\",\"@graph\":[{\"@type\":\"WebPage\",\"@id\":\"https:\\\/\\\/floor-dynamics.com\\\/fr\\\/contact\\\/\",\"url\":\"https:\\\/\\\/floor-dynamics.com\\\/fr\\\/contact\\\/\",\"name\":\"Demande Des Rev\u00eatements De Sols Industriels | RCR Flooring Products\",\"isPartOf\":{\"@id\":\"https:\\\/\\\/floor-dynamics.com\\\/fr\\\/#website\"},\"primaryImageOfPage\":{\"@id\":\"https:\\\/\\\/floor-dynamics.com\\\/fr\\\/contact\\\/#primaryimage\"},\"image\":{\"@id\":\"https:\\\/\\\/floor-dynamics.com\\\/fr\\\/contact\\\/#primaryimage\"},\"thumbnailUrl\":\"https:\\\/\\\/floor-dynamics.com\\\/wp-content\\\/uploads\\\/2017\\\/09\\\/03.jpg\",\"datePublished\":\"2017-09-12T15:00:04+00:00\",\"dateModified\":\"2018-07-26T16:33:59+00:00\",\"description\":\"RCR Flooring Products est l'organisation \u00e0 l'origine de certains des produits de sols industriels en b\u00e9ton les plus connus au monde. Contactez-nous aujourd'hui!\",\"breadcrumb\":{\"@id\":\"https:\\\/\\\/floor-dynamics.com\\\/fr\\\/contact\\\/#breadcrumb\"},\"inLanguage\":\"fr-FR\",\"potentialAction\":[{\"@type\":\"ReadAction\",\"target\":[\"https:\\\/\\\/floor-dynamics.com\\\/fr\\\/contact\\\/\"]}]},{\"@type\":\"ImageObject\",\"inLanguage\":\"fr-FR\",\"@id\":\"https:\\\/\\\/floor-dynamics.com\\\/fr\\\/contact\\\/#primaryimage\",\"url\":\"https:\\\/\\\/floor-dynamics.com\\\/wp-content\\\/uploads\\\/2017\\\/09\\\/03.jpg\",\"contentUrl\":\"https:\\\/\\\/floor-dynamics.com\\\/wp-content\\\/uploads\\\/2017\\\/09\\\/03.jpg\",\"width\":1920,\"height\":535},{\"@type\":\"BreadcrumbList\",\"@id\":\"https:\\\/\\\/floor-dynamics.com\\\/fr\\\/contact\\\/#breadcrumb\",\"itemListElement\":[{\"@type\":\"ListItem\",\"position\":1,\"name\":\"Home\",\"item\":\"https:\\\/\\\/floor-dynamics.com\\\/fr\\\/\"},{\"@type\":\"ListItem\",\"position\":2,\"name\":\"Contactez-nous\"}]},{\"@type\":\"WebSite\",\"@id\":\"https:\\\/\\\/floor-dynamics.com\\\/fr\\\/#website\",\"url\":\"https:\\\/\\\/floor-dynamics.com\\\/fr\\\/\",\"name\":\"Floor Dynamics\",\"description\":\"Understanding Floors. Optimising Logistics.\",\"potentialAction\":[{\"@type\":\"SearchAction\",\"target\":{\"@type\":\"EntryPoint\",\"urlTemplate\":\"https:\\\/\\\/floor-dynamics.com\\\/fr\\\/?s={search_term_string}\"},\"query-input\":{\"@type\":\"PropertyValueSpecification\",\"valueRequired\":true,\"valueName\":\"search_term_string\"}}],\"inLanguage\":\"fr-FR\"}]}<\/script>\n<!-- \/ Yoast SEO plugin. -->","yoast_head_json":{"title":"Demande Des Rev\u00eatements De Sols Industriels | RCR Flooring Products","description":"RCR Flooring Products est l'organisation \u00e0 l'origine de certains des produits de sols industriels en b\u00e9ton les plus connus au monde. Contactez-nous aujourd'hui!","robots":{"index":"index","follow":"follow","max-snippet":"max-snippet:-1","max-image-preview":"max-image-preview:large","max-video-preview":"max-video-preview:-1"},"canonical":"https:\/\/floor-dynamics.com\/fr\/contact\/","og_locale":"fr_FR","og_type":"article","og_title":"Demande Des Rev\u00eatements De Sols Industriels | RCR Flooring Products","og_description":"RCR Flooring Products est l'organisation \u00e0 l'origine de certains des produits de sols industriels en b\u00e9ton les plus connus au monde. Contactez-nous aujourd'hui!","og_url":"https:\/\/floor-dynamics.com\/fr\/contact\/","og_site_name":"Floor Dynamics","article_modified_time":"2018-07-26T16:33:59+00:00","og_image":[{"width":1920,"height":535,"url":"https:\/\/floor-dynamics.com\/wp-content\/uploads\/2017\/09\/03.jpg","type":"image\/jpeg"}],"twitter_card":"summary_large_image","twitter_misc":{"Dur\u00e9e de lecture estim\u00e9e":"1 minute"},"schema":{"@context":"https:\/\/schema.org","@graph":[{"@type":"WebPage","@id":"https:\/\/floor-dynamics.com\/fr\/contact\/","url":"https:\/\/floor-dynamics.com\/fr\/contact\/","name":"Demande Des Rev\u00eatements De Sols Industriels | RCR Flooring Products","isPartOf":{"@id":"https:\/\/floor-dynamics.com\/fr\/#website"},"primaryImageOfPage":{"@id":"https:\/\/floor-dynamics.com\/fr\/contact\/#primaryimage"},"image":{"@id":"https:\/\/floor-dynamics.com\/fr\/contact\/#primaryimage"},"thumbnailUrl":"https:\/\/floor-dynamics.com\/wp-content\/uploads\/2017\/09\/03.jpg","datePublished":"2017-09-12T15:00:04+00:00","dateModified":"2018-07-26T16:33:59+00:00","description":"RCR Flooring Products est l'organisation \u00e0 l'origine de certains des produits de sols industriels en b\u00e9ton les plus connus au monde. Contactez-nous aujourd'hui!","breadcrumb":{"@id":"https:\/\/floor-dynamics.com\/fr\/contact\/#breadcrumb"},"inLanguage":"fr-FR","potentialAction":[{"@type":"ReadAction","target":["https:\/\/floor-dynamics.com\/fr\/contact\/"]}]},{"@type":"ImageObject","inLanguage":"fr-FR","@id":"https:\/\/floor-dynamics.com\/fr\/contact\/#primaryimage","url":"https:\/\/floor-dynamics.com\/wp-content\/uploads\/2017\/09\/03.jpg","contentUrl":"https:\/\/floor-dynamics.com\/wp-content\/uploads\/2017\/09\/03.jpg","width":1920,"height":535},{"@type":"BreadcrumbList","@id":"https:\/\/floor-dynamics.com\/fr\/contact\/#breadcrumb","itemListElement":[{"@type":"ListItem","position":1,"name":"Home","item":"https:\/\/floor-dynamics.com\/fr\/"},{"@type":"ListItem","position":2,"name":"Contactez-nous"}]},{"@type":"WebSite","@id":"https:\/\/floor-dynamics.com\/fr\/#website","url":"https:\/\/floor-dynamics.com\/fr\/","name":"Floor Dynamics","description":"Understanding Floors. Optimising Logistics.","potentialAction":[{"@type":"SearchAction","target":{"@type":"EntryPoint","urlTemplate":"https:\/\/floor-dynamics.com\/fr\/?s={search_term_string}"},"query-input":{"@type":"PropertyValueSpecification","valueRequired":true,"valueName":"search_term_string"}}],"inLanguage":"fr-FR"}]}},"_links":{"self":[{"href":"https:\/\/floor-dynamics.com\/fr\/wp-json\/wp\/v2\/pages\/2606","targetHints":{"allow":["GET"]}}],"collection":[{"href":"https:\/\/floor-dynamics.com\/fr\/wp-json\/wp\/v2\/pages"}],"about":[{"href":"https:\/\/floor-dynamics.com\/fr\/wp-json\/wp\/v2\/types\/page"}],"author":[{"embeddable":true,"href":"https:\/\/floor-dynamics.com\/fr\/wp-json\/wp\/v2\/users\/5"}],"replies":[{"embeddable":true,"href":"https:\/\/floor-dynamics.com\/fr\/wp-json\/wp\/v2\/comments?post=2606"}],"version-history":[{"count":7,"href":"https:\/\/floor-dynamics.com\/fr\/wp-json\/wp\/v2\/pages\/2606\/revisions"}],"predecessor-version":[{"id":3313,"href":"https:\/\/floor-dynamics.com\/fr\/wp-json\/wp\/v2\/pages\/2606\/revisions\/3313"}],"wp:featuredmedia":[{"embeddable":true,"href":"https:\/\/floor-dynamics.com\/fr\/wp-json\/wp\/v2\/media\/2386"}],"wp:attachment":[{"href":"https:\/\/floor-dynamics.com\/fr\/wp-json\/wp\/v2\/media?parent=2606"}],"curies":[{"name":"wp","href":"https:\/\/api.w.org\/{rel}","templated":true}]}}