{"id":2634,"date":"2017-09-12T15:59:46","date_gmt":"2017-09-12T14:59:46","guid":{"rendered":"https:\/\/www.wordpress-99157-664249.cloudwaysapps.com\/technical-help\/"},"modified":"2018-07-26T17:26:49","modified_gmt":"2018-07-26T16:26:49","slug":"assistance-technique","status":"publish","type":"page","link":"https:\/\/floor-dynamics.com\/fr\/assistance-technique\/","title":{"rendered":"Assistance technique"},"content":{"rendered":"<div id=\"pl-2634\"  class=\"panel-layout\" ><div id=\"pg-2634-0\"  class=\"panel-grid panel-no-style\" ><div id=\"pgc-2634-0-0\"  class=\"panel-grid-cell\" ><div id=\"panel-2634-0-0-0\" class=\"so-panel widget widget_sow-editor panel-first-child panel-last-child\" data-index=\"0\" ><div class=\"large-font-size panel-widget-style panel-widget-style-for-2634-0-0-0\" ><div\n\t\t\t\n\t\t\tclass=\"so-widget-sow-editor so-widget-sow-editor-base\"\n\t\t\t\n\t\t>\n<div class=\"siteorigin-widget-tinymce textwidget\">\n\t<p>Des informations compl\u00e8tes sur nos produits de sols industriels sont disponibles. Vous pourez les visualiser et les t\u00e9l\u00e9charger depuis les sites Internet de nos marques. Vous y trouverez des brochures, des fiches de sp\u00e9cifications, des instructions sur l\u2019installation et des fiches de s\u00e9curit\u00e9 produit (MSDS). Nous serons \u00e9galement heureux de r\u00e9pondre \u00e0 vos questions sur les sols et rev\u00eatements de sols industriels !<\/p>\n<p>Nous proposons des s\u00e9minaires de formation technique et de d\u00e9veloppement professionnel continu. <a href=\"https:\/\/www.wordpress-99157-664249.cloudwaysapps.com\/fr\/assistance-technique\/dpc\/\">En savoir plus &gt;&gt;<\/a><\/p>\n<\/div>\n<\/div><\/div><\/div><\/div><\/div><div id=\"pg-2634-1\"  class=\"panel-grid panel-has-style\" ><div class=\"siteorigin-panels-stretch panel-row-style panel-row-style-for-2634-1\" data-stretch-type=\"full\" ><div id=\"pgc-2634-1-0\"  class=\"panel-grid-cell\" ><div class=\"box-shadow panel-cell-style panel-cell-style-for-2634-1-0\" ><div id=\"panel-2634-1-0-0\" class=\"so-panel widget widget_sow-image panel-first-child\" data-index=\"1\" ><div class=\"flooring-brands panel-widget-style panel-widget-style-for-2634-1-0-0\" ><div\n\t\t\t\n\t\t\tclass=\"so-widget-sow-image so-widget-sow-image-default-a258e6bfa2d8-2634\"\n\t\t\t\n\t\t>\n<div class=\"sow-image-container\">\n\t\t\t<a href=\"http:\/\/www.rinol.de\/fr\/content\/broschueren.html\"\n\t\t\ttarget=\"_blank\" rel=\"noopener noreferrer\" \t\t>\n\t\t\t<img \n\tsrc=\"https:\/\/floor-dynamics.com\/wp-content\/uploads\/2017\/09\/rinol-logo.jpg\" width=\"1198\" height=\"512\" srcset=\"https:\/\/floor-dynamics.com\/wp-content\/uploads\/2017\/09\/rinol-logo.jpg 1198w, https:\/\/floor-dynamics.com\/wp-content\/uploads\/2017\/09\/rinol-logo-300x128.jpg 300w, https:\/\/floor-dynamics.com\/wp-content\/uploads\/2017\/09\/rinol-logo-768x328.jpg 768w, https:\/\/floor-dynamics.com\/wp-content\/uploads\/2017\/09\/rinol-logo-1024x438.jpg 1024w\" sizes=\"(max-width: 1198px) 100vw, 1198px\" alt=\" RINOL syst\u00e8mes de rev\u00eatement de sol en r\u00e9sine industrielle | rev\u00eatement de sol en r\u00e9sine \u00e9poxy commerciale\" \t\tclass=\"so-widget-image\"\/>\n\t\t\t<\/a><\/div>\n\n<h3 class=\"widget-title\"><\/h3><\/div><\/div><\/div><div id=\"panel-2634-1-0-1\" class=\"so-panel widget widget_sow-editor panel-last-child\" data-index=\"2\" ><div class=\"panel-widget-style panel-widget-style-for-2634-1-0-1\" ><div\n\t\t\t\n\t\t\tclass=\"so-widget-sow-editor so-widget-sow-editor-base\"\n\t\t\t\n\t\t>\n<div class=\"siteorigin-widget-tinymce textwidget\">\n\t<p><a href=\"http:\/\/www.rinol.de\/fr\/content\/broschueren.html\"><strong>Brochures RINOL<\/strong><\/a><\/p>\n<\/div>\n<\/div><\/div><\/div><\/div><\/div><div id=\"pgc-2634-1-1\"  class=\"panel-grid-cell\" ><div class=\"box-shadow panel-cell-style panel-cell-style-for-2634-1-1\" ><div id=\"panel-2634-1-1-0\" class=\"so-panel widget widget_sow-image panel-first-child\" data-index=\"3\" ><div class=\"flooring-brands panel-widget-style panel-widget-style-for-2634-1-1-0\" ><div\n\t\t\t\n\t\t\tclass=\"so-widget-sow-image so-widget-sow-image-default-c67d20f9f743-2634\"\n\t\t\t\n\t\t>\n<div class=\"sow-image-container\">\n\t\t\t<a href=\"http:\/\/www.rocland.eu\/fr\/rocland\/hqe.html\"\n\t\t\ttarget=\"_blank\" rel=\"noopener noreferrer\" \t\t>\n\t\t\t<img \n\tsrc=\"https:\/\/floor-dynamics.com\/wp-content\/uploads\/2017\/09\/Rocland-with-strapline.jpg\" width=\"650\" height=\"619\" srcset=\"https:\/\/floor-dynamics.com\/wp-content\/uploads\/2017\/09\/Rocland-with-strapline.jpg 650w, https:\/\/floor-dynamics.com\/wp-content\/uploads\/2017\/09\/Rocland-with-strapline-300x286.jpg 300w\" sizes=\"(max-width: 650px) 100vw, 650px\" alt=\"ROCLAND rev\u00eatements dry-shake | durcisseurs de sols | rev\u00eatements de sol industriels\" \t\tclass=\"so-widget-image\"\/>\n\t\t\t<\/a><\/div>\n\n<h3 class=\"widget-title\"><\/h3><\/div><\/div><\/div><div id=\"panel-2634-1-1-1\" class=\"so-panel widget widget_sow-editor panel-last-child\" data-index=\"4\" ><div class=\"panel-widget-style panel-widget-style-for-2634-1-1-1\" ><div\n\t\t\t\n\t\t\tclass=\"so-widget-sow-editor so-widget-sow-editor-base\"\n\t\t\t\n\t\t>\n<div class=\"siteorigin-widget-tinymce textwidget\">\n\t<p><a href=\"http:\/\/www.rocland.eu\/en\/en-faq.html\"><strong><a href=\"http:\/\/www.rocland.eu\/fr\/rocland\/hqe.html\">Questions fr\u00e9quentes ROCLAND<\/a><\/strong><\/a><\/p>\n<\/div>\n<\/div><\/div><\/div><\/div><\/div><div id=\"pgc-2634-1-2\"  class=\"panel-grid-cell\" ><div class=\"box-shadow panel-cell-style panel-cell-style-for-2634-1-2\" ><div id=\"panel-2634-1-2-0\" class=\"so-panel widget widget_sow-image panel-first-child\" data-index=\"5\" ><div class=\"flooring-brands panel-widget-style panel-widget-style-for-2634-1-2-0\" ><div\n\t\t\t\n\t\t\tclass=\"so-widget-sow-image so-widget-sow-image-default-c67d20f9f743-2634\"\n\t\t\t\n\t\t>\n<div class=\"sow-image-container\">\n\t\t\t<a href=\"https:\/\/www.permaban.com\/technical-help\"\n\t\t\ttarget=\"_blank\" rel=\"noopener noreferrer\" \t\t>\n\t\t\t<img \n\tsrc=\"https:\/\/floor-dynamics.com\/wp-content\/uploads\/2017\/09\/Permaban-logo-strapline.jpg\" width=\"500\" height=\"144\" srcset=\"https:\/\/floor-dynamics.com\/wp-content\/uploads\/2017\/09\/Permaban-logo-strapline.jpg 500w, https:\/\/floor-dynamics.com\/wp-content\/uploads\/2017\/09\/Permaban-logo-strapline-300x86.jpg 300w\" sizes=\"(max-width: 500px) 100vw, 500px\" alt=\"Permaban joints blind\u00e9s pour sols industriels | joints de b\u00e9ton | coffrage\" \t\tclass=\"so-widget-image\"\/>\n\t\t\t<\/a><\/div>\n\n<h3 class=\"widget-title\"><\/h3><\/div><\/div><\/div><div id=\"panel-2634-1-2-1\" class=\"so-panel widget widget_sow-editor panel-last-child\" data-index=\"6\" ><div class=\"panel-widget-style panel-widget-style-for-2634-1-2-1\" ><div\n\t\t\t\n\t\t\tclass=\"so-widget-sow-editor so-widget-sow-editor-base\"\n\t\t\t\n\t\t>\n<div class=\"siteorigin-widget-tinymce textwidget\">\n\t<p><a href=\"https:\/\/www.permaban.com\/technical-help\"><strong><a href=\"https:\/\/www.permaban.com\/technical-help\">Centre d\u2019assistance technique Permaban<\/a><\/strong><\/a><\/p>\n<\/div>\n<\/div><\/div><\/div><\/div><\/div><\/div><\/div><div id=\"pg-2634-2\"  class=\"panel-grid panel-no-style\" ><div id=\"pgc-2634-2-0\"  class=\"panel-grid-cell\" ><div id=\"panel-2634-2-0-0\" class=\"so-panel widget widget_sow-editor panel-first-child panel-last-child\" data-index=\"7\" ><div\n\t\t\t\n\t\t\tclass=\"so-widget-sow-editor so-widget-sow-editor-base\"\n\t\t\t\n\t\t>\n<div class=\"siteorigin-widget-tinymce textwidget\">\n\t<h5>ARTICLES TECHNIQUES PR\u00c9SENT\u00c9S<\/h5>\n<\/div>\n<\/div><\/div><\/div><\/div><div id=\"pg-2634-3\"  class=\"panel-grid panel-has-style\" ><div class=\"siteorigin-panels-stretch panel-row-style panel-row-style-for-2634-3\" data-stretch-type=\"full\" ><div id=\"pgc-2634-3-0\"  class=\"panel-grid-cell\" ><div class=\"box-shadow panel-cell-style panel-cell-style-for-2634-3-0\" ><div id=\"panel-2634-3-0-0\" class=\"so-panel widget widget_sow-image panel-first-child\" data-index=\"8\" ><div class=\"flooring-brands panel-widget-style panel-widget-style-for-2634-3-0-0\" ><div\n\t\t\t\n\t\t\tclass=\"so-widget-sow-image so-widget-sow-image-default-a258e6bfa2d8-2634\"\n\t\t\t\n\t\t>\n<div class=\"sow-image-container\">\n\t\t\t<a href=\"https:\/\/www.permaban.com\/technical-blog\/a-new-lease-of-life-for-tired-concrete-floors\"\n\t\t\ttarget=\"_blank\" rel=\"noopener noreferrer\" \t\t>\n\t\t\t<img \n\tsrc=\"https:\/\/floor-dynamics.com\/wp-content\/uploads\/2017\/09\/7___finished_floor.jpg\" width=\"800\" height=\"257\" srcset=\"https:\/\/floor-dynamics.com\/wp-content\/uploads\/2017\/09\/7___finished_floor.jpg 800w, https:\/\/floor-dynamics.com\/wp-content\/uploads\/2017\/09\/7___finished_floor-640x206.jpg 640w, https:\/\/floor-dynamics.com\/wp-content\/uploads\/2017\/09\/7___finished_floor-768x247.jpg 768w\" sizes=\"(max-width: 800px) 100vw, 800px\" alt=\"Rev\u00eatement de sol industriel\" \t\tclass=\"so-widget-image\"\/>\n\t\t\t<\/a><\/div>\n\n<h3 class=\"widget-title\"><\/h3><\/div><\/div><\/div><div id=\"panel-2634-3-0-1\" class=\"so-panel widget widget_sow-editor panel-last-child\" data-index=\"9\" ><div class=\"panel-widget-style panel-widget-style-for-2634-3-0-1\" ><div\n\t\t\t\n\t\t\tclass=\"so-widget-sow-editor so-widget-sow-editor-base\"\n\t\t\t\n\t\t>\n<div class=\"siteorigin-widget-tinymce textwidget\">\n\t<p><a href=\"https:\/\/www.permaban.com\/technical-blog\/a-new-lease-of-life-for-tired-concrete-floors\" target=\"_blank\" rel=\"noopener\"><strong>Une nouvelle vie pour les sols en b\u00e9ton fatigu\u00e9s (Anglais)<\/strong><\/a><\/p>\n<\/div>\n<\/div><\/div><\/div><\/div><\/div><div id=\"pgc-2634-3-1\"  class=\"panel-grid-cell panel-grid-cell-mobile-last\" ><div class=\"box-shadow panel-cell-style panel-cell-style-for-2634-3-1\" ><div id=\"panel-2634-3-1-0\" class=\"so-panel widget widget_sow-image panel-first-child\" data-index=\"10\" ><div class=\"flooring-brands panel-widget-style panel-widget-style-for-2634-3-1-0\" ><div\n\t\t\t\n\t\t\tclass=\"so-widget-sow-image so-widget-sow-image-default-c67d20f9f743-2634\"\n\t\t\t\n\t\t>\n<div class=\"sow-image-container\">\n\t\t\t<a href=\"http:\/\/www.rocland.eu\/en\/how-do-you-know-youve-got-a-quality-concrete-product\/\"\n\t\t\ttarget=\"_blank\" rel=\"noopener noreferrer\" \t\t>\n\t\t\t<img \n\tsrc=\"https:\/\/floor-dynamics.com\/wp-content\/uploads\/2017\/09\/Lab2.jpg\" width=\"638\" height=\"425\" srcset=\"https:\/\/floor-dynamics.com\/wp-content\/uploads\/2017\/09\/Lab2.jpg 638w, https:\/\/floor-dynamics.com\/wp-content\/uploads\/2017\/09\/Lab2-272x182.jpg 272w\" sizes=\"(max-width: 638px) 100vw, 638px\" alt=\" Produit de sol industriel | Aide technique\" \t\tclass=\"so-widget-image\"\/>\n\t\t\t<\/a><\/div>\n\n<h3 class=\"widget-title\"><\/h3><\/div><\/div><\/div><div id=\"panel-2634-3-1-1\" class=\"so-panel widget widget_sow-editor panel-last-child\" data-index=\"11\" ><div class=\"panel-widget-style panel-widget-style-for-2634-3-1-1\" ><div\n\t\t\t\n\t\t\tclass=\"so-widget-sow-editor so-widget-sow-editor-base\"\n\t\t\t\n\t\t>\n<div class=\"siteorigin-widget-tinymce textwidget\">\n\t<p><strong><a href=\"http:\/\/www.rocland.eu\/en\/how-do-you-know-youve-got-a-quality-concrete-product\/\" target=\"_blank\" rel=\"noopener\">Comment savez-vous que vous avez un produit de b\u00e9ton de qualit\u00e9? (Anglais)<\/a><\/strong><\/p>\n<\/div>\n<\/div><\/div><\/div><\/div><\/div><div id=\"pgc-2634-3-2\"  class=\"panel-grid-cell panel-grid-cell-empty\" ><div class=\"box-shadow panel-cell-style panel-cell-style-for-2634-3-2\" ><\/div><\/div><\/div><\/div><div id=\"pg-2634-4\"  class=\"panel-grid panel-no-style\" ><div id=\"pgc-2634-4-0\"  class=\"panel-grid-cell\" ><div id=\"panel-2634-4-0-0\" class=\"so-panel widget widget_siteorigin-panels-postloop panel-first-child panel-last-child\" data-index=\"12\" ><div class=\"row panel-widget-style panel-widget-style-for-2634-4-0-0\" >\n\n\n\n\n\t<div class=\"small-12 medium-4 columns column-block technical-post\">\n\t  \t<a href=\"https:\/\/floor-dynamics.com\/fr\/scan-laser-3d-belles-images-en-couleur-ou-cartographie-haute-definition\/\">\n\t\t\t<div class=\"featured-image\" style=\"background-image: url(https:\/\/floor-dynamics.com\/wp-content\/uploads\/2020\/10\/article5-EN-1-400x300.jpg)\"><\/div>\n\t\t<\/a>\n\t  \t<div class=\"post-text\">\n\t\t  \t<div class=\"post-title\"><a href=\"https:\/\/floor-dynamics.com\/fr\/scan-laser-3d-belles-images-en-couleur-ou-cartographie-haute-definition\/\">Scan laser 3D &#8211; Belles images en couleur ou cartographie haute d\u00e9finition ?<\/a><\/div>\n\t\t<\/div>\n\t<\/div>\n\n\n\n\t<div class=\"small-12 medium-4 columns column-block technical-post\">\n\t  \t<a href=\"https:\/\/floor-dynamics.com\/fr\/quel-scanner-laser-3d-doit-on-utiliser-pour-mesurer-la-regularite-de-la-surface-dun-sol-industriel\/\">\n\t\t\t<div class=\"featured-image\" style=\"background-image: url(https:\/\/floor-dynamics.com\/wp-content\/uploads\/2020\/09\/article-3_2fr-400x300.jpg)\"><\/div>\n\t\t<\/a>\n\t  \t<div class=\"post-text\">\n\t\t  \t<div class=\"post-title\"><a href=\"https:\/\/floor-dynamics.com\/fr\/quel-scanner-laser-3d-doit-on-utiliser-pour-mesurer-la-regularite-de-la-surface-dun-sol-industriel\/\">Quel scanner laser 3D doit-on utiliser pour mesurer la r\u00e9gularit\u00e9 de la surface d\u2019un sol industriel ?<\/a><\/div>\n\t\t<\/div>\n\t<\/div>\n\n\n\n\t<div class=\"small-12 medium-4 columns column-block technical-post\">\n\t  \t<a href=\"https:\/\/floor-dynamics.com\/fr\/regularite-de-surface-ou-planeite-des-sols-industriels\/\">\n\t\t\t<div class=\"featured-image\" style=\"background-image: url(https:\/\/floor-dynamics.com\/wp-content\/uploads\/2020\/09\/article-2-3fr-400x300.jpg)\"><\/div>\n\t\t<\/a>\n\t  \t<div class=\"post-text\">\n\t\t  \t<div class=\"post-title\"><a href=\"https:\/\/floor-dynamics.com\/fr\/regularite-de-surface-ou-planeite-des-sols-industriels\/\">R\u00c9GULARIT\u00c9 DE SURFACE OU PLAN\u00c9IT\u00c9 DES SOLS INDUSTRIELS ?<\/a><\/div>\n\t\t<\/div>\n\t<\/div>\n\n<\/div><\/div><\/div><\/div><div id=\"pg-2634-5\"  class=\"panel-grid panel-has-style\" ><div class=\"left-right-padding panel-row-style panel-row-style-for-2634-5\" ><div id=\"pgc-2634-5-0\"  class=\"panel-grid-cell\" ><div id=\"panel-2634-5-0-0\" class=\"so-panel widget widget_sow-editor panel-first-child panel-last-child\" data-index=\"13\" ><div\n\t\t\t\n\t\t\tclass=\"so-widget-sow-editor so-widget-sow-editor-base\"\n\t\t\t\n\t\t>\n<div class=\"siteorigin-widget-tinymce textwidget\">\n\t<h2>Assistance de la part de notre \u00e9quipe technique<\/h2>\n<p>Veuillez remplir le formulaire ci-dessous et nous reviendrons vers vous d\u00e8s que possible. Ou n\u2019h\u00e9sitez pas \u00e0\u00a0<a href=\"https:\/\/www.wordpress-99157-664249.cloudwaysapps.com\/fr\/contact\/\">contacter le bureau le plus proche de chez vous.<\/a><\/p>\n<p>[gravityform id=\"2\" title=\"false\" description=\"false\" ajax=\"true\"]<\/p>\n<\/div>\n<\/div><\/div><\/div><\/div><\/div><\/div>","protected":false},"excerpt":{"rendered":"<p>Des informations compl\u00e8tes sur nos produits de sols industriels sont disponibles. Vous pourez les visualiser et les t\u00e9l\u00e9charger depuis les sites Internet de nos marques. Vous y trouverez des brochures, des fiches de sp\u00e9cifications, des instructions sur l\u2019installation et des&#8230;<\/p>\n","protected":false},"author":5,"featured_media":2383,"parent":0,"menu_order":0,"comment_status":"closed","ping_status":"closed","template":"","meta":{"_acf_changed":false,"footnotes":""},"class_list":["post-2634","page","type-page","status-publish","has-post-thumbnail","hentry"],"acf":[],"yoast_head":"<!-- This site is optimized with the Yoast SEO plugin v27.3 - https:\/\/yoast.com\/product\/yoast-seo-wordpress\/ -->\n<title>Sols Industriels Et Rev\u00eatements - Assistance Technique | RCR Flooring Products<\/title>\n<meta name=\"description\" content=\"Nous fournissons des informations techniques compl\u00e8tes sur nos rev\u00eatements de sol industriels, et nous sommes \u00e9galement heureux de donner des conseils techniques sur les rev\u00eatements de sol et les rev\u00eatements industriels.\" \/>\n<meta name=\"robots\" content=\"index, follow, max-snippet:-1, max-image-preview:large, max-video-preview:-1\" \/>\n<link rel=\"canonical\" href=\"https:\/\/floor-dynamics.com\/fr\/assistance-technique\/\" \/>\n<meta property=\"og:locale\" content=\"fr_FR\" \/>\n<meta property=\"og:type\" content=\"article\" \/>\n<meta property=\"og:title\" content=\"Sols Industriels Et Rev\u00eatements - Assistance Technique | RCR Flooring Products\" \/>\n<meta property=\"og:description\" content=\"Nous fournissons des informations techniques compl\u00e8tes sur nos rev\u00eatements de sol industriels, et nous sommes \u00e9galement heureux de donner des conseils techniques sur les rev\u00eatements de sol et les rev\u00eatements industriels.\" \/>\n<meta property=\"og:url\" content=\"https:\/\/floor-dynamics.com\/fr\/assistance-technique\/\" \/>\n<meta property=\"og:site_name\" content=\"Floor Dynamics\" \/>\n<meta property=\"article:modified_time\" content=\"2018-07-26T16:26:49+00:00\" \/>\n<meta property=\"og:image\" content=\"https:\/\/floor-dynamics.com\/wp-content\/uploads\/2017\/09\/04.jpg\" \/>\n\t<meta property=\"og:image:width\" content=\"1920\" \/>\n\t<meta property=\"og:image:height\" content=\"535\" \/>\n\t<meta property=\"og:image:type\" content=\"image\/jpeg\" \/>\n<meta name=\"twitter:card\" content=\"summary_large_image\" \/>\n<meta name=\"twitter:label1\" content=\"Dur\u00e9e de lecture estim\u00e9e\" \/>\n\t<meta name=\"twitter:data1\" content=\"1 minute\" \/>\n<script type=\"application\/ld+json\" class=\"yoast-schema-graph\">{\"@context\":\"https:\\\/\\\/schema.org\",\"@graph\":[{\"@type\":\"WebPage\",\"@id\":\"https:\\\/\\\/floor-dynamics.com\\\/fr\\\/assistance-technique\\\/\",\"url\":\"https:\\\/\\\/floor-dynamics.com\\\/fr\\\/assistance-technique\\\/\",\"name\":\"Sols Industriels Et Rev\u00eatements - Assistance Technique | RCR Flooring Products\",\"isPartOf\":{\"@id\":\"https:\\\/\\\/floor-dynamics.com\\\/fr\\\/#website\"},\"primaryImageOfPage\":{\"@id\":\"https:\\\/\\\/floor-dynamics.com\\\/fr\\\/assistance-technique\\\/#primaryimage\"},\"image\":{\"@id\":\"https:\\\/\\\/floor-dynamics.com\\\/fr\\\/assistance-technique\\\/#primaryimage\"},\"thumbnailUrl\":\"https:\\\/\\\/floor-dynamics.com\\\/wp-content\\\/uploads\\\/2017\\\/09\\\/04.jpg\",\"datePublished\":\"2017-09-12T14:59:46+00:00\",\"dateModified\":\"2018-07-26T16:26:49+00:00\",\"description\":\"Nous fournissons des informations techniques compl\u00e8tes sur nos rev\u00eatements de sol industriels, et nous sommes \u00e9galement heureux de donner des conseils techniques sur les rev\u00eatements de sol et les rev\u00eatements industriels.\",\"breadcrumb\":{\"@id\":\"https:\\\/\\\/floor-dynamics.com\\\/fr\\\/assistance-technique\\\/#breadcrumb\"},\"inLanguage\":\"fr-FR\",\"potentialAction\":[{\"@type\":\"ReadAction\",\"target\":[\"https:\\\/\\\/floor-dynamics.com\\\/fr\\\/assistance-technique\\\/\"]}]},{\"@type\":\"ImageObject\",\"inLanguage\":\"fr-FR\",\"@id\":\"https:\\\/\\\/floor-dynamics.com\\\/fr\\\/assistance-technique\\\/#primaryimage\",\"url\":\"https:\\\/\\\/floor-dynamics.com\\\/wp-content\\\/uploads\\\/2017\\\/09\\\/04.jpg\",\"contentUrl\":\"https:\\\/\\\/floor-dynamics.com\\\/wp-content\\\/uploads\\\/2017\\\/09\\\/04.jpg\",\"width\":1920,\"height\":535},{\"@type\":\"BreadcrumbList\",\"@id\":\"https:\\\/\\\/floor-dynamics.com\\\/fr\\\/assistance-technique\\\/#breadcrumb\",\"itemListElement\":[{\"@type\":\"ListItem\",\"position\":1,\"name\":\"Home\",\"item\":\"https:\\\/\\\/floor-dynamics.com\\\/fr\\\/\"},{\"@type\":\"ListItem\",\"position\":2,\"name\":\"Assistance technique\"}]},{\"@type\":\"WebSite\",\"@id\":\"https:\\\/\\\/floor-dynamics.com\\\/fr\\\/#website\",\"url\":\"https:\\\/\\\/floor-dynamics.com\\\/fr\\\/\",\"name\":\"Floor Dynamics\",\"description\":\"Understanding Floors. Optimising Logistics.\",\"potentialAction\":[{\"@type\":\"SearchAction\",\"target\":{\"@type\":\"EntryPoint\",\"urlTemplate\":\"https:\\\/\\\/floor-dynamics.com\\\/fr\\\/?s={search_term_string}\"},\"query-input\":{\"@type\":\"PropertyValueSpecification\",\"valueRequired\":true,\"valueName\":\"search_term_string\"}}],\"inLanguage\":\"fr-FR\"}]}<\/script>\n<!-- \/ Yoast SEO plugin. -->","yoast_head_json":{"title":"Sols Industriels Et Rev\u00eatements - Assistance Technique | RCR Flooring Products","description":"Nous fournissons des informations techniques compl\u00e8tes sur nos rev\u00eatements de sol industriels, et nous sommes \u00e9galement heureux de donner des conseils techniques sur les rev\u00eatements de sol et les rev\u00eatements industriels.","robots":{"index":"index","follow":"follow","max-snippet":"max-snippet:-1","max-image-preview":"max-image-preview:large","max-video-preview":"max-video-preview:-1"},"canonical":"https:\/\/floor-dynamics.com\/fr\/assistance-technique\/","og_locale":"fr_FR","og_type":"article","og_title":"Sols Industriels Et Rev\u00eatements - Assistance Technique | RCR Flooring Products","og_description":"Nous fournissons des informations techniques compl\u00e8tes sur nos rev\u00eatements de sol industriels, et nous sommes \u00e9galement heureux de donner des conseils techniques sur les rev\u00eatements de sol et les rev\u00eatements industriels.","og_url":"https:\/\/floor-dynamics.com\/fr\/assistance-technique\/","og_site_name":"Floor Dynamics","article_modified_time":"2018-07-26T16:26:49+00:00","og_image":[{"width":1920,"height":535,"url":"https:\/\/floor-dynamics.com\/wp-content\/uploads\/2017\/09\/04.jpg","type":"image\/jpeg"}],"twitter_card":"summary_large_image","twitter_misc":{"Dur\u00e9e de lecture estim\u00e9e":"1 minute"},"schema":{"@context":"https:\/\/schema.org","@graph":[{"@type":"WebPage","@id":"https:\/\/floor-dynamics.com\/fr\/assistance-technique\/","url":"https:\/\/floor-dynamics.com\/fr\/assistance-technique\/","name":"Sols Industriels Et Rev\u00eatements - Assistance Technique | RCR Flooring Products","isPartOf":{"@id":"https:\/\/floor-dynamics.com\/fr\/#website"},"primaryImageOfPage":{"@id":"https:\/\/floor-dynamics.com\/fr\/assistance-technique\/#primaryimage"},"image":{"@id":"https:\/\/floor-dynamics.com\/fr\/assistance-technique\/#primaryimage"},"thumbnailUrl":"https:\/\/floor-dynamics.com\/wp-content\/uploads\/2017\/09\/04.jpg","datePublished":"2017-09-12T14:59:46+00:00","dateModified":"2018-07-26T16:26:49+00:00","description":"Nous fournissons des informations techniques compl\u00e8tes sur nos rev\u00eatements de sol industriels, et nous sommes \u00e9galement heureux de donner des conseils techniques sur les rev\u00eatements de sol et les rev\u00eatements industriels.","breadcrumb":{"@id":"https:\/\/floor-dynamics.com\/fr\/assistance-technique\/#breadcrumb"},"inLanguage":"fr-FR","potentialAction":[{"@type":"ReadAction","target":["https:\/\/floor-dynamics.com\/fr\/assistance-technique\/"]}]},{"@type":"ImageObject","inLanguage":"fr-FR","@id":"https:\/\/floor-dynamics.com\/fr\/assistance-technique\/#primaryimage","url":"https:\/\/floor-dynamics.com\/wp-content\/uploads\/2017\/09\/04.jpg","contentUrl":"https:\/\/floor-dynamics.com\/wp-content\/uploads\/2017\/09\/04.jpg","width":1920,"height":535},{"@type":"BreadcrumbList","@id":"https:\/\/floor-dynamics.com\/fr\/assistance-technique\/#breadcrumb","itemListElement":[{"@type":"ListItem","position":1,"name":"Home","item":"https:\/\/floor-dynamics.com\/fr\/"},{"@type":"ListItem","position":2,"name":"Assistance technique"}]},{"@type":"WebSite","@id":"https:\/\/floor-dynamics.com\/fr\/#website","url":"https:\/\/floor-dynamics.com\/fr\/","name":"Floor Dynamics","description":"Understanding Floors. Optimising Logistics.","potentialAction":[{"@type":"SearchAction","target":{"@type":"EntryPoint","urlTemplate":"https:\/\/floor-dynamics.com\/fr\/?s={search_term_string}"},"query-input":{"@type":"PropertyValueSpecification","valueRequired":true,"valueName":"search_term_string"}}],"inLanguage":"fr-FR"}]}},"_links":{"self":[{"href":"https:\/\/floor-dynamics.com\/fr\/wp-json\/wp\/v2\/pages\/2634","targetHints":{"allow":["GET"]}}],"collection":[{"href":"https:\/\/floor-dynamics.com\/fr\/wp-json\/wp\/v2\/pages"}],"about":[{"href":"https:\/\/floor-dynamics.com\/fr\/wp-json\/wp\/v2\/types\/page"}],"author":[{"embeddable":true,"href":"https:\/\/floor-dynamics.com\/fr\/wp-json\/wp\/v2\/users\/5"}],"replies":[{"embeddable":true,"href":"https:\/\/floor-dynamics.com\/fr\/wp-json\/wp\/v2\/comments?post=2634"}],"version-history":[{"count":10,"href":"https:\/\/floor-dynamics.com\/fr\/wp-json\/wp\/v2\/pages\/2634\/revisions"}],"predecessor-version":[{"id":3305,"href":"https:\/\/floor-dynamics.com\/fr\/wp-json\/wp\/v2\/pages\/2634\/revisions\/3305"}],"wp:featuredmedia":[{"embeddable":true,"href":"https:\/\/floor-dynamics.com\/fr\/wp-json\/wp\/v2\/media\/2383"}],"wp:attachment":[{"href":"https:\/\/floor-dynamics.com\/fr\/wp-json\/wp\/v2\/media?parent=2634"}],"curies":[{"name":"wp","href":"https:\/\/api.w.org\/{rel}","templated":true}]}}