{"id":2640,"date":"2017-09-12T15:59:55","date_gmt":"2017-09-12T14:59:55","guid":{"rendered":"https:\/\/www.wordpress-99157-664249.cloudwaysapps.com\/technical-help\/cpd\/"},"modified":"2018-07-26T17:29:37","modified_gmt":"2018-07-26T16:29:37","slug":"dpc","status":"publish","type":"page","link":"https:\/\/floor-dynamics.com\/fr\/assistance-technique\/dpc\/","title":{"rendered":"D\u00e9veloppement professionnel continu (DPC)"},"content":{"rendered":"<div id=\"pl-2640\"  class=\"panel-layout\" ><div id=\"pg-2640-0\"  class=\"panel-grid panel-no-style\" ><div id=\"pgc-2640-0-0\"  class=\"panel-grid-cell\" ><div id=\"panel-2640-0-0-0\" class=\"so-panel widget widget_sow-editor panel-first-child panel-last-child\" data-index=\"0\" ><div class=\"large-font-size panel-widget-style panel-widget-style-for-2640-0-0-0\" ><div\n\t\t\t\n\t\t\tclass=\"so-widget-sow-editor so-widget-sow-editor-base\"\n\t\t\t\n\t\t>\n<div class=\"siteorigin-widget-tinymce textwidget\">\n\t<p>Nous offrons des s\u00e9minaires de formation technique et de DPC pour les architectes, les ing\u00e9nieurs et les entrepreneurs. <\/p>\n<p>Ces s\u00e9minaires aident les participants \u00e0 approfondir leurs connaissances des sols industriels en b\u00e9ton, tout en obtenant des heures pr\u00e9cieuses de DPC (D\u00e9veloppement Professionnel Continu).<\/p>\n<p><img loading=\"lazy\" decoding=\"async\" class=\"alignnone size-full wp-image-1340\" src=\"https:\/\/floor-dynamics.com\/wp-content\/uploads\/2017\/09\/Agustin-CPD.jpg\" alt=\"\" width=\"1000\" height=\"563\" srcset=\"https:\/\/floor-dynamics.com\/wp-content\/uploads\/2017\/09\/Agustin-CPD.jpg 1000w, https:\/\/floor-dynamics.com\/wp-content\/uploads\/2017\/09\/Agustin-CPD-300x169.jpg 300w, https:\/\/floor-dynamics.com\/wp-content\/uploads\/2017\/09\/Agustin-CPD-768x432.jpg 768w\" sizes=\"auto, (max-width: 1000px) 100vw, 1000px\" \/><\/p>\n<p>Nos s\u00e9minaires de DPC sont accr\u00e9dit\u00e9s par le service DPC de la construction et chacun d\u2019eux constitue une heure de DPC.<\/p>\n<p>Les experts de rev\u00eatements de sols industriels en b\u00e9ton de RCR pr\u00e9sentent \u00e9galement des s\u00e9minaires lors de conf\u00e9rences et d\u2019expositions du monde entier, nous sommes ouverts \u00e0 toute opportunit\u00e9 de partage de nos connaissances avec l\u2019industrie.<\/p>\n<\/div>\n<\/div><\/div><\/div><\/div><\/div><div id=\"pg-2640-1\"  class=\"panel-grid panel-no-style\" ><div id=\"pgc-2640-1-0\"  class=\"panel-grid-cell\" ><div id=\"panel-2640-1-0-0\" class=\"so-panel widget widget_sow-editor panel-first-child panel-last-child\" data-index=\"1\" ><div\n\t\t\t\n\t\t\tclass=\"so-widget-sow-editor so-widget-sow-editor-base\"\n\t\t\t\n\t\t>\n<div class=\"siteorigin-widget-tinymce textwidget\">\n\t<h2>Les s\u00e9minaires actuellement disponibles :<\/h2>\n<\/div>\n<\/div><\/div><\/div><\/div><div id=\"pg-2640-2\"  class=\"panel-grid panel-no-style\" ><div id=\"pgc-2640-2-0\"  class=\"panel-grid-cell\" ><div id=\"panel-2640-2-0-0\" class=\"so-panel widget widget_sow-editor panel-first-child panel-last-child\" data-index=\"2\" ><div\n\t\t\t\n\t\t\tclass=\"so-widget-sow-editor so-widget-sow-editor-base\"\n\t\t\t\n\t\t>\n<div class=\"siteorigin-widget-tinymce textwidget\">\n\t<p><strong><em>\u00abSp\u00e9cification des joints dans les dalles de b\u00e9ton\u00bb<\/em><\/strong><\/p>\n<p>Notre s\u00e9minaire couvre tout ce qu\u2019un ing\u00e9nieur de structure ou un architecte a besoin de savoir pour dimensionner des joints blind\u00e9s.\u00a0 Nous pouvons \u00e9galement adapter le s\u00e9minaire afin d\u2019offrir une formation en interne aux entrepreneurs et aux distributeurs.<\/p>\n<p>Le s\u00e9minaire couvre les points suivants\u00a0:<\/p>\n<ul>\n<li>nature des dalles en b\u00e9ton<\/li>\n<li>le positionnement des joints<\/li>\n<li>m\u00e9thodes de construction de rev\u00eatements de sols et leur influence sur les joints<\/li>\n<li>normes et l\u00e9gislation pour la performance des sols en b\u00e9ton<\/li>\n<li>types de joints et choix du joint adapt\u00e9<\/li>\n<li>tests<\/li>\n<li>transfert de charge<\/li>\n<li>Sp\u00e9cification des protections des sols en b\u00e9ton<\/li>\n<\/ul>\n<p>Le s\u00e9minaire dure environ une heure et peut se d\u00e9rouler dans vos locaux, g\u00e9n\u00e9ralement pendant l\u2019heure du d\u00e9jeuner.\u00a0 Nous proposerons des rafra\u00eechissements aux participants et nous fournissons des certificats de participation apr\u00e8s l\u2019\u00e9v\u00e9nement.\u00a0\u00a0<em>Ce s\u00e9minaire se d\u00e9roule en anglais.<\/em><\/p>\n<p><a href=\"https:\/\/www.wordpress-99157-664249.cloudwaysapps.com\/fr\/contact\/\">Contactez-nous pour plus d\u2019informations.<\/a><\/p>\n<\/div>\n<\/div><\/div><\/div><\/div><\/div>","protected":false},"excerpt":{"rendered":"<p>Nous offrons des s\u00e9minaires de formation technique et de DPC pour les architectes, les ing\u00e9nieurs et les entrepreneurs. Ces s\u00e9minaires aident les participants \u00e0 approfondir leurs connaissances des sols industriels en b\u00e9ton, tout en obtenant des heures pr\u00e9cieuses de DPC&#8230;<\/p>\n","protected":false},"author":5,"featured_media":2389,"parent":2634,"menu_order":0,"comment_status":"closed","ping_status":"closed","template":"","meta":{"_acf_changed":false,"footnotes":""},"class_list":["post-2640","page","type-page","status-publish","has-post-thumbnail","hentry"],"acf":[],"yoast_head":"<!-- This site is optimized with the Yoast SEO plugin v27.1.1 - https:\/\/yoast.com\/product\/yoast-seo-wordpress\/ -->\n<title>DPC Pour Les Architectes Et Les Ing\u00e9nieurs En Structure | S\u00e9minaires De Formation<\/title>\n<meta name=\"description\" content=\"Nous offrons des s\u00e9minaires de formation technique et de DPC pour les architectes, les ing\u00e9nieurs en structure et les entrepreneurs, am\u00e9liorant ainsi leur connaissance du plancher de b\u00e9ton industriel.\" \/>\n<meta name=\"robots\" content=\"index, follow, max-snippet:-1, max-image-preview:large, max-video-preview:-1\" \/>\n<link rel=\"canonical\" href=\"https:\/\/floor-dynamics.com\/fr\/assistance-technique\/dpc\/\" \/>\n<meta property=\"og:locale\" content=\"fr_FR\" \/>\n<meta property=\"og:type\" content=\"article\" \/>\n<meta property=\"og:title\" content=\"DPC Pour Les Architectes Et Les Ing\u00e9nieurs En Structure | S\u00e9minaires De Formation\" \/>\n<meta property=\"og:description\" content=\"Nous offrons des s\u00e9minaires de formation technique et de DPC pour les architectes, les ing\u00e9nieurs en structure et les entrepreneurs, am\u00e9liorant ainsi leur connaissance du plancher de b\u00e9ton industriel.\" \/>\n<meta property=\"og:url\" content=\"https:\/\/floor-dynamics.com\/fr\/assistance-technique\/dpc\/\" \/>\n<meta property=\"og:site_name\" content=\"Floor Dynamics\" \/>\n<meta property=\"article:modified_time\" content=\"2018-07-26T16:29:37+00:00\" \/>\n<meta property=\"og:image\" content=\"https:\/\/floor-dynamics.com\/wp-content\/uploads\/2017\/09\/Qualidur.jpg\" \/>\n\t<meta property=\"og:image:width\" content=\"1500\" \/>\n\t<meta property=\"og:image:height\" content=\"589\" \/>\n\t<meta property=\"og:image:type\" content=\"image\/jpeg\" \/>\n<meta name=\"twitter:card\" content=\"summary_large_image\" \/>\n<meta name=\"twitter:label1\" content=\"Dur\u00e9e de lecture estim\u00e9e\" \/>\n\t<meta name=\"twitter:data1\" content=\"1 minute\" \/>\n<script type=\"application\/ld+json\" class=\"yoast-schema-graph\">{\"@context\":\"https:\/\/schema.org\",\"@graph\":[{\"@type\":\"WebPage\",\"@id\":\"https:\/\/floor-dynamics.com\/fr\/assistance-technique\/dpc\/\",\"url\":\"https:\/\/floor-dynamics.com\/fr\/assistance-technique\/dpc\/\",\"name\":\"DPC Pour Les Architectes Et Les Ing\u00e9nieurs En Structure | S\u00e9minaires De Formation\",\"isPartOf\":{\"@id\":\"https:\/\/floor-dynamics.com\/fr\/#website\"},\"primaryImageOfPage\":{\"@id\":\"https:\/\/floor-dynamics.com\/fr\/assistance-technique\/dpc\/#primaryimage\"},\"image\":{\"@id\":\"https:\/\/floor-dynamics.com\/fr\/assistance-technique\/dpc\/#primaryimage\"},\"thumbnailUrl\":\"https:\/\/floor-dynamics.com\/wp-content\/uploads\/2017\/09\/Qualidur.jpg\",\"datePublished\":\"2017-09-12T14:59:55+00:00\",\"dateModified\":\"2018-07-26T16:29:37+00:00\",\"description\":\"Nous offrons des s\u00e9minaires de formation technique et de DPC pour les architectes, les ing\u00e9nieurs en structure et les entrepreneurs, am\u00e9liorant ainsi leur connaissance du plancher de b\u00e9ton industriel.\",\"breadcrumb\":{\"@id\":\"https:\/\/floor-dynamics.com\/fr\/assistance-technique\/dpc\/#breadcrumb\"},\"inLanguage\":\"fr-FR\",\"potentialAction\":[{\"@type\":\"ReadAction\",\"target\":[\"https:\/\/floor-dynamics.com\/fr\/assistance-technique\/dpc\/\"]}]},{\"@type\":\"ImageObject\",\"inLanguage\":\"fr-FR\",\"@id\":\"https:\/\/floor-dynamics.com\/fr\/assistance-technique\/dpc\/#primaryimage\",\"url\":\"https:\/\/floor-dynamics.com\/wp-content\/uploads\/2017\/09\/Qualidur.jpg\",\"contentUrl\":\"https:\/\/floor-dynamics.com\/wp-content\/uploads\/2017\/09\/Qualidur.jpg\",\"width\":1500,\"height\":589},{\"@type\":\"BreadcrumbList\",\"@id\":\"https:\/\/floor-dynamics.com\/fr\/assistance-technique\/dpc\/#breadcrumb\",\"itemListElement\":[{\"@type\":\"ListItem\",\"position\":1,\"name\":\"Home\",\"item\":\"https:\/\/floor-dynamics.com\/fr\/\"},{\"@type\":\"ListItem\",\"position\":2,\"name\":\"Assistance technique\",\"item\":\"https:\/\/floor-dynamics.com\/fr\/assistance-technique\/\"},{\"@type\":\"ListItem\",\"position\":3,\"name\":\"D\u00e9veloppement professionnel continu (DPC)\"}]},{\"@type\":\"WebSite\",\"@id\":\"https:\/\/floor-dynamics.com\/fr\/#website\",\"url\":\"https:\/\/floor-dynamics.com\/fr\/\",\"name\":\"Floor Dynamics\",\"description\":\"Understanding Floors. Optimising Logistics.\",\"potentialAction\":[{\"@type\":\"SearchAction\",\"target\":{\"@type\":\"EntryPoint\",\"urlTemplate\":\"https:\/\/floor-dynamics.com\/fr\/?s={search_term_string}\"},\"query-input\":{\"@type\":\"PropertyValueSpecification\",\"valueRequired\":true,\"valueName\":\"search_term_string\"}}],\"inLanguage\":\"fr-FR\"}]}<\/script>\n<!-- \/ Yoast SEO plugin. -->","yoast_head_json":{"title":"DPC Pour Les Architectes Et Les Ing\u00e9nieurs En Structure | S\u00e9minaires De Formation","description":"Nous offrons des s\u00e9minaires de formation technique et de DPC pour les architectes, les ing\u00e9nieurs en structure et les entrepreneurs, am\u00e9liorant ainsi leur connaissance du plancher de b\u00e9ton industriel.","robots":{"index":"index","follow":"follow","max-snippet":"max-snippet:-1","max-image-preview":"max-image-preview:large","max-video-preview":"max-video-preview:-1"},"canonical":"https:\/\/floor-dynamics.com\/fr\/assistance-technique\/dpc\/","og_locale":"fr_FR","og_type":"article","og_title":"DPC Pour Les Architectes Et Les Ing\u00e9nieurs En Structure | S\u00e9minaires De Formation","og_description":"Nous offrons des s\u00e9minaires de formation technique et de DPC pour les architectes, les ing\u00e9nieurs en structure et les entrepreneurs, am\u00e9liorant ainsi leur connaissance du plancher de b\u00e9ton industriel.","og_url":"https:\/\/floor-dynamics.com\/fr\/assistance-technique\/dpc\/","og_site_name":"Floor Dynamics","article_modified_time":"2018-07-26T16:29:37+00:00","og_image":[{"width":1500,"height":589,"url":"https:\/\/floor-dynamics.com\/wp-content\/uploads\/2017\/09\/Qualidur.jpg","type":"image\/jpeg"}],"twitter_card":"summary_large_image","twitter_misc":{"Dur\u00e9e de lecture estim\u00e9e":"1 minute"},"schema":{"@context":"https:\/\/schema.org","@graph":[{"@type":"WebPage","@id":"https:\/\/floor-dynamics.com\/fr\/assistance-technique\/dpc\/","url":"https:\/\/floor-dynamics.com\/fr\/assistance-technique\/dpc\/","name":"DPC Pour Les Architectes Et Les Ing\u00e9nieurs En Structure | S\u00e9minaires De Formation","isPartOf":{"@id":"https:\/\/floor-dynamics.com\/fr\/#website"},"primaryImageOfPage":{"@id":"https:\/\/floor-dynamics.com\/fr\/assistance-technique\/dpc\/#primaryimage"},"image":{"@id":"https:\/\/floor-dynamics.com\/fr\/assistance-technique\/dpc\/#primaryimage"},"thumbnailUrl":"https:\/\/floor-dynamics.com\/wp-content\/uploads\/2017\/09\/Qualidur.jpg","datePublished":"2017-09-12T14:59:55+00:00","dateModified":"2018-07-26T16:29:37+00:00","description":"Nous offrons des s\u00e9minaires de formation technique et de DPC pour les architectes, les ing\u00e9nieurs en structure et les entrepreneurs, am\u00e9liorant ainsi leur connaissance du plancher de b\u00e9ton industriel.","breadcrumb":{"@id":"https:\/\/floor-dynamics.com\/fr\/assistance-technique\/dpc\/#breadcrumb"},"inLanguage":"fr-FR","potentialAction":[{"@type":"ReadAction","target":["https:\/\/floor-dynamics.com\/fr\/assistance-technique\/dpc\/"]}]},{"@type":"ImageObject","inLanguage":"fr-FR","@id":"https:\/\/floor-dynamics.com\/fr\/assistance-technique\/dpc\/#primaryimage","url":"https:\/\/floor-dynamics.com\/wp-content\/uploads\/2017\/09\/Qualidur.jpg","contentUrl":"https:\/\/floor-dynamics.com\/wp-content\/uploads\/2017\/09\/Qualidur.jpg","width":1500,"height":589},{"@type":"BreadcrumbList","@id":"https:\/\/floor-dynamics.com\/fr\/assistance-technique\/dpc\/#breadcrumb","itemListElement":[{"@type":"ListItem","position":1,"name":"Home","item":"https:\/\/floor-dynamics.com\/fr\/"},{"@type":"ListItem","position":2,"name":"Assistance technique","item":"https:\/\/floor-dynamics.com\/fr\/assistance-technique\/"},{"@type":"ListItem","position":3,"name":"D\u00e9veloppement professionnel continu (DPC)"}]},{"@type":"WebSite","@id":"https:\/\/floor-dynamics.com\/fr\/#website","url":"https:\/\/floor-dynamics.com\/fr\/","name":"Floor Dynamics","description":"Understanding Floors. Optimising Logistics.","potentialAction":[{"@type":"SearchAction","target":{"@type":"EntryPoint","urlTemplate":"https:\/\/floor-dynamics.com\/fr\/?s={search_term_string}"},"query-input":{"@type":"PropertyValueSpecification","valueRequired":true,"valueName":"search_term_string"}}],"inLanguage":"fr-FR"}]}},"_links":{"self":[{"href":"https:\/\/floor-dynamics.com\/fr\/wp-json\/wp\/v2\/pages\/2640","targetHints":{"allow":["GET"]}}],"collection":[{"href":"https:\/\/floor-dynamics.com\/fr\/wp-json\/wp\/v2\/pages"}],"about":[{"href":"https:\/\/floor-dynamics.com\/fr\/wp-json\/wp\/v2\/types\/page"}],"author":[{"embeddable":true,"href":"https:\/\/floor-dynamics.com\/fr\/wp-json\/wp\/v2\/users\/5"}],"replies":[{"embeddable":true,"href":"https:\/\/floor-dynamics.com\/fr\/wp-json\/wp\/v2\/comments?post=2640"}],"version-history":[{"count":7,"href":"https:\/\/floor-dynamics.com\/fr\/wp-json\/wp\/v2\/pages\/2640\/revisions"}],"predecessor-version":[{"id":3309,"href":"https:\/\/floor-dynamics.com\/fr\/wp-json\/wp\/v2\/pages\/2640\/revisions\/3309"}],"up":[{"embeddable":true,"href":"https:\/\/floor-dynamics.com\/fr\/wp-json\/wp\/v2\/pages\/2634"}],"wp:featuredmedia":[{"embeddable":true,"href":"https:\/\/floor-dynamics.com\/fr\/wp-json\/wp\/v2\/media\/2389"}],"wp:attachment":[{"href":"https:\/\/floor-dynamics.com\/fr\/wp-json\/wp\/v2\/media?parent=2640"}],"curies":[{"name":"wp","href":"https:\/\/api.w.org\/{rel}","templated":true}]}}