{"id":4214,"date":"2020-06-10T08:07:37","date_gmt":"2020-06-10T07:07:37","guid":{"rendered":"https:\/\/floor-dynamics.com\/blog\/"},"modified":"2020-09-09T09:14:06","modified_gmt":"2020-09-09T08:14:06","slug":"blog","status":"publish","type":"page","link":"https:\/\/floor-dynamics.com\/fr\/blog\/","title":{"rendered":"BLOG"},"content":{"rendered":"<div id=\"pl-4214\"  class=\"panel-layout\" ><div id=\"pg-4214-0\"  class=\"panel-grid panel-has-style\" ><div class=\"siteorigin-panels-stretch panel-row-style panel-row-style-for-4214-0\" data-stretch-type=\"full\" ><div id=\"pgc-4214-0-0\"  class=\"panel-grid-cell panel-grid-cell-empty\" ><\/div><\/div><\/div><div id=\"pg-4214-1\"  class=\"panel-grid panel-has-style\" ><div class=\"panel-row-style panel-row-style-for-4214-1\" ><div id=\"pgc-4214-1-0\"  class=\"panel-grid-cell\" ><div id=\"panel-4214-1-0-0\" class=\"so-panel widget widget_sow-post-carousel panel-first-child panel-last-child\" data-index=\"0\" ><div\n\t\t\t\n\t\t\tclass=\"so-widget-sow-post-carousel so-widget-sow-post-carousel-base-da7005c8f577-4214\"\n\t\t\t\n\t\t>\t<div\n\t\tclass=\"sow-post-carousel-wrapper sow-post-carousel-theme-base\"\n\t\tstyle=\"overflow: hidden; max-width: 100%; min-height: 300px\"\n\t>\n\t\t<div class=\"sow-carousel-title\">\n\t\t\t<div class=\"sow-carousel-navigation \">\n\t\t\t\t\t\t<a href=\"#\" class=\"sow-carousel-next\" title=\"Suivant\" aria-label=\"Next Posts\" role=\"button\"><\/a>\n\t\t\t\t\t\t<a href=\"#\" class=\"sow-carousel-previous\" title=\"Pr\u00e9c\u00e9dent\" aria-label=\"Previous Posts\" role=\"button\"><\/a>\n\t\t\t\t\t<\/div>\n\t<\/div>\n\n<div class=\"sow-carousel-container \">\n\t\t<div class=\"sow-carousel-wrapper\"\n\t\tdata-dir=\"ltr\"\n\t\tstyle=\"opacity: 0;\"\n\t\tdata-widget=\"post\" data-fetching=\"false\" data-page=\"1\" data-ajax-url=\"https:\/\/floor-dynamics.com\/wp-admin\/admin-ajax.php?_widgets_nonce=3c21633fc0\" data-item_count=\"6\" data-carousel_settings=\"{&quot;loop&quot;:true,&quot;animation&quot;:&quot;Ease&quot;,&quot;animation_speed&quot;:400,&quot;autoplay&quot;:&quot;&quot;,&quot;pauseOnHover&quot;:&quot;&quot;,&quot;autoplaySpeed&quot;:8000,&quot;item_overflow&quot;:true,&quot;autoplay_continuous_scroll&quot;:false}\" data-responsive=\"{&quot;desktop_slides_to_scroll&quot;:1,&quot;tablet_landscape_breakpoint&quot;:1366,&quot;tablet_landscape_slides_to_scroll&quot;:2,&quot;tablet_portrait_breakpoint&quot;:1025,&quot;tablet_portrait_slides_to_scroll&quot;:2,&quot;mobile_breakpoint&quot;:480,&quot;mobile_slides_to_scroll&quot;:1}\" data-variable_width=\"true\" \t>\n\t\t<div\n\t\t\tclass=\"sow-carousel-items\"\n\t\t\t\t\t>\n\t\t\t\t<div class=\"sow-carousel-item\" tabindex=\"-1\" style=\"float: left;\">\n\t\t<div class=\"sow-carousel-thumbnail\">\n\t\t\t\t\t\t\t<a\n\t\t\t\t\thref=\"https:\/\/floor-dynamics.com\/fr\/sols-industriels-en-beton-du-21eme-siecle\/\"\n\t\t\t\t\t\t\t\t\t\tstyle=\"background-image: url( https:\/\/floor-dynamics.com\/wp-content\/uploads\/2020\/10\/Floors-21st-Century-FD-400x300.png )\"\n\t\t\t\t\taria-labelledby=\"sow-carousel-id-4444\"\n\t\t\t\t\ttabindex=\"-1\"\n\t\t\t\t>\n\t\t\t\t\t<span class=\"overlay\"><\/span>\n\t\t\t\t<\/a>\n\t\t\t\t\t<\/div>\n\t\t<h3 class=\"sow-carousel-item-title\">\n\t\t\t<a\n\t\t\t\thref=\"https:\/\/floor-dynamics.com\/fr\/sols-industriels-en-beton-du-21eme-siecle\/\"\n\t\t\t\tid=\"sow-carousel-id-4444\"\n\t\t\t\t\t\t\t\ttabindex=\"-1\"\n\t\t\t>\n\n\t\t\t\tSols industriels en b\u00e9ton du 21\u00e8me si\u00e8cle\t\t\t<\/a>\n\t\t<\/h3>\n\t<\/div>\n\t\t<div class=\"sow-carousel-item\" tabindex=\"-1\" style=\"float: left;\">\n\t\t<div class=\"sow-carousel-thumbnail\">\n\t\t\t\t\t\t\t<a\n\t\t\t\t\thref=\"https:\/\/floor-dynamics.com\/fr\/scan-laser-3d-belles-images-en-couleur-ou-cartographie-haute-definition\/\"\n\t\t\t\t\t\t\t\t\t\tstyle=\"background-image: url( https:\/\/floor-dynamics.com\/wp-content\/uploads\/2020\/10\/article5-EN-1-400x300.jpg )\"\n\t\t\t\t\taria-labelledby=\"sow-carousel-id-4391\"\n\t\t\t\t\ttabindex=\"-1\"\n\t\t\t\t>\n\t\t\t\t\t<span class=\"overlay\"><\/span>\n\t\t\t\t<\/a>\n\t\t\t\t\t<\/div>\n\t\t<h3 class=\"sow-carousel-item-title\">\n\t\t\t<a\n\t\t\t\thref=\"https:\/\/floor-dynamics.com\/fr\/scan-laser-3d-belles-images-en-couleur-ou-cartographie-haute-definition\/\"\n\t\t\t\tid=\"sow-carousel-id-4391\"\n\t\t\t\t\t\t\t\ttabindex=\"-1\"\n\t\t\t>\n\n\t\t\t\tScan laser 3D &#8211; Belles images en couleur ou cartographie haute d\u00e9finition ?\t\t\t<\/a>\n\t\t<\/h3>\n\t<\/div>\n\t\t<div class=\"sow-carousel-item\" tabindex=\"-1\" style=\"float: left;\">\n\t\t<div class=\"sow-carousel-thumbnail\">\n\t\t\t\t\t\t\t<a\n\t\t\t\t\thref=\"https:\/\/floor-dynamics.com\/fr\/origine-et-evolutions-des-specifications-et-normes-pour-les-sols-industriels\/\"\n\t\t\t\t\t\t\t\t\t\tstyle=\"background-image: url( https:\/\/floor-dynamics.com\/wp-content\/uploads\/2020\/07\/article-4_10-400x300.jpg )\"\n\t\t\t\t\taria-labelledby=\"sow-carousel-id-4307\"\n\t\t\t\t\ttabindex=\"-1\"\n\t\t\t\t>\n\t\t\t\t\t<span class=\"overlay\"><\/span>\n\t\t\t\t<\/a>\n\t\t\t\t\t<\/div>\n\t\t<h3 class=\"sow-carousel-item-title\">\n\t\t\t<a\n\t\t\t\thref=\"https:\/\/floor-dynamics.com\/fr\/origine-et-evolutions-des-specifications-et-normes-pour-les-sols-industriels\/\"\n\t\t\t\tid=\"sow-carousel-id-4307\"\n\t\t\t\t\t\t\t\ttabindex=\"-1\"\n\t\t\t>\n\n\t\t\t\tOrigine et \u00e9volutions des sp\u00e9cifications et normes pour les sols industriels\t\t\t<\/a>\n\t\t<\/h3>\n\t<\/div>\n\t\t<div class=\"sow-carousel-item\" tabindex=\"-1\" style=\"float: left;\">\n\t\t<div class=\"sow-carousel-thumbnail\">\n\t\t\t\t\t\t\t<a\n\t\t\t\t\thref=\"https:\/\/floor-dynamics.com\/fr\/quel-scanner-laser-3d-doit-on-utiliser-pour-mesurer-la-regularite-de-la-surface-dun-sol-industriel\/\"\n\t\t\t\t\t\t\t\t\t\tstyle=\"background-image: url( https:\/\/floor-dynamics.com\/wp-content\/uploads\/2020\/09\/article-3_2fr-400x300.jpg )\"\n\t\t\t\t\taria-labelledby=\"sow-carousel-id-4248\"\n\t\t\t\t\ttabindex=\"-1\"\n\t\t\t\t>\n\t\t\t\t\t<span class=\"overlay\"><\/span>\n\t\t\t\t<\/a>\n\t\t\t\t\t<\/div>\n\t\t<h3 class=\"sow-carousel-item-title\">\n\t\t\t<a\n\t\t\t\thref=\"https:\/\/floor-dynamics.com\/fr\/quel-scanner-laser-3d-doit-on-utiliser-pour-mesurer-la-regularite-de-la-surface-dun-sol-industriel\/\"\n\t\t\t\tid=\"sow-carousel-id-4248\"\n\t\t\t\t\t\t\t\ttabindex=\"-1\"\n\t\t\t>\n\n\t\t\t\tQuel scanner laser 3D doit-on utiliser pour mesurer la r\u00e9gularit\u00e9 de la surface d\u2019un sol industriel ?\t\t\t<\/a>\n\t\t<\/h3>\n\t<\/div>\n\t\t<div class=\"sow-carousel-item\" tabindex=\"-1\" style=\"float: left;\">\n\t\t<div class=\"sow-carousel-thumbnail\">\n\t\t\t\t\t\t\t<a\n\t\t\t\t\thref=\"https:\/\/floor-dynamics.com\/fr\/regularite-de-surface-ou-planeite-des-sols-industriels\/\"\n\t\t\t\t\t\t\t\t\t\tstyle=\"background-image: url( https:\/\/floor-dynamics.com\/wp-content\/uploads\/2020\/09\/article-2-3fr-400x300.jpg )\"\n\t\t\t\t\taria-labelledby=\"sow-carousel-id-4230\"\n\t\t\t\t\ttabindex=\"-1\"\n\t\t\t\t>\n\t\t\t\t\t<span class=\"overlay\"><\/span>\n\t\t\t\t<\/a>\n\t\t\t\t\t<\/div>\n\t\t<h3 class=\"sow-carousel-item-title\">\n\t\t\t<a\n\t\t\t\thref=\"https:\/\/floor-dynamics.com\/fr\/regularite-de-surface-ou-planeite-des-sols-industriels\/\"\n\t\t\t\tid=\"sow-carousel-id-4230\"\n\t\t\t\t\t\t\t\ttabindex=\"-1\"\n\t\t\t>\n\n\t\t\t\tR\u00c9GULARIT\u00c9 DE SURFACE OU PLAN\u00c9IT\u00c9 DES SOLS INDUSTRIELS ?\t\t\t<\/a>\n\t\t<\/h3>\n\t<\/div>\n\t\t<div class=\"sow-carousel-item\" tabindex=\"-1\" style=\"float: left;\">\n\t\t<div class=\"sow-carousel-thumbnail\">\n\t\t\t\t\t\t\t<a\n\t\t\t\t\thref=\"https:\/\/floor-dynamics.com\/fr\/effet-de-la-regularite-de-la-surface-du-sol-sur-la-robotisation-des-entrepots\/\"\n\t\t\t\t\t\t\t\t\t\tstyle=\"background-image: url( https:\/\/floor-dynamics.com\/wp-content\/uploads\/2020\/06\/article-1-400x300.jpg )\"\n\t\t\t\t\taria-labelledby=\"sow-carousel-id-4201\"\n\t\t\t\t\ttabindex=\"-1\"\n\t\t\t\t>\n\t\t\t\t\t<span class=\"overlay\"><\/span>\n\t\t\t\t<\/a>\n\t\t\t\t\t<\/div>\n\t\t<h3 class=\"sow-carousel-item-title\">\n\t\t\t<a\n\t\t\t\thref=\"https:\/\/floor-dynamics.com\/fr\/effet-de-la-regularite-de-la-surface-du-sol-sur-la-robotisation-des-entrepots\/\"\n\t\t\t\tid=\"sow-carousel-id-4201\"\n\t\t\t\t\t\t\t\ttabindex=\"-1\"\n\t\t\t>\n\n\t\t\t\tEffet de la r\u00e9gularit\u00e9 de la surface du sol sur la robotisation des entrep\u00f4ts\t\t\t<\/a>\n\t\t<\/h3>\n\t<\/div>\n\t\t\t<\/div>\n\t\t\t<\/div>\n\n\t<\/div>\n\t\t<input type=\"hidden\" name=\"instance_hash\" value=\"5827cf69\"\/>\n\t<\/div>\n<\/div><\/div><\/div><\/div><\/div><div id=\"pg-4214-2\"  class=\"panel-grid panel-has-style\" ><div class=\"panel-row-style panel-row-style-for-4214-2\" ><div id=\"pgc-4214-2-0\"  class=\"panel-grid-cell\" ><div id=\"panel-4214-2-0-0\" class=\"so-panel widget widget_siteorigin-panels-postloop panel-first-child panel-last-child\" data-index=\"1\" >\n\n\n\n\n\t<div class=\"small-12 medium-4 columns column-block technical-post\">\n\t  \t<a href=\"https:\/\/floor-dynamics.com\/fr\/sols-industriels-en-beton-du-21eme-siecle\/\">\n\t\t\t<div class=\"featured-image\" style=\"background-image: url(https:\/\/floor-dynamics.com\/wp-content\/uploads\/2020\/10\/Floors-21st-Century-FD-400x300.png)\"><\/div>\n\t\t<\/a>\n\t  \t<div class=\"post-text\">\n\t\t  \t<div class=\"post-title\"><a href=\"https:\/\/floor-dynamics.com\/fr\/sols-industriels-en-beton-du-21eme-siecle\/\">Sols industriels en b\u00e9ton du 21\u00e8me si\u00e8cle<\/a><\/div>\n\t\t<\/div>\n\t<\/div>\n\n\n\n\t<div class=\"small-12 medium-4 columns column-block technical-post\">\n\t  \t<a href=\"https:\/\/floor-dynamics.com\/fr\/scan-laser-3d-belles-images-en-couleur-ou-cartographie-haute-definition\/\">\n\t\t\t<div class=\"featured-image\" style=\"background-image: url(https:\/\/floor-dynamics.com\/wp-content\/uploads\/2020\/10\/article5-EN-1-400x300.jpg)\"><\/div>\n\t\t<\/a>\n\t  \t<div class=\"post-text\">\n\t\t  \t<div class=\"post-title\"><a href=\"https:\/\/floor-dynamics.com\/fr\/scan-laser-3d-belles-images-en-couleur-ou-cartographie-haute-definition\/\">Scan laser 3D &#8211; Belles images en couleur ou cartographie haute d\u00e9finition ?<\/a><\/div>\n\t\t<\/div>\n\t<\/div>\n\n\n\n\t<div class=\"small-12 medium-4 columns column-block technical-post\">\n\t  \t<a href=\"https:\/\/floor-dynamics.com\/fr\/origine-et-evolutions-des-specifications-et-normes-pour-les-sols-industriels\/\">\n\t\t\t<div class=\"featured-image\" style=\"background-image: url(https:\/\/floor-dynamics.com\/wp-content\/uploads\/2020\/07\/article-4_10-400x300.jpg)\"><\/div>\n\t\t<\/a>\n\t  \t<div class=\"post-text\">\n\t\t  \t<div class=\"post-title\"><a href=\"https:\/\/floor-dynamics.com\/fr\/origine-et-evolutions-des-specifications-et-normes-pour-les-sols-industriels\/\">Origine et \u00e9volutions des sp\u00e9cifications et normes pour les sols industriels<\/a><\/div>\n\t\t<\/div>\n\t<\/div>\n\n\n\n\t<div class=\"small-12 medium-4 columns column-block technical-post\">\n\t  \t<a href=\"https:\/\/floor-dynamics.com\/fr\/quel-scanner-laser-3d-doit-on-utiliser-pour-mesurer-la-regularite-de-la-surface-dun-sol-industriel\/\">\n\t\t\t<div class=\"featured-image\" style=\"background-image: url(https:\/\/floor-dynamics.com\/wp-content\/uploads\/2020\/09\/article-3_2fr-400x300.jpg)\"><\/div>\n\t\t<\/a>\n\t  \t<div class=\"post-text\">\n\t\t  \t<div class=\"post-title\"><a href=\"https:\/\/floor-dynamics.com\/fr\/quel-scanner-laser-3d-doit-on-utiliser-pour-mesurer-la-regularite-de-la-surface-dun-sol-industriel\/\">Quel scanner laser 3D doit-on utiliser pour mesurer la r\u00e9gularit\u00e9 de la surface d\u2019un sol industriel ?<\/a><\/div>\n\t\t<\/div>\n\t<\/div>\n\n\n\n\t<div class=\"small-12 medium-4 columns column-block technical-post\">\n\t  \t<a href=\"https:\/\/floor-dynamics.com\/fr\/regularite-de-surface-ou-planeite-des-sols-industriels\/\">\n\t\t\t<div class=\"featured-image\" style=\"background-image: url(https:\/\/floor-dynamics.com\/wp-content\/uploads\/2020\/09\/article-2-3fr-400x300.jpg)\"><\/div>\n\t\t<\/a>\n\t  \t<div class=\"post-text\">\n\t\t  \t<div class=\"post-title\"><a href=\"https:\/\/floor-dynamics.com\/fr\/regularite-de-surface-ou-planeite-des-sols-industriels\/\">R\u00c9GULARIT\u00c9 DE SURFACE OU PLAN\u00c9IT\u00c9 DES SOLS INDUSTRIELS ?<\/a><\/div>\n\t\t<\/div>\n\t<\/div>\n\n<\/div><\/div><\/div><\/div><\/div>","protected":false},"excerpt":{"rendered":"<p>Sols industriels en b\u00e9ton du 21\u00e8me si\u00e8cle Scan laser 3D &#8211; Belles images en couleur ou cartographie haute d\u00e9finition ? Origine et \u00e9volutions des sp\u00e9cifications et normes pour les sols industriels Quel scanner laser 3D doit-on utiliser pour mesurer la&#8230;<\/p>\n","protected":false},"author":5,"featured_media":2362,"parent":0,"menu_order":0,"comment_status":"closed","ping_status":"closed","template":"","meta":{"_acf_changed":false,"footnotes":""},"class_list":["post-4214","page","type-page","status-publish","has-post-thumbnail","hentry"],"acf":[],"yoast_head":"<!-- This site is optimized with the Yoast SEO plugin v27.3 - https:\/\/yoast.com\/product\/yoast-seo-wordpress\/ -->\n<title>BLOG - Floor Dynamics<\/title>\n<meta name=\"robots\" content=\"index, follow, max-snippet:-1, max-image-preview:large, max-video-preview:-1\" \/>\n<link rel=\"canonical\" href=\"https:\/\/floor-dynamics.com\/fr\/blog\/\" \/>\n<meta property=\"og:locale\" content=\"fr_FR\" \/>\n<meta property=\"og:type\" content=\"article\" \/>\n<meta property=\"og:title\" content=\"BLOG - Floor Dynamics\" \/>\n<meta property=\"og:description\" content=\"Sols industriels en b\u00e9ton du 21\u00e8me si\u00e8cle Scan laser 3D &#8211; Belles images en couleur ou cartographie haute d\u00e9finition ? Origine et \u00e9volutions des sp\u00e9cifications et normes pour les sols industriels Quel scanner laser 3D doit-on utiliser pour mesurer la...\" \/>\n<meta property=\"og:url\" content=\"https:\/\/floor-dynamics.com\/fr\/blog\/\" \/>\n<meta property=\"og:site_name\" content=\"Floor Dynamics\" \/>\n<meta property=\"article:modified_time\" content=\"2020-09-09T08:14:06+00:00\" \/>\n<meta property=\"og:image\" content=\"https:\/\/floor-dynamics.com\/wp-content\/uploads\/2017\/09\/DKV-Ratingen_2.jpg\" \/>\n\t<meta property=\"og:image:width\" content=\"1024\" \/>\n\t<meta property=\"og:image:height\" content=\"593\" \/>\n\t<meta property=\"og:image:type\" content=\"image\/jpeg\" \/>\n<meta name=\"twitter:card\" content=\"summary_large_image\" \/>\n<script type=\"application\/ld+json\" class=\"yoast-schema-graph\">{\"@context\":\"https:\\\/\\\/schema.org\",\"@graph\":[{\"@type\":\"WebPage\",\"@id\":\"https:\\\/\\\/floor-dynamics.com\\\/fr\\\/blog\\\/\",\"url\":\"https:\\\/\\\/floor-dynamics.com\\\/fr\\\/blog\\\/\",\"name\":\"BLOG - Floor Dynamics\",\"isPartOf\":{\"@id\":\"https:\\\/\\\/floor-dynamics.com\\\/fr\\\/#website\"},\"primaryImageOfPage\":{\"@id\":\"https:\\\/\\\/floor-dynamics.com\\\/fr\\\/blog\\\/#primaryimage\"},\"image\":{\"@id\":\"https:\\\/\\\/floor-dynamics.com\\\/fr\\\/blog\\\/#primaryimage\"},\"thumbnailUrl\":\"https:\\\/\\\/floor-dynamics.com\\\/wp-content\\\/uploads\\\/2017\\\/09\\\/DKV-Ratingen_2.jpg\",\"datePublished\":\"2020-06-10T07:07:37+00:00\",\"dateModified\":\"2020-09-09T08:14:06+00:00\",\"breadcrumb\":{\"@id\":\"https:\\\/\\\/floor-dynamics.com\\\/fr\\\/blog\\\/#breadcrumb\"},\"inLanguage\":\"fr-FR\",\"potentialAction\":[{\"@type\":\"ReadAction\",\"target\":[\"https:\\\/\\\/floor-dynamics.com\\\/fr\\\/blog\\\/\"]}]},{\"@type\":\"ImageObject\",\"inLanguage\":\"fr-FR\",\"@id\":\"https:\\\/\\\/floor-dynamics.com\\\/fr\\\/blog\\\/#primaryimage\",\"url\":\"https:\\\/\\\/floor-dynamics.com\\\/wp-content\\\/uploads\\\/2017\\\/09\\\/DKV-Ratingen_2.jpg\",\"contentUrl\":\"https:\\\/\\\/floor-dynamics.com\\\/wp-content\\\/uploads\\\/2017\\\/09\\\/DKV-Ratingen_2.jpg\",\"width\":1024,\"height\":593},{\"@type\":\"BreadcrumbList\",\"@id\":\"https:\\\/\\\/floor-dynamics.com\\\/fr\\\/blog\\\/#breadcrumb\",\"itemListElement\":[{\"@type\":\"ListItem\",\"position\":1,\"name\":\"Home\",\"item\":\"https:\\\/\\\/floor-dynamics.com\\\/fr\\\/\"},{\"@type\":\"ListItem\",\"position\":2,\"name\":\"BLOG\"}]},{\"@type\":\"WebSite\",\"@id\":\"https:\\\/\\\/floor-dynamics.com\\\/fr\\\/#website\",\"url\":\"https:\\\/\\\/floor-dynamics.com\\\/fr\\\/\",\"name\":\"Floor Dynamics\",\"description\":\"Understanding Floors. Optimising Logistics.\",\"potentialAction\":[{\"@type\":\"SearchAction\",\"target\":{\"@type\":\"EntryPoint\",\"urlTemplate\":\"https:\\\/\\\/floor-dynamics.com\\\/fr\\\/?s={search_term_string}\"},\"query-input\":{\"@type\":\"PropertyValueSpecification\",\"valueRequired\":true,\"valueName\":\"search_term_string\"}}],\"inLanguage\":\"fr-FR\"}]}<\/script>\n<!-- \/ Yoast SEO plugin. -->","yoast_head_json":{"title":"BLOG - Floor Dynamics","robots":{"index":"index","follow":"follow","max-snippet":"max-snippet:-1","max-image-preview":"max-image-preview:large","max-video-preview":"max-video-preview:-1"},"canonical":"https:\/\/floor-dynamics.com\/fr\/blog\/","og_locale":"fr_FR","og_type":"article","og_title":"BLOG - Floor Dynamics","og_description":"Sols industriels en b\u00e9ton du 21\u00e8me si\u00e8cle Scan laser 3D &#8211; Belles images en couleur ou cartographie haute d\u00e9finition ? Origine et \u00e9volutions des sp\u00e9cifications et normes pour les sols industriels Quel scanner laser 3D doit-on utiliser pour mesurer la...","og_url":"https:\/\/floor-dynamics.com\/fr\/blog\/","og_site_name":"Floor Dynamics","article_modified_time":"2020-09-09T08:14:06+00:00","og_image":[{"width":1024,"height":593,"url":"https:\/\/floor-dynamics.com\/wp-content\/uploads\/2017\/09\/DKV-Ratingen_2.jpg","type":"image\/jpeg"}],"twitter_card":"summary_large_image","schema":{"@context":"https:\/\/schema.org","@graph":[{"@type":"WebPage","@id":"https:\/\/floor-dynamics.com\/fr\/blog\/","url":"https:\/\/floor-dynamics.com\/fr\/blog\/","name":"BLOG - Floor Dynamics","isPartOf":{"@id":"https:\/\/floor-dynamics.com\/fr\/#website"},"primaryImageOfPage":{"@id":"https:\/\/floor-dynamics.com\/fr\/blog\/#primaryimage"},"image":{"@id":"https:\/\/floor-dynamics.com\/fr\/blog\/#primaryimage"},"thumbnailUrl":"https:\/\/floor-dynamics.com\/wp-content\/uploads\/2017\/09\/DKV-Ratingen_2.jpg","datePublished":"2020-06-10T07:07:37+00:00","dateModified":"2020-09-09T08:14:06+00:00","breadcrumb":{"@id":"https:\/\/floor-dynamics.com\/fr\/blog\/#breadcrumb"},"inLanguage":"fr-FR","potentialAction":[{"@type":"ReadAction","target":["https:\/\/floor-dynamics.com\/fr\/blog\/"]}]},{"@type":"ImageObject","inLanguage":"fr-FR","@id":"https:\/\/floor-dynamics.com\/fr\/blog\/#primaryimage","url":"https:\/\/floor-dynamics.com\/wp-content\/uploads\/2017\/09\/DKV-Ratingen_2.jpg","contentUrl":"https:\/\/floor-dynamics.com\/wp-content\/uploads\/2017\/09\/DKV-Ratingen_2.jpg","width":1024,"height":593},{"@type":"BreadcrumbList","@id":"https:\/\/floor-dynamics.com\/fr\/blog\/#breadcrumb","itemListElement":[{"@type":"ListItem","position":1,"name":"Home","item":"https:\/\/floor-dynamics.com\/fr\/"},{"@type":"ListItem","position":2,"name":"BLOG"}]},{"@type":"WebSite","@id":"https:\/\/floor-dynamics.com\/fr\/#website","url":"https:\/\/floor-dynamics.com\/fr\/","name":"Floor Dynamics","description":"Understanding Floors. Optimising Logistics.","potentialAction":[{"@type":"SearchAction","target":{"@type":"EntryPoint","urlTemplate":"https:\/\/floor-dynamics.com\/fr\/?s={search_term_string}"},"query-input":{"@type":"PropertyValueSpecification","valueRequired":true,"valueName":"search_term_string"}}],"inLanguage":"fr-FR"}]}},"_links":{"self":[{"href":"https:\/\/floor-dynamics.com\/fr\/wp-json\/wp\/v2\/pages\/4214","targetHints":{"allow":["GET"]}}],"collection":[{"href":"https:\/\/floor-dynamics.com\/fr\/wp-json\/wp\/v2\/pages"}],"about":[{"href":"https:\/\/floor-dynamics.com\/fr\/wp-json\/wp\/v2\/types\/page"}],"author":[{"embeddable":true,"href":"https:\/\/floor-dynamics.com\/fr\/wp-json\/wp\/v2\/users\/5"}],"replies":[{"embeddable":true,"href":"https:\/\/floor-dynamics.com\/fr\/wp-json\/wp\/v2\/comments?post=4214"}],"version-history":[{"count":5,"href":"https:\/\/floor-dynamics.com\/fr\/wp-json\/wp\/v2\/pages\/4214\/revisions"}],"predecessor-version":[{"id":4223,"href":"https:\/\/floor-dynamics.com\/fr\/wp-json\/wp\/v2\/pages\/4214\/revisions\/4223"}],"wp:featuredmedia":[{"embeddable":true,"href":"https:\/\/floor-dynamics.com\/fr\/wp-json\/wp\/v2\/media\/2362"}],"wp:attachment":[{"href":"https:\/\/floor-dynamics.com\/fr\/wp-json\/wp\/v2\/media?parent=4214"}],"curies":[{"name":"wp","href":"https:\/\/api.w.org\/{rel}","templated":true}]}}